{"id":290866,"date":"2025-08-02T00:48:26","date_gmt":"2025-08-01T22:48:26","guid":{"rendered":"https:\/\/www.huntersfriend.eu\/product\/sitka-truckerkeps-for-dam\/"},"modified":"2025-09-23T13:14:11","modified_gmt":"2025-09-23T11:14:11","slug":"sitka-truckerkeps-for-dam","status":"publish","type":"product","link":"https:\/\/www.huntersfriend.eu\/sv\/produkt\/sitka-truckerkeps-for-dam\/","title":{"rendered":"SITKA Truckerkeps f\u00f6r dam"},"content":{"rendered":"<p>Denna truckerkeps f\u00f6r dam finns i tre OPTIFADE\u2122-m\u00f6nster, har en platt sk\u00e4rm och mesh-baksida f\u00f6r \u00f6kad andningsf\u00f6rm\u00e5ga. Damspecifik profil f\u00f6r en mer str\u00f6mlinjeformad passform. <\/p>\n<ul class=\"jsx-1027194987 space-y-4 list-disc\">\n<li class=\"jsx-1027194987 remove-marker mt-[24px] md:mt-[60px]\">\n<div class=\"feature_item\">Strukturerad truckerkepsdesign med h\u00f6g profil<\/div>\n<div class=\"feature_item\">Snapback-st\u00e4ngning<\/div>\n<div class=\"feature_item\">One Size Fits All passar 58 cm, eller hattstorlek 7 1\/4<\/div>\n<\/li>\n<\/ul>\n","protected":false},"excerpt":{"rendered":"<p>Denna truckerkeps f\u00f6r dam finns i tre OPTIFADE\u2122-m\u00f6nster, har en platt sk\u00e4rm och mesh-baksida f\u00f6r \u00f6kad andningsf\u00f6rm\u00e5ga. Damspecifik profil f\u00f6r en mer str\u00f6mlinjeformad passform. Strukturerad truckerkepsdesign med h\u00f6g profil Snapback-st\u00e4ngning One Size Fits All passar 58 cm, eller hattstorlek 7 1\/4<\/p>\n","protected":false},"featured_media":290598,"comment_status":"open","ping_status":"closed","template":"","meta":[],"product_brand":[],"product_cat":[2710],"product_tag":[],"class_list":{"0":"post-290866","1":"product","2":"type-product","3":"status-publish","4":"has-post-thumbnail","6":"product_cat-jaktklader-for-dam","8":"first","9":"outofstock","10":"taxable","11":"shipping-taxable","12":"purchasable","13":"product-type-simple"},"composite_virtual":false,"composite_layout":"","composite_add_to_cart_form_location":"","composite_editable_in_cart":false,"composite_sold_individually_context":"","composite_shop_price_calc":"","composite_components":[],"composite_scenarios":[],"group_of_quantity":0,"min_quantity":0,"max_quantity":"","exclude_order_quantity_value_rules":"no","exclude_category_quantity_rules":"no","combine_variations":"no","exclude_global_add_ons":[],"addons":[],"_links":{"self":[{"href":"https:\/\/www.huntersfriend.eu\/sv\/wp-json\/wp\/v2\/product\/290866","targetHints":{"allow":["GET"]}}],"collection":[{"href":"https:\/\/www.huntersfriend.eu\/sv\/wp-json\/wp\/v2\/product"}],"about":[{"href":"https:\/\/www.huntersfriend.eu\/sv\/wp-json\/wp\/v2\/types\/product"}],"replies":[{"embeddable":true,"href":"https:\/\/www.huntersfriend.eu\/sv\/wp-json\/wp\/v2\/comments?post=290866"}],"wp:featuredmedia":[{"embeddable":true,"href":"https:\/\/www.huntersfriend.eu\/sv\/wp-json\/wp\/v2\/media\/290598"}],"wp:attachment":[{"href":"https:\/\/www.huntersfriend.eu\/sv\/wp-json\/wp\/v2\/media?parent=290866"}],"wp:term":[{"taxonomy":"product_brand","embeddable":true,"href":"https:\/\/www.huntersfriend.eu\/sv\/wp-json\/wp\/v2\/product_brand?post=290866"},{"taxonomy":"product_cat","embeddable":true,"href":"https:\/\/www.huntersfriend.eu\/sv\/wp-json\/wp\/v2\/product_cat?post=290866"},{"taxonomy":"product_tag","embeddable":true,"href":"https:\/\/www.huntersfriend.eu\/sv\/wp-json\/wp\/v2\/product_tag?post=290866"}],"curies":[{"name":"wp","href":"https:\/\/api.w.org\/{rel}","templated":true}]}}