{"id":290862,"date":"2025-08-02T00:48:27","date_gmt":"2025-08-01T22:48:27","guid":{"rendered":"https:\/\/www.huntersfriend.eu\/product\/sitka-traverse-hoodie-for-dam\/"},"modified":"2025-09-23T13:14:10","modified_gmt":"2025-09-23T11:14:10","slug":"sitka-traverse-hoodie-for-dam","status":"publish","type":"product","link":"https:\/\/www.huntersfriend.eu\/sv\/produkt\/sitka-traverse-hoodie-for-dam\/","title":{"rendered":"SITKA Traverse hoodie f\u00f6r dam"},"content":{"rendered":"<p>Vi hade komfort och m\u00e5ngsidighet i \u00e5tanke n\u00e4r vi designade Traverse Hoodie. Den har en Berberfleece-insida med h\u00f6g loft f\u00f6r en mjuk k\u00e4nsla som ger mycket v\u00e4rme, och l\u00e4ttare fleecepaneler p\u00e5 sidorna och underarmarna f\u00f6r en str\u00f6mlinjeformad passform. En ultratyst stickad polyester med en vattenavvisande yta som st\u00e5r emot l\u00e4tt nederb\u00f6rd. Materialen som anv\u00e4nds i denna hoodie \u00e4r tillverkade av \u00e5tervunna material.  <\/p>\n<p>Ultratyst stickat polyestermaterial med Berberfleece-insida med h\u00f6g loft<\/p>\n<p>Milj\u00f6medvetet material tillverkat av \u00e5tervunna material<\/p>\n<p>Placerade mellanviktiga fleecepaneler p\u00e5 sidorna och underarmarna f\u00f6r optimal komfort och r\u00f6relsefrihet<\/p>\n<p>Slitstark vattenavvisande yta som st\u00e5r emot l\u00e4tt nederb\u00f6rd och f\u00f6rhindrar att materialet blir bl\u00f6tt<\/p>\n<p>Handfickor med dragkedja ger s\u00e4ker f\u00f6rvaring<\/p>\n<p>Skulpterad huva som inte skymmer perifera synf\u00e4ltet<\/p>\n<p>Integrerad ansiktsmask f\u00f6r att d\u00f6lja<\/p>\n<p>L\u00e5gprofilerade tumh\u00e5l f\u00f6r enkel lageranv\u00e4ndning<\/p>\n<p>Total vikt: 680 g<\/p>\n<p>&nbsp;<\/p>\n","protected":false},"excerpt":{"rendered":"<p>Vi hade komfort och m\u00e5ngsidighet i \u00e5tanke n\u00e4r vi designade Traverse Hoodie. Den har en Berberfleece-insida med h\u00f6g loft f\u00f6r en mjuk k\u00e4nsla som ger mycket v\u00e4rme, och l\u00e4ttare fleecepaneler p\u00e5 sidorna och underarmarna f\u00f6r en str\u00f6mlinjeformad passform. En ultratyst stickad polyester med en vattenavvisande yta som st\u00e5r emot l\u00e4tt nederb\u00f6rd. Materialen som anv\u00e4nds i [&#8230;]\n","protected":false},"featured_media":290550,"comment_status":"open","ping_status":"closed","template":"","meta":[],"product_brand":[],"product_cat":[2710],"product_tag":[],"class_list":{"0":"post-290862","1":"product","2":"type-product","3":"status-publish","4":"has-post-thumbnail","6":"product_cat-jaktklader-for-dam","8":"first","9":"instock","10":"taxable","11":"shipping-taxable","12":"purchasable","13":"product-type-variable"},"composite_virtual":false,"composite_layout":"","composite_add_to_cart_form_location":"","composite_editable_in_cart":false,"composite_sold_individually_context":"","composite_shop_price_calc":"","composite_components":[],"composite_scenarios":[],"group_of_quantity":0,"min_quantity":0,"max_quantity":"","exclude_order_quantity_value_rules":"no","exclude_category_quantity_rules":"no","combine_variations":"no","exclude_global_add_ons":[],"addons":[],"_links":{"self":[{"href":"https:\/\/www.huntersfriend.eu\/sv\/wp-json\/wp\/v2\/product\/290862","targetHints":{"allow":["GET"]}}],"collection":[{"href":"https:\/\/www.huntersfriend.eu\/sv\/wp-json\/wp\/v2\/product"}],"about":[{"href":"https:\/\/www.huntersfriend.eu\/sv\/wp-json\/wp\/v2\/types\/product"}],"replies":[{"embeddable":true,"href":"https:\/\/www.huntersfriend.eu\/sv\/wp-json\/wp\/v2\/comments?post=290862"}],"wp:featuredmedia":[{"embeddable":true,"href":"https:\/\/www.huntersfriend.eu\/sv\/wp-json\/wp\/v2\/media\/290550"}],"wp:attachment":[{"href":"https:\/\/www.huntersfriend.eu\/sv\/wp-json\/wp\/v2\/media?parent=290862"}],"wp:term":[{"taxonomy":"product_brand","embeddable":true,"href":"https:\/\/www.huntersfriend.eu\/sv\/wp-json\/wp\/v2\/product_brand?post=290862"},{"taxonomy":"product_cat","embeddable":true,"href":"https:\/\/www.huntersfriend.eu\/sv\/wp-json\/wp\/v2\/product_cat?post=290862"},{"taxonomy":"product_tag","embeddable":true,"href":"https:\/\/www.huntersfriend.eu\/sv\/wp-json\/wp\/v2\/product_tag?post=290862"}],"curies":[{"name":"wp","href":"https:\/\/api.w.org\/{rel}","templated":true}]}}