{"id":290850,"date":"2025-08-02T00:48:26","date_gmt":"2025-08-01T22:48:26","guid":{"rendered":"https:\/\/www.huntersfriend.eu\/product\/sitka-traverse-handskar-for-dam\/"},"modified":"2025-09-23T13:14:07","modified_gmt":"2025-09-23T11:14:07","slug":"sitka-traverse-handskar-for-dam","status":"publish","type":"product","link":"https:\/\/www.huntersfriend.eu\/sv\/produkt\/sitka-traverse-handskar-for-dam\/","title":{"rendered":"SITKA Traverse-handskar f\u00f6r dam"},"content":{"rendered":"<p>Traverse-handsken \u00e4r designad f\u00f6r komfort utan att f\u00f6rs\u00e4mra fingerf\u00e4rdigheten och ger en mjuk, stretchig k\u00e4nsla. Tack vare peksk\u00e4rmskompatibiliteten kan du enkelt anv\u00e4nda din telefon eller GPS, medan ett l\u00e4tt silikontryck i handflatan ger grepp p\u00e5 din stegbock, ditt skjutvapen eller din pilb\u00e5ge. Tyger som anv\u00e4nds i handsken \u00e4r tillverkade av \u00e5tervunna material.  <\/p>\n<p>\u00c5tervunnet stretch-polyfleece-tyg (98 % \u00e5tervunnen polyester, 2 % elastan)<\/p>\n<p>Slitstark vattenavvisande finish som st\u00f6ter bort l\u00e4tt nederb\u00f6rd och motst\u00e5r fl\u00e4ckar<\/p>\n<p>Ax Suede-pekfinger och tumme som \u00e4r kompatibla med peksk\u00e4rmar<\/p>\n<p>L\u00e4tt silikontryck i handflatan f\u00f6r f\u00f6rb\u00e4ttrat grepp<\/p>\n<p>Total vikt: 57 g<\/p>\n","protected":false},"excerpt":{"rendered":"<p>Traverse-handsken \u00e4r designad f\u00f6r komfort utan att f\u00f6rs\u00e4mra fingerf\u00e4rdigheten och ger en mjuk, stretchig k\u00e4nsla. Tack vare peksk\u00e4rmskompatibiliteten kan du enkelt anv\u00e4nda din telefon eller GPS, medan ett l\u00e4tt silikontryck i handflatan ger grepp p\u00e5 din stegbock, ditt skjutvapen eller din pilb\u00e5ge. Tyger som anv\u00e4nds i handsken \u00e4r tillverkade av \u00e5tervunna material. \u00c5tervunnet stretch-polyfleece-tyg (98 [&#8230;]\n","protected":false},"featured_media":290566,"comment_status":"open","ping_status":"closed","template":"","meta":[],"product_brand":[],"product_cat":[2710],"product_tag":[],"class_list":{"0":"post-290850","1":"product","2":"type-product","3":"status-publish","4":"has-post-thumbnail","6":"product_cat-jaktklader-for-dam","8":"first","9":"instock","10":"taxable","11":"shipping-taxable","12":"purchasable","13":"product-type-variable"},"composite_virtual":false,"composite_layout":"","composite_add_to_cart_form_location":"","composite_editable_in_cart":false,"composite_sold_individually_context":"","composite_shop_price_calc":"","composite_components":[],"composite_scenarios":[],"group_of_quantity":0,"min_quantity":0,"max_quantity":"","exclude_order_quantity_value_rules":"no","exclude_category_quantity_rules":"no","combine_variations":"no","exclude_global_add_ons":[],"addons":[],"_links":{"self":[{"href":"https:\/\/www.huntersfriend.eu\/sv\/wp-json\/wp\/v2\/product\/290850","targetHints":{"allow":["GET"]}}],"collection":[{"href":"https:\/\/www.huntersfriend.eu\/sv\/wp-json\/wp\/v2\/product"}],"about":[{"href":"https:\/\/www.huntersfriend.eu\/sv\/wp-json\/wp\/v2\/types\/product"}],"replies":[{"embeddable":true,"href":"https:\/\/www.huntersfriend.eu\/sv\/wp-json\/wp\/v2\/comments?post=290850"}],"wp:featuredmedia":[{"embeddable":true,"href":"https:\/\/www.huntersfriend.eu\/sv\/wp-json\/wp\/v2\/media\/290566"}],"wp:attachment":[{"href":"https:\/\/www.huntersfriend.eu\/sv\/wp-json\/wp\/v2\/media?parent=290850"}],"wp:term":[{"taxonomy":"product_brand","embeddable":true,"href":"https:\/\/www.huntersfriend.eu\/sv\/wp-json\/wp\/v2\/product_brand?post=290850"},{"taxonomy":"product_cat","embeddable":true,"href":"https:\/\/www.huntersfriend.eu\/sv\/wp-json\/wp\/v2\/product_cat?post=290850"},{"taxonomy":"product_tag","embeddable":true,"href":"https:\/\/www.huntersfriend.eu\/sv\/wp-json\/wp\/v2\/product_tag?post=290850"}],"curies":[{"name":"wp","href":"https:\/\/api.w.org\/{rel}","templated":true}]}}