{"id":290842,"date":"2025-08-02T00:48:25","date_gmt":"2025-08-01T22:48:25","guid":{"rendered":"https:\/\/www.huntersfriend.eu\/product\/sitka-core-midweight-crew-ls-troja-for-dam\/"},"modified":"2025-09-23T13:13:58","modified_gmt":"2025-09-23T11:13:58","slug":"sitka-core-midweight-crew-ls-troja-for-dam","status":"publish","type":"product","link":"https:\/\/www.huntersfriend.eu\/sv\/produkt\/sitka-core-midweight-crew-ls-troja-for-dam\/","title":{"rendered":"SITKA Core Midweight Crew LS-tr\u00f6ja f\u00f6r dam"},"content":{"rendered":"<p>CORE Midweight Crew LS \u00e4r tillverkad med ett medeltjockt, bekv\u00e4mt stretchfleecefoder f\u00f6r att reglera din mikroklimat. Den \u00f6kar v\u00e4rmen f\u00f6r att h\u00e5lla dig i r\u00f6relse i svala temperaturer, samtidigt som den aktivt transporterar bort fukt fr\u00e5n huden f\u00f6r att h\u00e5lla dig torr och bekv\u00e4m. En l\u00e5ng, droppformad design ger extra v\u00e4rme och t\u00e4ckning, medan f\u00f6rskjutna s\u00f6mmar p\u00e5 axlarna f\u00f6rb\u00e4ttrar din r\u00f6relsefrihet och komfort n\u00e4r du b\u00e4r ryggs\u00e4ck. <\/p>\n<p>Vikt: 178,60 g \/\/ Storlek M<\/p>\n<p>Material: snabbtorkande, medeltjockt Comfort stretch-fleece (96 % polyester\/4 % elastan).<\/p>\n<p>Tumh\u00e5l: H\u00e5ller ditt isolerande lager p\u00e5 plats n\u00e4r du tar av dig lager mitt under jakten.<\/p>\n<p>Polygiene\u00ae Odor Control Technology neutraliserar s\u00e4kert lukt som orsakas av svett.<\/p>\n","protected":false},"excerpt":{"rendered":"<p>CORE Midweight Crew LS \u00e4r tillverkad med ett medeltjockt, bekv\u00e4mt stretchfleecefoder f\u00f6r att reglera din mikroklimat. Den \u00f6kar v\u00e4rmen f\u00f6r att h\u00e5lla dig i r\u00f6relse i svala temperaturer, samtidigt som den aktivt transporterar bort fukt fr\u00e5n huden f\u00f6r att h\u00e5lla dig torr och bekv\u00e4m. En l\u00e5ng, droppformad design ger extra v\u00e4rme och t\u00e4ckning, medan f\u00f6rskjutna [&#8230;]\n","protected":false},"featured_media":290576,"comment_status":"open","ping_status":"closed","template":"","meta":[],"product_brand":[],"product_cat":[2710],"product_tag":[],"class_list":{"0":"post-290842","1":"product","2":"type-product","3":"status-publish","4":"has-post-thumbnail","6":"product_cat-jaktklader-for-dam","8":"first","9":"instock","10":"taxable","11":"shipping-taxable","12":"purchasable","13":"product-type-variable"},"composite_virtual":false,"composite_layout":"","composite_add_to_cart_form_location":"","composite_editable_in_cart":false,"composite_sold_individually_context":"","composite_shop_price_calc":"","composite_components":[],"composite_scenarios":[],"group_of_quantity":0,"min_quantity":0,"max_quantity":"","exclude_order_quantity_value_rules":"no","exclude_category_quantity_rules":"no","combine_variations":"no","exclude_global_add_ons":[],"addons":[],"_links":{"self":[{"href":"https:\/\/www.huntersfriend.eu\/sv\/wp-json\/wp\/v2\/product\/290842","targetHints":{"allow":["GET"]}}],"collection":[{"href":"https:\/\/www.huntersfriend.eu\/sv\/wp-json\/wp\/v2\/product"}],"about":[{"href":"https:\/\/www.huntersfriend.eu\/sv\/wp-json\/wp\/v2\/types\/product"}],"replies":[{"embeddable":true,"href":"https:\/\/www.huntersfriend.eu\/sv\/wp-json\/wp\/v2\/comments?post=290842"}],"wp:featuredmedia":[{"embeddable":true,"href":"https:\/\/www.huntersfriend.eu\/sv\/wp-json\/wp\/v2\/media\/290576"}],"wp:attachment":[{"href":"https:\/\/www.huntersfriend.eu\/sv\/wp-json\/wp\/v2\/media?parent=290842"}],"wp:term":[{"taxonomy":"product_brand","embeddable":true,"href":"https:\/\/www.huntersfriend.eu\/sv\/wp-json\/wp\/v2\/product_brand?post=290842"},{"taxonomy":"product_cat","embeddable":true,"href":"https:\/\/www.huntersfriend.eu\/sv\/wp-json\/wp\/v2\/product_cat?post=290842"},{"taxonomy":"product_tag","embeddable":true,"href":"https:\/\/www.huntersfriend.eu\/sv\/wp-json\/wp\/v2\/product_tag?post=290842"}],"curies":[{"name":"wp","href":"https:\/\/api.w.org\/{rel}","templated":true}]}}