{"id":290767,"date":"2025-07-31T13:47:05","date_gmt":"2025-07-31T11:47:05","guid":{"rendered":"https:\/\/www.huntersfriend.eu\/product\/sitka-traverse-hoody\/"},"modified":"2025-09-23T13:13:52","modified_gmt":"2025-09-23T11:13:52","slug":"sitka-traverse-hoody","status":"publish","type":"product","link":"https:\/\/www.huntersfriend.eu\/sv\/produkt\/sitka-traverse-hoody\/","title":{"rendered":"SITKA traverse hoody"},"content":{"rendered":"<p>Vi hade komfort och m\u00e5ngsidighet i fokus n\u00e4r vi designade Traverse Hoody och gav den en h\u00f6gvolym berberfleece-insida f\u00f6r en mjuk k\u00e4nsla som ger gott om v\u00e4rme och mappning av l\u00e4ttare fleecepaneler p\u00e5 sidorna och under armarna f\u00f6r str\u00f6mlinjeformad passform. Ett ultratysta polyester-stickat yttertyg med h\u00e5llbar vattenavvisande finish avvisar l\u00e4tt nederb\u00f6rd. Tyger som anv\u00e4nds i denna hoody \u00e4r tillverkade av \u00e5tervunna material.  <\/p>\n<p>Tyst polyester-stickat tyg med h\u00f6gvolym berberfleece-insida<\/p>\n<p>Milj\u00f6medvetet material tillverkat av \u00e5tervunna material<\/p>\n<p>Placerade mellanviktiga fleecepaneler p\u00e5 sidorna och underarmarna f\u00f6r optimal komfort och r\u00f6relsefrihet<\/p>\n<p>Slitstark vattenavvisande yta som st\u00e5r emot l\u00e4tt nederb\u00f6rd och f\u00f6rhindrar att materialet blir bl\u00f6tt<\/p>\n<p>Dragkedjef\u00f6rsedda hand- och br\u00f6stfickor ger s\u00e4ker f\u00f6rvaring<\/p>\n<p>Skulpterad huva som inte skymmer perifera synf\u00e4ltet<\/p>\n<p>Integrerad ansiktsmask f\u00f6r att d\u00f6lja<\/p>\n<p>L\u00e5gprofilerade tumh\u00e5l f\u00f6r enkel lageranv\u00e4ndning<\/p>\n<p>Vikt: 822,14 g<\/p>\n","protected":false},"excerpt":{"rendered":"<p>Vi hade komfort och m\u00e5ngsidighet i fokus n\u00e4r vi designade Traverse Hoody och gav den en h\u00f6gvolym berberfleece-insida f\u00f6r en mjuk k\u00e4nsla som ger gott om v\u00e4rme och mappning av l\u00e4ttare fleecepaneler p\u00e5 sidorna och under armarna f\u00f6r str\u00f6mlinjeformad passform. Ett ultratysta polyester-stickat yttertyg med h\u00e5llbar vattenavvisande finish avvisar l\u00e4tt nederb\u00f6rd. Tyger som anv\u00e4nds i [&#8230;]\n","protected":false},"featured_media":290248,"comment_status":"open","ping_status":"closed","template":"","meta":[],"product_brand":[],"product_cat":[2813],"product_tag":[],"class_list":{"0":"post-290767","1":"product","2":"type-product","3":"status-publish","4":"has-post-thumbnail","6":"product_cat-skjortor-hoodies","8":"first","9":"instock","10":"taxable","11":"shipping-taxable","12":"purchasable","13":"product-type-variable"},"composite_virtual":false,"composite_layout":"","composite_add_to_cart_form_location":"","composite_editable_in_cart":false,"composite_sold_individually_context":"","composite_shop_price_calc":"","composite_components":[],"composite_scenarios":[],"group_of_quantity":0,"min_quantity":0,"max_quantity":"","exclude_order_quantity_value_rules":"no","exclude_category_quantity_rules":"no","combine_variations":"no","exclude_global_add_ons":[],"addons":[],"_links":{"self":[{"href":"https:\/\/www.huntersfriend.eu\/sv\/wp-json\/wp\/v2\/product\/290767","targetHints":{"allow":["GET"]}}],"collection":[{"href":"https:\/\/www.huntersfriend.eu\/sv\/wp-json\/wp\/v2\/product"}],"about":[{"href":"https:\/\/www.huntersfriend.eu\/sv\/wp-json\/wp\/v2\/types\/product"}],"replies":[{"embeddable":true,"href":"https:\/\/www.huntersfriend.eu\/sv\/wp-json\/wp\/v2\/comments?post=290767"}],"wp:featuredmedia":[{"embeddable":true,"href":"https:\/\/www.huntersfriend.eu\/sv\/wp-json\/wp\/v2\/media\/290248"}],"wp:attachment":[{"href":"https:\/\/www.huntersfriend.eu\/sv\/wp-json\/wp\/v2\/media?parent=290767"}],"wp:term":[{"taxonomy":"product_brand","embeddable":true,"href":"https:\/\/www.huntersfriend.eu\/sv\/wp-json\/wp\/v2\/product_brand?post=290767"},{"taxonomy":"product_cat","embeddable":true,"href":"https:\/\/www.huntersfriend.eu\/sv\/wp-json\/wp\/v2\/product_cat?post=290767"},{"taxonomy":"product_tag","embeddable":true,"href":"https:\/\/www.huntersfriend.eu\/sv\/wp-json\/wp\/v2\/product_tag?post=290767"}],"curies":[{"name":"wp","href":"https:\/\/api.w.org\/{rel}","templated":true}]}}