{"id":290766,"date":"2025-07-31T13:47:08","date_gmt":"2025-07-31T11:47:08","guid":{"rendered":"https:\/\/www.huntersfriend.eu\/product\/sitka-back-40-stovel-earth\/"},"modified":"2026-04-01T22:18:28","modified_gmt":"2026-04-01T20:18:28","slug":"sitka-back-40-stovel-earth","status":"publish","type":"product","link":"https:\/\/www.huntersfriend.eu\/sv\/produkt\/sitka-back-40-stovel-earth\/","title":{"rendered":"SITKA Back 40-st\u00f6vel \u2013 Earth"},"content":{"rendered":"<p>Back40-st\u00f6veln omdefinierar prestandan hos h\u00f6ga st\u00f6vlar, fr\u00e5n f\u00f6rberedelser inf\u00f6r s\u00e4songen till sena jakter. Fr\u00e5n toppen av skaftet till botten av yttersulan \u00e4r denna st\u00f6vel konstruerad med komfort f\u00f6r hela dagen i varje aspekt av designen. 800 gram Thinsulate\u2122-isolering reglerar temperaturen under jakterna och uppgifterna du tar dig an. Den helt vattent\u00e4ta konstruktionen, de extra gummif\u00f6rst\u00e4rkningarna och en gummiyttersula med grepp f\u00f6r flera underlag skapar sinnebilden av p\u00e5litlig h\u00e5llbarhet.   <\/p>\n<ul class=\"jsx-1027194987 space-y-4 list-disc\">\n<li class=\"jsx-1027194987 remove-marker mt-[24px] md:mt-[60px]\">\n<div class=\"feature_item\">Den vattent\u00e4ta gummi- och neopren\u00f6verdelen \u00e4r zonalt gjuten f\u00f6r att ge extra komfort och skydd<\/div>\n<div class=\"feature_item\">Gjuten EVA-mellansula i full\u00e4ngd ger o\u00f6vertr\u00e4ffad komfort under foten<\/div>\n<div class=\"feature_item\">800 g Thinsulate\u2122-isoleringssystem ger temperaturreglering f\u00f6r alla \u00e5rstider<\/div>\n<div class=\"feature_item\">Gummiyttersula f\u00f6r flera underlag f\u00f6rst\u00e4rkt av v\u00e5rt egenutvecklade SITKA Apex Tread System f\u00f6r grepp p\u00e5 alla underlag<\/div>\n<div class=\"feature_item\">Egenutvecklad gjuten PU-fotb\u00e4dd \u00f6kar komforten under foten<\/div>\n<div class=\"feature_item\">Gummi\u00f6verdrag p\u00e5 h\u00e4l och t\u00e5 f\u00f6rst\u00e4rker h\u00e5llbarheten d\u00e4r du beh\u00f6ver det som mest<\/div>\n<div class=\"feature_item\">H\u00e4lkappa i gummi g\u00f6r det enkelt att ta av st\u00f6veln<\/div>\n<div class=\"feature_item\">Om du ligger mellan tv\u00e5 storlekar rekommenderar vi att du v\u00e4ljer den st\u00f6rre storleken<\/div>\n<div class=\"feature_item\">Komfortomr\u00e5de -29 \u00b0C till 4 \u00b0C<\/div>\n<div class=\"feature_item\">Storlek 43-st\u00f6vel ~ 46 cm h\u00f6jd, 44,7 cm vadomkrets<\/div>\n<div class=\"feature_item\">1205 g per st\u00f6vel (m\u00e4tt i storlek 43)<\/div>\n<div class=\"feature_item\">30 dagars returr\u00e4tt<\/div>\n<\/li>\n<\/ul>\n<p>Vattent\u00e4ta gummist\u00f6vlar har varit en stapelvara i jakttorn, andg\u00f6mslen och p\u00e5 bondg\u00e5rdar i \u00e5rtionden. Fr\u00e5n att plantera en \u00e5ker f\u00f6r djurfoder till att jaga \u00f6ver den, gummist\u00f6vlar g\u00f6r p\u00e5litligt jobbet, men historiskt sett slutar deras utm\u00e4rkelser d\u00e4r. En p\u00e5litlig arbetsh\u00e4st som denna var mogen f\u00f6r en uppgradering, och vi best\u00e4mde oss f\u00f6r att bygga v\u00e5r egen version som \u00f6kade niv\u00e5erna av komfort, prestanda och h\u00e5llbarhet till o\u00f6vertr\u00e4ffade h\u00f6jder. Back40-st\u00f6veln \u00e4r skulpterad runt din fot och fylld med st\u00f6d och stabilitet under foten, och den omdefinierar hur en gummist\u00f6vel k\u00e4nns efter en hel dags arbete eller flera dagar i ett tr\u00e4d eller g\u00f6msle.   <\/p>\n","protected":false},"excerpt":{"rendered":"<p>Back40-st\u00f6veln omdefinierar prestandan hos h\u00f6ga st\u00f6vlar, fr\u00e5n f\u00f6rberedelser inf\u00f6r s\u00e4songen till sena jakter. Fr\u00e5n toppen av skaftet till botten av yttersulan \u00e4r denna st\u00f6vel konstruerad med komfort f\u00f6r hela dagen i varje aspekt av designen. 800 gram Thinsulate\u2122-isolering reglerar temperaturen under jakterna och uppgifterna du tar dig an. Den helt vattent\u00e4ta konstruktionen, de extra gummif\u00f6rst\u00e4rkningarna [&#8230;]\n","protected":false},"featured_media":290335,"comment_status":"open","ping_status":"closed","template":"","meta":[],"product_brand":[],"product_cat":[2679,2835],"product_tag":[],"class_list":{"0":"post-290766","1":"product","2":"type-product","3":"status-publish","4":"has-post-thumbnail","6":"product_cat-gummistovlar","7":"product_cat-jaktkangor","8":"product_shipping_class-medium-sv","10":"first","11":"outofstock","12":"featured","13":"taxable","14":"shipping-taxable","15":"purchasable","16":"product-type-variable"},"composite_virtual":false,"composite_layout":"","composite_add_to_cart_form_location":"","composite_editable_in_cart":false,"composite_sold_individually_context":"","composite_shop_price_calc":"","composite_components":[],"composite_scenarios":[],"group_of_quantity":0,"min_quantity":0,"max_quantity":"","exclude_order_quantity_value_rules":"no","exclude_category_quantity_rules":"no","combine_variations":"no","exclude_global_add_ons":[],"addons":[],"_links":{"self":[{"href":"https:\/\/www.huntersfriend.eu\/sv\/wp-json\/wp\/v2\/product\/290766","targetHints":{"allow":["GET"]}}],"collection":[{"href":"https:\/\/www.huntersfriend.eu\/sv\/wp-json\/wp\/v2\/product"}],"about":[{"href":"https:\/\/www.huntersfriend.eu\/sv\/wp-json\/wp\/v2\/types\/product"}],"replies":[{"embeddable":true,"href":"https:\/\/www.huntersfriend.eu\/sv\/wp-json\/wp\/v2\/comments?post=290766"}],"wp:featuredmedia":[{"embeddable":true,"href":"https:\/\/www.huntersfriend.eu\/sv\/wp-json\/wp\/v2\/media\/290335"}],"wp:attachment":[{"href":"https:\/\/www.huntersfriend.eu\/sv\/wp-json\/wp\/v2\/media?parent=290766"}],"wp:term":[{"taxonomy":"product_brand","embeddable":true,"href":"https:\/\/www.huntersfriend.eu\/sv\/wp-json\/wp\/v2\/product_brand?post=290766"},{"taxonomy":"product_cat","embeddable":true,"href":"https:\/\/www.huntersfriend.eu\/sv\/wp-json\/wp\/v2\/product_cat?post=290766"},{"taxonomy":"product_tag","embeddable":true,"href":"https:\/\/www.huntersfriend.eu\/sv\/wp-json\/wp\/v2\/product_tag?post=290766"}],"curies":[{"name":"wp","href":"https:\/\/api.w.org\/{rel}","templated":true}]}}