{"id":290724,"date":"2025-07-31T13:47:04","date_gmt":"2025-07-31T11:47:04","guid":{"rendered":"https:\/\/www.huntersfriend.eu\/product\/sitka-timberline-byxor\/"},"modified":"2025-09-23T13:13:45","modified_gmt":"2025-09-23T11:13:45","slug":"sitka-timberline-byxor","status":"publish","type":"product","link":"https:\/\/www.huntersfriend.eu\/sv\/produkt\/sitka-timberline-byxor\/","title":{"rendered":"SITKA timberline-byxor"},"content":{"rendered":"<p>Dessa softshell-byxor \u00e4r det sj\u00e4lvklara valet f\u00f6r tuffa f\u00f6rh\u00e5llanden mitt till sent p\u00e5 s\u00e4songen i vildmarken. Tillverkade av ultrah\u00e5llbar 4-v\u00e4gs stretch-polyester med dubbelt f\u00f6rst\u00e4rkta ripstop-nylonkn\u00e4n och s\u00e4te som b\u00e5de \u00e4r vattent\u00e4ta och andningsbara. Avtagbara artikulerade kn\u00e4skydd s\u00e4kerst\u00e4ller h\u00e5llbarhet och komfort oavsett om du kl\u00e4ttrar i stenr\u00f6s i Klippiga bergen, smyger bland kaktusar i Mojave eller styckar ett djur.  <\/p>\n<ul class=\"jsx-1027194987 space-y-4 list-disc\">\n<li class=\"jsx-1027194987 remove-marker mt-[24px] md:mt-[60px]\">\n<div class=\"feature_item\"><strong>Vikt:<\/strong> 29,6 oz. \/\/ Storlek L <\/div>\n<div class=\"feature_item\"><strong>Tyg:<\/strong> 4-v\u00e4gs stretch-v\u00e4vd polyester skal, nylon ripstop s\u00e4te &amp; kn\u00e4n<\/div>\n<div class=\"feature_item\"><strong>H\u00e5llbar vattenavvisande<\/strong> finish motst\u00e5r l\u00e4tt nederb\u00f6rd och f\u00f6rhindrar att yttermaterialet blir genombl\u00f6tt.<\/div>\n<div class=\"feature_item\"><strong>F\u00f6rst\u00e4rkt s\u00e4te och kn\u00e4n:<\/strong> S\u00e4tet och kn\u00e4na \u00e4r f\u00f6rst\u00e4rkta med vattent\u00e4tt nylon ripstop-tyg, s\u00e5 en l\u00e5ng vandring p\u00e5 en v\u00e5t sadel eller en snabb vila i sn\u00f6n l\u00e4mnar dig inte kall och v\u00e5t.<\/div>\n<div class=\"feature_item\"><strong>Avtagbara kn\u00e4skydd:<\/strong> Avtagbara kn\u00e4skydd erbjuder extra skydd oavsett om du kl\u00e4ttrar genom stenr\u00f6s i norra Klippiga bergen, tar dig fram genom kaktusar i Sonora\u00f6knen eller styckar ett djur.<\/div>\n<div class=\"feature_item\"><strong>Artikulerad m\u00f6nstring:<\/strong> Passformen \u00e4r atletisk med avsmalnande ben och en l\u00e5gprofil midja som inte skrynklar eller skaver under en ryggs\u00e4ck.<\/div>\n<\/li>\n<\/ul>\n<p>&nbsp;<\/p>\n","protected":false},"excerpt":{"rendered":"<p>Dessa softshell-byxor \u00e4r det sj\u00e4lvklara valet f\u00f6r tuffa f\u00f6rh\u00e5llanden mitt till sent p\u00e5 s\u00e4songen i vildmarken. Tillverkade av ultrah\u00e5llbar 4-v\u00e4gs stretch-polyester med dubbelt f\u00f6rst\u00e4rkta ripstop-nylonkn\u00e4n och s\u00e4te som b\u00e5de \u00e4r vattent\u00e4ta och andningsbara. Avtagbara artikulerade kn\u00e4skydd s\u00e4kerst\u00e4ller h\u00e5llbarhet och komfort oavsett om du kl\u00e4ttrar i stenr\u00f6s i Klippiga bergen, smyger bland kaktusar i Mojave eller [&#8230;]\n","protected":false},"featured_media":290275,"comment_status":"open","ping_status":"closed","template":"","meta":[],"product_brand":[],"product_cat":[2779],"product_tag":[],"class_list":{"0":"post-290724","1":"product","2":"type-product","3":"status-publish","4":"has-post-thumbnail","6":"product_cat-byxor","8":"first","9":"instock","10":"taxable","11":"shipping-taxable","12":"purchasable","13":"product-type-variable"},"composite_virtual":false,"composite_layout":"","composite_add_to_cart_form_location":"","composite_editable_in_cart":false,"composite_sold_individually_context":"","composite_shop_price_calc":"","composite_components":[],"composite_scenarios":[],"group_of_quantity":0,"min_quantity":0,"max_quantity":"","exclude_order_quantity_value_rules":"no","exclude_category_quantity_rules":"no","combine_variations":"no","exclude_global_add_ons":[],"addons":[],"_links":{"self":[{"href":"https:\/\/www.huntersfriend.eu\/sv\/wp-json\/wp\/v2\/product\/290724","targetHints":{"allow":["GET"]}}],"collection":[{"href":"https:\/\/www.huntersfriend.eu\/sv\/wp-json\/wp\/v2\/product"}],"about":[{"href":"https:\/\/www.huntersfriend.eu\/sv\/wp-json\/wp\/v2\/types\/product"}],"replies":[{"embeddable":true,"href":"https:\/\/www.huntersfriend.eu\/sv\/wp-json\/wp\/v2\/comments?post=290724"}],"wp:featuredmedia":[{"embeddable":true,"href":"https:\/\/www.huntersfriend.eu\/sv\/wp-json\/wp\/v2\/media\/290275"}],"wp:attachment":[{"href":"https:\/\/www.huntersfriend.eu\/sv\/wp-json\/wp\/v2\/media?parent=290724"}],"wp:term":[{"taxonomy":"product_brand","embeddable":true,"href":"https:\/\/www.huntersfriend.eu\/sv\/wp-json\/wp\/v2\/product_brand?post=290724"},{"taxonomy":"product_cat","embeddable":true,"href":"https:\/\/www.huntersfriend.eu\/sv\/wp-json\/wp\/v2\/product_cat?post=290724"},{"taxonomy":"product_tag","embeddable":true,"href":"https:\/\/www.huntersfriend.eu\/sv\/wp-json\/wp\/v2\/product_tag?post=290724"}],"curies":[{"name":"wp","href":"https:\/\/api.w.org\/{rel}","templated":true}]}}