{"id":290713,"date":"2025-07-31T12:00:37","date_gmt":"2025-07-31T10:00:37","guid":{"rendered":"https:\/\/www.huntersfriend.eu\/product\/sitka-blizzard-gtx-mossa\/"},"modified":"2025-09-23T13:13:41","modified_gmt":"2025-09-23T11:13:41","slug":"sitka-blizzard-gtx-mossa","status":"publish","type":"product","link":"https:\/\/www.huntersfriend.eu\/sv\/produkt\/sitka-blizzard-gtx-mossa\/","title":{"rendered":"SITKA blizzard GTX-m\u00f6ssa"},"content":{"rendered":"<p>Kungen av kallv\u00e4derskydd med vattent\u00e4thet \u2013 v\u00e5r Blizzard GTX-m\u00f6ssa \u00e4r helt enkelt det ultimata n\u00e4r det g\u00e4ller v\u00e4rme f\u00f6r det ober\u00e4kneligt otrevliga v\u00e4dret under slutet av s\u00e4songen. Byggd med ett supermjukt fleecefoder och \u00f6ronklaffar med full t\u00e4ckning f\u00f6r att skydda mot bitande vindar och regn. <\/p>\n<ul class=\"jsx-1027194987 space-y-4 list-disc\">\n<li class=\"jsx-1027194987 remove-marker mt-[24px] md:mt-[60px]\">\n<div class=\"feature_item\">Andningsbart GORE-TEX-skal sk\u00e4r av vind och h\u00e5ller dig torr<\/div>\n<div class=\"feature_item\">Fodrad med ett varmt, plyschigt fleece<\/div>\n<div class=\"feature_item\">\u00d6ronklaffar som kan f\u00e4llas upp och ner f\u00f6r att anpassa sig till f\u00f6rh\u00e5llandena<\/div>\n<div class=\"feature_item\">Ljudgenomsl\u00e4ppligt tyg p\u00e5 \u00f6ronen f\u00f6r b\u00e4ttre h\u00f6rsel<\/div>\n<div class=\"feature_item\">Flexibel sk\u00e4rm<\/div>\n<\/li>\n<\/ul>\n","protected":false},"excerpt":{"rendered":"<p>Kungen av kallv\u00e4derskydd med vattent\u00e4thet \u2013 v\u00e5r Blizzard GTX-m\u00f6ssa \u00e4r helt enkelt det ultimata n\u00e4r det g\u00e4ller v\u00e4rme f\u00f6r det ober\u00e4kneligt otrevliga v\u00e4dret under slutet av s\u00e4songen. Byggd med ett supermjukt fleecefoder och \u00f6ronklaffar med full t\u00e4ckning f\u00f6r att skydda mot bitande vindar och regn. Andningsbart GORE-TEX-skal sk\u00e4r av vind och h\u00e5ller dig torr Fodrad [&#8230;]\n","protected":false},"featured_media":290460,"comment_status":"open","ping_status":"closed","template":"","meta":[],"product_brand":[],"product_cat":[2809],"product_tag":[],"class_list":{"0":"post-290713","1":"product","2":"type-product","3":"status-publish","4":"has-post-thumbnail","6":"product_cat-handskar","8":"first","9":"instock","10":"taxable","11":"shipping-taxable","12":"purchasable","13":"product-type-simple"},"composite_virtual":false,"composite_layout":"","composite_add_to_cart_form_location":"","composite_editable_in_cart":false,"composite_sold_individually_context":"","composite_shop_price_calc":"","composite_components":[],"composite_scenarios":[],"group_of_quantity":0,"min_quantity":0,"max_quantity":"","exclude_order_quantity_value_rules":"no","exclude_category_quantity_rules":"no","combine_variations":"no","exclude_global_add_ons":[],"addons":[],"_links":{"self":[{"href":"https:\/\/www.huntersfriend.eu\/sv\/wp-json\/wp\/v2\/product\/290713","targetHints":{"allow":["GET"]}}],"collection":[{"href":"https:\/\/www.huntersfriend.eu\/sv\/wp-json\/wp\/v2\/product"}],"about":[{"href":"https:\/\/www.huntersfriend.eu\/sv\/wp-json\/wp\/v2\/types\/product"}],"replies":[{"embeddable":true,"href":"https:\/\/www.huntersfriend.eu\/sv\/wp-json\/wp\/v2\/comments?post=290713"}],"wp:featuredmedia":[{"embeddable":true,"href":"https:\/\/www.huntersfriend.eu\/sv\/wp-json\/wp\/v2\/media\/290460"}],"wp:attachment":[{"href":"https:\/\/www.huntersfriend.eu\/sv\/wp-json\/wp\/v2\/media?parent=290713"}],"wp:term":[{"taxonomy":"product_brand","embeddable":true,"href":"https:\/\/www.huntersfriend.eu\/sv\/wp-json\/wp\/v2\/product_brand?post=290713"},{"taxonomy":"product_cat","embeddable":true,"href":"https:\/\/www.huntersfriend.eu\/sv\/wp-json\/wp\/v2\/product_cat?post=290713"},{"taxonomy":"product_tag","embeddable":true,"href":"https:\/\/www.huntersfriend.eu\/sv\/wp-json\/wp\/v2\/product_tag?post=290713"}],"curies":[{"name":"wp","href":"https:\/\/api.w.org\/{rel}","templated":true}]}}