{"id":290698,"date":"2025-07-31T13:47:04","date_gmt":"2025-07-31T11:47:04","guid":{"rendered":"https:\/\/www.huntersfriend.eu\/product\/sitka-timberline-pro-byxor\/"},"modified":"2025-09-23T13:13:39","modified_gmt":"2025-09-23T11:13:39","slug":"sitka-timberline-pro-byxor","status":"publish","type":"product","link":"https:\/\/www.huntersfriend.eu\/sv\/produkt\/sitka-timberline-pro-byxor\/","title":{"rendered":"SITKA Timberline Pro-byxor"},"content":{"rendered":"<p>Skapade f\u00f6r de mest avl\u00e4gsna platserna, Timberline Pro-byxorna \u00e4r designade f\u00f6r att klara sena s\u00e4songens jakter i vildmarken. Den h\u00e5llbara polyester-nylonen och det extra GORE-TEX vattent\u00e4ta tyget i s\u00e4tet och nedre delen av benen ger \u00f6verl\u00e4gset skydd vid buskr\u00f6jning eller navigering i v\u00e5ta milj\u00f6er. Ventilationen som ges av n\u00e4tbekl\u00e4dda dragkedjor vid h\u00f6fterna och de m\u00e5ngsidiga kn\u00e4skyddsfickorna i n\u00e4t skapar de mest kapabla byxorna f\u00f6r sen s\u00e4song, \u00f6ver eller under tr\u00e4dgr\u00e4nsen. En intern GORE-TEX-st\u00f6velgamasch med sn\u00f6rningskrok och elastiskt grepp runt f\u00e5llen h\u00e5ller fukten utanf\u00f6r byxorna \u2013 d\u00e4r den h\u00f6r hemma. Timberline Pro bygger vidare p\u00e5 de v\u00e4lrenommerade Timberline-byxorna och \u00e4r konstruerade f\u00f6r att hantera det mest extrema bergsv\u00e4dret och terr\u00e4ngen.    <\/p>\n<ul class=\"jsx-1027194987 space-y-4 list-disc\">\n<li class=\"jsx-1027194987 remove-marker mt-[24px] md:mt-[60px]\">\n<div class=\"feature_item\">Ultrah\u00e5llbart polyester-nylontyg i kroppen skyddar mot n\u00f6tning och den tuffaste terr\u00e4ngen<\/div>\n<div class=\"feature_item\">3-lagers GORE-TEX-tyg i s\u00e4tet och nedre delen av benen garanterar att du h\u00e5ller dig torr<\/div>\n<div class=\"feature_item\">Fickor med dragkedja ger s\u00e4ker f\u00f6rvaring av n\u00f6dv\u00e4ndigheter<\/div>\n<div class=\"feature_item\">Dragkedjef\u00f6rsedda och b\u00e4lgade cargofickor f\u00f6rvarar mindre utrustning snabbt och s\u00e4kert<\/div>\n<div class=\"feature_item\">Dold inre cargoficka h\u00e5ller v\u00e4rdesaker extra s\u00e4kra<\/div>\n<div class=\"feature_item\">Inre n\u00e4tfickor f\u00f6r kn\u00e4skydd erbjuder m\u00f6jlighet till extra komfort vid krypning<\/div>\n<div class=\"feature_item\">F\u00f6rst\u00e4rkt knivficka ger en h\u00e5llbar l\u00f6sning f\u00f6r knivf\u00f6rvaring<\/div>\n<div class=\"feature_item\">Dragkedjef\u00f6rsedda n\u00e4tventiler vid h\u00f6fterna l\u00e5ter dig sl\u00e4ppa ut v\u00e4rme utan att offra t\u00e4ckning<\/div>\n<div class=\"feature_item\">H\u00e4ngslekompatibla b\u00e4ltes\u00f6glor skapar den perfekta passformen<\/div>\n<div class=\"feature_item\">3-lagers GORE-TEX intern st\u00f6velgamasch med sn\u00f6rningskrok ger \u00f6verl\u00e4gset vattent\u00e4tt skydd vid vandring i v\u00e5ta f\u00f6rh\u00e5llanden<\/div>\n<div class=\"feature_item\">Elastiskt grepp runt byxf\u00e5llen s\u00e4kerst\u00e4ller en s\u00e4ker passform runt st\u00f6vlarna<\/div>\n<div class=\"feature_item\">Total vikt: 680 g<\/div>\n<\/li>\n<\/ul>\n","protected":false},"excerpt":{"rendered":"<p>Skapade f\u00f6r de mest avl\u00e4gsna platserna, Timberline Pro-byxorna \u00e4r designade f\u00f6r att klara sena s\u00e4songens jakter i vildmarken. Den h\u00e5llbara polyester-nylonen och det extra GORE-TEX vattent\u00e4ta tyget i s\u00e4tet och nedre delen av benen ger \u00f6verl\u00e4gset skydd vid buskr\u00f6jning eller navigering i v\u00e5ta milj\u00f6er. Ventilationen som ges av n\u00e4tbekl\u00e4dda dragkedjor vid h\u00f6fterna och de m\u00e5ngsidiga [&#8230;]\n","protected":false},"featured_media":290297,"comment_status":"open","ping_status":"closed","template":"","meta":[],"product_brand":[],"product_cat":[2779],"product_tag":[],"class_list":{"0":"post-290698","1":"product","2":"type-product","3":"status-publish","4":"has-post-thumbnail","6":"product_cat-byxor","8":"first","9":"instock","10":"taxable","11":"shipping-taxable","12":"purchasable","13":"product-type-variable"},"composite_virtual":false,"composite_layout":"","composite_add_to_cart_form_location":"","composite_editable_in_cart":false,"composite_sold_individually_context":"","composite_shop_price_calc":"","composite_components":[],"composite_scenarios":[],"group_of_quantity":0,"min_quantity":0,"max_quantity":"","exclude_order_quantity_value_rules":"no","exclude_category_quantity_rules":"no","combine_variations":"no","exclude_global_add_ons":[],"addons":[],"_links":{"self":[{"href":"https:\/\/www.huntersfriend.eu\/sv\/wp-json\/wp\/v2\/product\/290698","targetHints":{"allow":["GET"]}}],"collection":[{"href":"https:\/\/www.huntersfriend.eu\/sv\/wp-json\/wp\/v2\/product"}],"about":[{"href":"https:\/\/www.huntersfriend.eu\/sv\/wp-json\/wp\/v2\/types\/product"}],"replies":[{"embeddable":true,"href":"https:\/\/www.huntersfriend.eu\/sv\/wp-json\/wp\/v2\/comments?post=290698"}],"wp:featuredmedia":[{"embeddable":true,"href":"https:\/\/www.huntersfriend.eu\/sv\/wp-json\/wp\/v2\/media\/290297"}],"wp:attachment":[{"href":"https:\/\/www.huntersfriend.eu\/sv\/wp-json\/wp\/v2\/media?parent=290698"}],"wp:term":[{"taxonomy":"product_brand","embeddable":true,"href":"https:\/\/www.huntersfriend.eu\/sv\/wp-json\/wp\/v2\/product_brand?post=290698"},{"taxonomy":"product_cat","embeddable":true,"href":"https:\/\/www.huntersfriend.eu\/sv\/wp-json\/wp\/v2\/product_cat?post=290698"},{"taxonomy":"product_tag","embeddable":true,"href":"https:\/\/www.huntersfriend.eu\/sv\/wp-json\/wp\/v2\/product_tag?post=290698"}],"curies":[{"name":"wp","href":"https:\/\/api.w.org\/{rel}","templated":true}]}}