{"id":290682,"date":"2025-07-31T12:00:37","date_gmt":"2025-07-31T10:00:37","guid":{"rendered":"https:\/\/www.huntersfriend.eu\/product\/sitka-core-lightweight-crew-ls-troja\/"},"modified":"2025-09-23T13:13:38","modified_gmt":"2025-09-23T11:13:38","slug":"sitka-core-lightweight-crew-ls-troja","status":"publish","type":"product","link":"https:\/\/www.huntersfriend.eu\/sv\/produkt\/sitka-core-lightweight-crew-ls-troja\/","title":{"rendered":"SITKA Core Lightweight Crew LS-tr\u00f6ja"},"content":{"rendered":"<p>V\u00e5r Core Lightweight Crew LS \u00e4r tillverkad av samma fukttransporterande material som Core Lightweight Hoody, vilket g\u00f6r den till ett stabilt baslager. Oavsett om den anv\u00e4nds som ett frist\u00e5ende plagg i varmt v\u00e4der eller som ett lager i ditt system, kommer Core Lightweight Crew att prestera under alla \u00e5rstider oavsett aktivitet. <\/p>\n<p>Vikt: 144,58 g \/\/ storlek L <\/p>\n<p>Material: Snabbtorkande, l\u00e4ttviktig Comfort stretch-stickning (100 % polyester).<\/p>\n<p>Polygiene\u00ae Odor Control Technology neutraliserar s\u00e4kert lukt som orsakas av svett.<\/p>\n","protected":false},"excerpt":{"rendered":"<p>V\u00e5r Core Lightweight Crew LS \u00e4r tillverkad av samma fukttransporterande material som Core Lightweight Hoody, vilket g\u00f6r den till ett stabilt baslager. Oavsett om den anv\u00e4nds som ett frist\u00e5ende plagg i varmt v\u00e4der eller som ett lager i ditt system, kommer Core Lightweight Crew att prestera under alla \u00e5rstider oavsett aktivitet. Vikt: 144,58 g \/\/ [&#8230;]\n","protected":false},"featured_media":290427,"comment_status":"open","ping_status":"closed","template":"","meta":[],"product_brand":[],"product_cat":[2813],"product_tag":[],"class_list":{"0":"post-290682","1":"product","2":"type-product","3":"status-publish","4":"has-post-thumbnail","6":"product_cat-skjortor-hoodies","8":"first","9":"instock","10":"taxable","11":"shipping-taxable","12":"purchasable","13":"product-type-variable"},"composite_virtual":false,"composite_layout":"","composite_add_to_cart_form_location":"","composite_editable_in_cart":false,"composite_sold_individually_context":"","composite_shop_price_calc":"","composite_components":[],"composite_scenarios":[],"group_of_quantity":0,"min_quantity":0,"max_quantity":"","exclude_order_quantity_value_rules":"no","exclude_category_quantity_rules":"no","combine_variations":"no","exclude_global_add_ons":[],"addons":[],"_links":{"self":[{"href":"https:\/\/www.huntersfriend.eu\/sv\/wp-json\/wp\/v2\/product\/290682","targetHints":{"allow":["GET"]}}],"collection":[{"href":"https:\/\/www.huntersfriend.eu\/sv\/wp-json\/wp\/v2\/product"}],"about":[{"href":"https:\/\/www.huntersfriend.eu\/sv\/wp-json\/wp\/v2\/types\/product"}],"replies":[{"embeddable":true,"href":"https:\/\/www.huntersfriend.eu\/sv\/wp-json\/wp\/v2\/comments?post=290682"}],"wp:featuredmedia":[{"embeddable":true,"href":"https:\/\/www.huntersfriend.eu\/sv\/wp-json\/wp\/v2\/media\/290427"}],"wp:attachment":[{"href":"https:\/\/www.huntersfriend.eu\/sv\/wp-json\/wp\/v2\/media?parent=290682"}],"wp:term":[{"taxonomy":"product_brand","embeddable":true,"href":"https:\/\/www.huntersfriend.eu\/sv\/wp-json\/wp\/v2\/product_brand?post=290682"},{"taxonomy":"product_cat","embeddable":true,"href":"https:\/\/www.huntersfriend.eu\/sv\/wp-json\/wp\/v2\/product_cat?post=290682"},{"taxonomy":"product_tag","embeddable":true,"href":"https:\/\/www.huntersfriend.eu\/sv\/wp-json\/wp\/v2\/product_tag?post=290682"}],"curies":[{"name":"wp","href":"https:\/\/api.w.org\/{rel}","templated":true}]}}