{"id":290664,"date":"2025-07-31T12:00:38","date_gmt":"2025-07-31T10:00:38","guid":{"rendered":"https:\/\/www.huntersfriend.eu\/product\/sitka-endure-byxor-subalpine\/"},"modified":"2025-09-23T13:13:36","modified_gmt":"2025-09-23T11:13:36","slug":"sitka-endure-byxor-subalpine","status":"publish","type":"product","link":"https:\/\/www.huntersfriend.eu\/sv\/produkt\/sitka-endure-byxor-subalpine\/","title":{"rendered":"SITKA endure byxor subalpine"},"content":{"rendered":"<p>Konstruerade f\u00f6r komfort och prestanda \u00e5ret runt \u00e4r Endure Pant riktm\u00e4rket f\u00f6r m\u00e5ngsidig h\u00e5llbarhet. Tillverkade med en ultrah\u00e5llbar dubbelv\u00e4v av polyester har dessa byxor t\u00e5lighet i \u00f6verfl\u00f6d utan extra friktion och buller. \u00d6ppna de dragkedjf\u00f6rsedda h\u00f6ftventilerna f\u00f6r att sl\u00e4ppa ut v\u00e4rme n\u00e4r du g\u00e5r uppf\u00f6r och anv\u00e4nd de interna mesh-kn\u00e4skyddsfickorna n\u00e4r jakten g\u00e5r ner p\u00e5 alla fyra. Det innovativa ficksystemet s\u00e4kerst\u00e4ller att du alltid har snabb tillg\u00e5ng till v\u00e4rdesaker och mindre utrustning. Kombinationen av h\u00e5llbar komfort och total anv\u00e4ndbarhet positionerar Endure Pant att bli multiverktyget i ditt system.    <\/p>\n<ul class=\"jsx-1027194987 space-y-4 list-disc\">\n<li class=\"jsx-1027194987 remove-marker mt-[24px] md:mt-[60px]\">\n<div class=\"feature_item\">Dubbelv\u00e4v polyestertyg kombinerar smygf\u00f6rm\u00e5ga och h\u00e5llbarhet<\/div>\n<div class=\"feature_item\">Dragkedjf\u00f6rsedda hand- och lastfickor erbjuder s\u00e4ker f\u00f6rvaring av det viktigaste<\/div>\n<div class=\"feature_item\">Intern ficka i h\u00f6ger lastficka h\u00e5ller utrustning inom r\u00e4ckh\u00e5ll<\/div>\n<div class=\"feature_item\">Interna mesh-kn\u00e4skyddsfickor ger m\u00f6jlighet till extra komfort vid krypning<\/div>\n<div class=\"feature_item\">F\u00f6rst\u00e4rkt knivficka ger en h\u00e5llbar l\u00f6sning f\u00f6r knivf\u00f6rvaring<\/div>\n<div class=\"feature_item\">Dragkedjf\u00f6rsedda h\u00f6ftventiler l\u00e5ter dig sl\u00e4ppa v\u00e4rme under anstr\u00e4ngande kl\u00e4ttringar<\/div>\n<div class=\"feature_item\">H\u00e4ngslekompatibla b\u00e4ltes\u00f6glor skapar den perfekta passformen<\/div>\n<div class=\"feature_item\">Total vikt 32R: 17,6 oz<\/div>\n<\/li>\n<\/ul>\n","protected":false},"excerpt":{"rendered":"<p>Konstruerade f\u00f6r komfort och prestanda \u00e5ret runt \u00e4r Endure Pant riktm\u00e4rket f\u00f6r m\u00e5ngsidig h\u00e5llbarhet. Tillverkade med en ultrah\u00e5llbar dubbelv\u00e4v av polyester har dessa byxor t\u00e5lighet i \u00f6verfl\u00f6d utan extra friktion och buller. \u00d6ppna de dragkedjf\u00f6rsedda h\u00f6ftventilerna f\u00f6r att sl\u00e4ppa ut v\u00e4rme n\u00e4r du g\u00e5r uppf\u00f6r och anv\u00e4nd de interna mesh-kn\u00e4skyddsfickorna n\u00e4r jakten g\u00e5r ner p\u00e5 [&#8230;]\n","protected":false},"featured_media":290513,"comment_status":"open","ping_status":"closed","template":"","meta":[],"product_brand":[],"product_cat":[2779],"product_tag":[],"class_list":{"0":"post-290664","1":"product","2":"type-product","3":"status-publish","4":"has-post-thumbnail","6":"product_cat-byxor","8":"first","9":"instock","10":"taxable","11":"shipping-taxable","12":"purchasable","13":"product-type-variable"},"composite_virtual":false,"composite_layout":"","composite_add_to_cart_form_location":"","composite_editable_in_cart":false,"composite_sold_individually_context":"","composite_shop_price_calc":"","composite_components":[],"composite_scenarios":[],"group_of_quantity":0,"min_quantity":0,"max_quantity":"","exclude_order_quantity_value_rules":"no","exclude_category_quantity_rules":"no","combine_variations":"no","exclude_global_add_ons":[],"addons":[],"_links":{"self":[{"href":"https:\/\/www.huntersfriend.eu\/sv\/wp-json\/wp\/v2\/product\/290664","targetHints":{"allow":["GET"]}}],"collection":[{"href":"https:\/\/www.huntersfriend.eu\/sv\/wp-json\/wp\/v2\/product"}],"about":[{"href":"https:\/\/www.huntersfriend.eu\/sv\/wp-json\/wp\/v2\/types\/product"}],"replies":[{"embeddable":true,"href":"https:\/\/www.huntersfriend.eu\/sv\/wp-json\/wp\/v2\/comments?post=290664"}],"wp:featuredmedia":[{"embeddable":true,"href":"https:\/\/www.huntersfriend.eu\/sv\/wp-json\/wp\/v2\/media\/290513"}],"wp:attachment":[{"href":"https:\/\/www.huntersfriend.eu\/sv\/wp-json\/wp\/v2\/media?parent=290664"}],"wp:term":[{"taxonomy":"product_brand","embeddable":true,"href":"https:\/\/www.huntersfriend.eu\/sv\/wp-json\/wp\/v2\/product_brand?post=290664"},{"taxonomy":"product_cat","embeddable":true,"href":"https:\/\/www.huntersfriend.eu\/sv\/wp-json\/wp\/v2\/product_cat?post=290664"},{"taxonomy":"product_tag","embeddable":true,"href":"https:\/\/www.huntersfriend.eu\/sv\/wp-json\/wp\/v2\/product_tag?post=290664"}],"curies":[{"name":"wp","href":"https:\/\/api.w.org\/{rel}","templated":true}]}}