{"id":290656,"date":"2025-07-31T12:00:36","date_gmt":"2025-07-31T10:00:36","guid":{"rendered":"https:\/\/www.huntersfriend.eu\/product\/sitka-ambient-75-hoody\/"},"modified":"2025-09-23T13:13:33","modified_gmt":"2025-09-23T11:13:33","slug":"sitka-ambient-75-hoody","status":"publish","type":"product","link":"https:\/\/www.huntersfriend.eu\/sv\/produkt\/sitka-ambient-75-hoody\/","title":{"rendered":"SITKA ambient 75 hoody"},"content":{"rendered":"<p>Ambient 75 Hoodie \u00e4r det l\u00e4ttaste alternativet i v\u00e5r Ambient-serie av aktiv isolering, och \u00e4r utformad f\u00f6r att andas n\u00e4r du \u00e4r i het jakt och h\u00e5lla dig varm medan du \u00e5terh\u00e4mtar andan. Den \u00e4r kroppskartlagd med 75 g Primaloft Evolve aktiv isolering och Polartec stretch grid f\u00f6r att r\u00f6ra sig tyst med dig, och 20D Ripstop-yttermaterial ser till att den skyddar dig i b\u00e5de t\u00e4t och gles vegetation. <\/p>\n<p>75 g Primaloft Evolve aktiv isolering p\u00e5 br\u00f6st och armar<\/p>\n<p>Polartech stretch grid f\u00f6r r\u00f6relsefrihet och andningsf\u00f6rm\u00e5ga under armarna och p\u00e5 sidorna<\/p>\n<p>Kroppskartlagd design f\u00f6r optimal termoreglering och r\u00f6rlighet<\/p>\n<p>Slitstarkt 20D Ripstop nylon-yttermaterial<\/p>\n<p>Slitstark vattenavvisande finish som st\u00f6ter bort l\u00e4tt nederb\u00f6rd<\/p>\n<p>Br\u00f6stficka med dragkedja<\/p>\n","protected":false},"excerpt":{"rendered":"<p>Ambient 75 Hoodie \u00e4r det l\u00e4ttaste alternativet i v\u00e5r Ambient-serie av aktiv isolering, och \u00e4r utformad f\u00f6r att andas n\u00e4r du \u00e4r i het jakt och h\u00e5lla dig varm medan du \u00e5terh\u00e4mtar andan. Den \u00e4r kroppskartlagd med 75 g Primaloft Evolve aktiv isolering och Polartec stretch grid f\u00f6r att r\u00f6ra sig tyst med dig, och [&#8230;]\n","protected":false},"featured_media":290404,"comment_status":"open","ping_status":"closed","template":"","meta":[],"product_brand":[],"product_cat":[2813],"product_tag":[],"class_list":{"0":"post-290656","1":"product","2":"type-product","3":"status-publish","4":"has-post-thumbnail","6":"product_cat-skjortor-hoodies","8":"first","9":"instock","10":"taxable","11":"shipping-taxable","12":"purchasable","13":"product-type-variable"},"composite_virtual":false,"composite_layout":"","composite_add_to_cart_form_location":"","composite_editable_in_cart":false,"composite_sold_individually_context":"","composite_shop_price_calc":"","composite_components":[],"composite_scenarios":[],"group_of_quantity":0,"min_quantity":0,"max_quantity":"","exclude_order_quantity_value_rules":"no","exclude_category_quantity_rules":"no","combine_variations":"no","exclude_global_add_ons":[],"addons":[],"_links":{"self":[{"href":"https:\/\/www.huntersfriend.eu\/sv\/wp-json\/wp\/v2\/product\/290656","targetHints":{"allow":["GET"]}}],"collection":[{"href":"https:\/\/www.huntersfriend.eu\/sv\/wp-json\/wp\/v2\/product"}],"about":[{"href":"https:\/\/www.huntersfriend.eu\/sv\/wp-json\/wp\/v2\/types\/product"}],"replies":[{"embeddable":true,"href":"https:\/\/www.huntersfriend.eu\/sv\/wp-json\/wp\/v2\/comments?post=290656"}],"wp:featuredmedia":[{"embeddable":true,"href":"https:\/\/www.huntersfriend.eu\/sv\/wp-json\/wp\/v2\/media\/290404"}],"wp:attachment":[{"href":"https:\/\/www.huntersfriend.eu\/sv\/wp-json\/wp\/v2\/media?parent=290656"}],"wp:term":[{"taxonomy":"product_brand","embeddable":true,"href":"https:\/\/www.huntersfriend.eu\/sv\/wp-json\/wp\/v2\/product_brand?post=290656"},{"taxonomy":"product_cat","embeddable":true,"href":"https:\/\/www.huntersfriend.eu\/sv\/wp-json\/wp\/v2\/product_cat?post=290656"},{"taxonomy":"product_tag","embeddable":true,"href":"https:\/\/www.huntersfriend.eu\/sv\/wp-json\/wp\/v2\/product_tag?post=290656"}],"curies":[{"name":"wp","href":"https:\/\/api.w.org\/{rel}","templated":true}]}}