{"id":290646,"date":"2025-07-31T12:00:24","date_gmt":"2025-07-31T10:00:24","guid":{"rendered":"https:\/\/www.huntersfriend.eu\/product\/sitka-alpha-fleecejacka-med-huva\/"},"modified":"2025-09-23T12:36:20","modified_gmt":"2025-09-23T10:36:20","slug":"sitka-alpha-fleecejacka-med-huva","status":"publish","type":"product","link":"https:\/\/www.huntersfriend.eu\/sv\/produkt\/sitka-alpha-fleecejacka-med-huva\/","title":{"rendered":"SITKA Alpha fleecejacka med huva"},"content":{"rendered":"<p>En fleecejacka byggd f\u00f6r att t\u00e5la tuffa tag. En dubbelv\u00e4vd stretchfleece hanterar tuffa milj\u00f6er och vindbyar med l\u00e4tthet medan en DWR-bel\u00e4ggning minskar ov\u00e4ntad fukt under jakten. Alpha Fleece-jackan med huva har en s\u00f6ml\u00f6s axelkonstruktion och strategiskt placerade blixtl\u00e5sfickor f\u00f6r att s\u00e4kerst\u00e4lla komfort och tillg\u00e4nglighet n\u00e4r du b\u00e4r ryggs\u00e4ck. Den smala, \u00e5tsittande huvan ger skydd utan att begr\u00e4nsa synf\u00e4ltet.   <\/p>\n<p>Tyg: H\u00e5llbar 280-grams, 4-v\u00e4gs stretch dubbelv\u00e4vd STORMFLEECE\u2122<\/p>\n<p>Vattenavvisande finish som st\u00f6ter bort l\u00e4tt fukt<\/p>\n<p>S\u00f6ml\u00f6s axelkonstruktion \u00f6kar komforten med ryggs\u00e4ck<\/p>\n<p>Tv\u00e5 blixtl\u00e5sfickor h\u00e5ller f\u00f6rem\u00e5l s\u00e4kra och tillg\u00e4ngliga \u00e4ven med ryggs\u00e4cksrem<\/p>\n<p>Meshfodrade fickor erbjuder m\u00f6jlighet till ventilation f\u00f6r \u00f6kad andningsf\u00f6rm\u00e5ga<\/p>\n<p>Smal, formpassad huva ger skydd utan att begr\u00e4nsa sikten<\/p>\n<p>Inre blixtl\u00e5sficka p\u00e5 br\u00f6stet h\u00e5ller viktiga saker skyddade och n\u00e4ra till hands<\/p>\n","protected":false},"excerpt":{"rendered":"<p>En fleecejacka byggd f\u00f6r att t\u00e5la tuffa tag. En dubbelv\u00e4vd stretchfleece hanterar tuffa milj\u00f6er och vindbyar med l\u00e4tthet medan en DWR-bel\u00e4ggning minskar ov\u00e4ntad fukt under jakten. Alpha Fleece-jackan med huva har en s\u00f6ml\u00f6s axelkonstruktion och strategiskt placerade blixtl\u00e5sfickor f\u00f6r att s\u00e4kerst\u00e4lla komfort och tillg\u00e4nglighet n\u00e4r du b\u00e4r ryggs\u00e4ck. Den smala, \u00e5tsittande huvan ger skydd utan [&#8230;]\n","protected":false},"featured_media":290319,"comment_status":"open","ping_status":"closed","template":"","meta":[],"product_brand":[],"product_cat":[2741],"product_tag":[],"class_list":{"0":"post-290646","1":"product","2":"type-product","3":"status-publish","4":"has-post-thumbnail","6":"product_cat-jackor","8":"first","9":"instock","10":"taxable","11":"shipping-taxable","12":"purchasable","13":"product-type-variable"},"composite_virtual":false,"composite_layout":"","composite_add_to_cart_form_location":"","composite_editable_in_cart":false,"composite_sold_individually_context":"","composite_shop_price_calc":"","composite_components":[],"composite_scenarios":[],"group_of_quantity":0,"min_quantity":0,"max_quantity":"","exclude_order_quantity_value_rules":"no","exclude_category_quantity_rules":"no","combine_variations":"no","exclude_global_add_ons":[],"addons":[],"_links":{"self":[{"href":"https:\/\/www.huntersfriend.eu\/sv\/wp-json\/wp\/v2\/product\/290646","targetHints":{"allow":["GET"]}}],"collection":[{"href":"https:\/\/www.huntersfriend.eu\/sv\/wp-json\/wp\/v2\/product"}],"about":[{"href":"https:\/\/www.huntersfriend.eu\/sv\/wp-json\/wp\/v2\/types\/product"}],"replies":[{"embeddable":true,"href":"https:\/\/www.huntersfriend.eu\/sv\/wp-json\/wp\/v2\/comments?post=290646"}],"wp:featuredmedia":[{"embeddable":true,"href":"https:\/\/www.huntersfriend.eu\/sv\/wp-json\/wp\/v2\/media\/290319"}],"wp:attachment":[{"href":"https:\/\/www.huntersfriend.eu\/sv\/wp-json\/wp\/v2\/media?parent=290646"}],"wp:term":[{"taxonomy":"product_brand","embeddable":true,"href":"https:\/\/www.huntersfriend.eu\/sv\/wp-json\/wp\/v2\/product_brand?post=290646"},{"taxonomy":"product_cat","embeddable":true,"href":"https:\/\/www.huntersfriend.eu\/sv\/wp-json\/wp\/v2\/product_cat?post=290646"},{"taxonomy":"product_tag","embeddable":true,"href":"https:\/\/www.huntersfriend.eu\/sv\/wp-json\/wp\/v2\/product_tag?post=290646"}],"curies":[{"name":"wp","href":"https:\/\/api.w.org\/{rel}","templated":true}]}}