{"id":290634,"date":"2025-07-31T12:00:36","date_gmt":"2025-07-31T10:00:36","guid":{"rendered":"https:\/\/www.huntersfriend.eu\/product\/sitka-blizzard-gtx-handskar\/"},"modified":"2025-09-23T12:36:17","modified_gmt":"2025-09-23T10:36:17","slug":"sitka-blizzard-gtx-handskar","status":"publish","type":"product","link":"https:\/\/www.huntersfriend.eu\/sv\/produkt\/sitka-blizzard-gtx-handskar\/","title":{"rendered":"SITKA Blizzard GTX-handskar"},"content":{"rendered":"<p>H\u00e5ll h\u00e4nderna torra, varma och redo att prestera \u00e4ven under de v\u00e4rsta stormarna sent p\u00e5 s\u00e4songen med en avancerad kombination av ett 100 % vattent\u00e4tt, ventilerande GORE-TEX-membran och PrimaLoft\u00ae Gold-isolering. Blizzard GTX-handsken har ett stretchv\u00e4vt polyesterskal med en kortare mudd som kan stoppas in under jack\u00e4rmen f\u00f6r extra skydd mot v\u00e4der och vind. Syntetiska l\u00e4derlappar i handflatan och p\u00e5 fingrarna \u00f6kar greppet.  <\/p>\n<p>Ventilerande GORE-TEX-foder h\u00e5ller h\u00e4nderna torra<\/p>\n<p>Primaloft Gold-isolering med Cross Core-teknik<\/p>\n<p>\u00d6kad fingerf\u00e4rdighet med ett stretchv\u00e4vt polyesterskal<\/p>\n<p>Slitstark handflata och fingrar i syntetiskt l\u00e4der med extra grepplappar<\/p>\n<p>Justerbar handledsrem<\/p>\n<p>7,3 oz \/ 206 g<\/p>\n","protected":false},"excerpt":{"rendered":"<p>H\u00e5ll h\u00e4nderna torra, varma och redo att prestera \u00e4ven under de v\u00e4rsta stormarna sent p\u00e5 s\u00e4songen med en avancerad kombination av ett 100 % vattent\u00e4tt, ventilerande GORE-TEX-membran och PrimaLoft\u00ae Gold-isolering. Blizzard GTX-handsken har ett stretchv\u00e4vt polyesterskal med en kortare mudd som kan stoppas in under jack\u00e4rmen f\u00f6r extra skydd mot v\u00e4der och vind. Syntetiska l\u00e4derlappar [&#8230;]\n","protected":false},"featured_media":290440,"comment_status":"open","ping_status":"closed","template":"","meta":[],"product_brand":[],"product_cat":[2809],"product_tag":[],"class_list":{"0":"post-290634","1":"product","2":"type-product","3":"status-publish","4":"has-post-thumbnail","6":"product_cat-handskar","8":"first","9":"instock","10":"taxable","11":"shipping-taxable","12":"purchasable","13":"product-type-variable"},"composite_virtual":false,"composite_layout":"","composite_add_to_cart_form_location":"","composite_editable_in_cart":false,"composite_sold_individually_context":"","composite_shop_price_calc":"","composite_components":[],"composite_scenarios":[],"group_of_quantity":0,"min_quantity":0,"max_quantity":"","exclude_order_quantity_value_rules":"no","exclude_category_quantity_rules":"no","combine_variations":"no","exclude_global_add_ons":[],"addons":[],"_links":{"self":[{"href":"https:\/\/www.huntersfriend.eu\/sv\/wp-json\/wp\/v2\/product\/290634","targetHints":{"allow":["GET"]}}],"collection":[{"href":"https:\/\/www.huntersfriend.eu\/sv\/wp-json\/wp\/v2\/product"}],"about":[{"href":"https:\/\/www.huntersfriend.eu\/sv\/wp-json\/wp\/v2\/types\/product"}],"replies":[{"embeddable":true,"href":"https:\/\/www.huntersfriend.eu\/sv\/wp-json\/wp\/v2\/comments?post=290634"}],"wp:featuredmedia":[{"embeddable":true,"href":"https:\/\/www.huntersfriend.eu\/sv\/wp-json\/wp\/v2\/media\/290440"}],"wp:attachment":[{"href":"https:\/\/www.huntersfriend.eu\/sv\/wp-json\/wp\/v2\/media?parent=290634"}],"wp:term":[{"taxonomy":"product_brand","embeddable":true,"href":"https:\/\/www.huntersfriend.eu\/sv\/wp-json\/wp\/v2\/product_brand?post=290634"},{"taxonomy":"product_cat","embeddable":true,"href":"https:\/\/www.huntersfriend.eu\/sv\/wp-json\/wp\/v2\/product_cat?post=290634"},{"taxonomy":"product_tag","embeddable":true,"href":"https:\/\/www.huntersfriend.eu\/sv\/wp-json\/wp\/v2\/product_tag?post=290634"}],"curies":[{"name":"wp","href":"https:\/\/api.w.org\/{rel}","templated":true}]}}