{"id":290209,"date":"2025-09-17T12:44:25","date_gmt":"2025-09-17T10:44:25","guid":{"rendered":"https:\/\/www.huntersfriend.eu\/product\/easton-fmj-max-skaft\/"},"modified":"2026-01-30T14:32:40","modified_gmt":"2026-01-30T12:32:40","slug":"easton-fmj-max-skaft","status":"publish","type":"product","link":"https:\/\/www.huntersfriend.eu\/sv\/produkt\/easton-fmj-max-skaft\/","title":{"rendered":"Easton FMJ Max-skaft"},"content":{"rendered":"<div class=\"elementor-element elementor-element-53ed336 elementor-widget elementor-widget-text-editor\" data-id=\"53ed336\" data-element_type=\"widget\" data-widget_type=\"text-editor.default\">\n<div class=\"elementor-widget-container\">\n<p>Vi presenterar den helt nya Easton 5mm FMJ MAX. Den nya FMJ MAX kombinerar den v\u00e4lk\u00e4nda kraften hos Full Metal Jacket-pilar med den \u00f6kade hastigheten hos en l\u00e4ttare plattform. FMJ MAX \u00e4r konstruerad f\u00f6r m\u00e5ngsidig, blandad prestanda och m\u00f6jligg\u00f6r snabbare hastigheter till m\u00e5let eller h\u00f6gre FOC-pilbyggen (Front of Center) f\u00f6r att \u00f6ka noggrannheten. 5mm FMJ MAX \u00e4r tillverkad i USA och har en s\u00f6ml\u00f6s Easton Acu-Carbon-k\u00e4rna som \u00e4r sammansm\u00e4lt med en precisions aluminiummantel. Synergin av att kombinera kol och aluminium skapar st\u00f6rre ballistisk effektivitet, h\u00f6gre energi vid tr\u00e4ff och \u00f6kar momentum, vilket g\u00f6r det till det idealiska skaftet f\u00f6r att f\u00e4lla storvilt.    <\/p>\n<p>FMJ MAX anv\u00e4nder det nya 5mm Microlite Nock System, med kortare flikar och en f\u00f6rb\u00e4ttrad halsdesign f\u00f6r \u00f6kad f\u00f6rl\u00e5telse och enklare justering. FMJ MAX-pilar \u00e4r ytbehandlade med en h\u00e5rdanodiserad olivgr\u00f6n matt diamantpl\u00e5tsestetik och finns i b\u00e5de standard- och Match Grade-versioner och finns i fem spines (200, 250, 300, 340, 400) f\u00f6r att passa praktiskt taget alla b\u00e5gjaktsupps\u00e4ttningar. <\/p>\n<p>Kraft, penetration och h\u00f6gre hastighet kombineras f\u00f6r att g\u00f6ra FMJ MAX till den b\u00e4sta pilen f\u00f6r b\u00e5gskyttets mest seri\u00f6sa b\u00e5gj\u00e4gare.<\/p>\n<\/div>\n<\/div>\n<div class=\"elementor-element elementor-element-90f6ebb elementor-widget elementor-widget-heading\" data-id=\"90f6ebb\" data-element_type=\"widget\" data-widget_type=\"heading.default\">\n<div class=\"elementor-widget-container\">\n<h6 class=\"elementor-heading-title elementor-size-default\">SPECIFIKATIONER<\/h6>\n<\/div>\n<\/div>\n<div class=\"elementor-element elementor-element-5b5bab3 elementor-widget elementor-widget-text-editor\" data-id=\"5b5bab3\" data-element_type=\"widget\" data-widget_type=\"text-editor.default\">\n<div class=\"elementor-widget-container\">\n<p><strong>Funktioner:<\/strong><\/p>\n<ul>\n<li>H\u00f6gre hastighet och \u00f6kad penetration<\/li>\n<li>5 mm kolk\u00e4rna med en 7075-legerad metallmantel<\/li>\n<li>NYA Microlite 5mm-nockar<\/li>\n<li>5MM HIT 8-32-insatser eller NYA 50 grain st\u00e5l half-out-alternativ i ett stycke<\/li>\n<li>5MM HIT-kragar ing\u00e5r (Match Grade)<\/li>\n<li>L\u00e4tt att dra ur m\u00e5let<\/li>\n<li>H\u00e5rdanodiserad olivgr\u00f6n diamantpl\u00e5tsfinish<\/li>\n<li>Rakhet +\/- 0,001 tum<\/li>\n<li>Tillverkad i USA<\/li>\n<li>Finns i b\u00e5de standard- och Match Grade-versioner (Kontakta oss direkt f\u00f6r Match Grade- eller half-out-insatsversioner)<\/li>\n<\/ul>\n<table id=\"tablepress-103\" class=\"tablepress tablepress-id-103 dataTable\">\n<tbody class=\"row-striping row-hover\">\n<tr class=\"row-2\">\n<td class=\"column-2\">GPI<\/td>\n<td class=\"column-3\">Nedb\u00f6jning i tum<\/td>\n<td class=\"column-4\">Tum<\/td>\n<td class=\"column-5\">Y.D. Tum<\/td>\n<td class=\"column-6\">Storlek<\/td>\n<td class=\"column-7\">Tum<\/td>\n<td class=\"column-8\">Storlek<\/td>\n<\/tr>\n<tr class=\"row-3\">\n<td class=\"column-1\">*200<\/td>\n<td class=\"column-2\">13.3<\/td>\n<td class=\"column-3\">0.200<\/td>\n<td class=\"column-4\">33.5<\/td>\n<td class=\"column-5\">9\/32<\/td>\n<td class=\"column-6\">#5<\/td>\n<td class=\"column-7\">0.280<\/td>\n<td class=\"column-8\">#2<\/td>\n<\/tr>\n<tr class=\"row-4\">\n<td class=\"column-1\">*250<\/td>\n<td class=\"column-2\">11.3<\/td>\n<td class=\"column-3\">0.250<\/td>\n<td class=\"column-4\">33<\/td>\n<td class=\"column-5\">9\/32<\/td>\n<td class=\"column-6\">#3<\/td>\n<td class=\"column-7\">0.269<\/td>\n<td class=\"column-8\">#2<\/td>\n<\/tr>\n<tr class=\"row-5\">\n<td class=\"column-1\">*300<\/td>\n<td class=\"column-2\">10.3<\/td>\n<td class=\"column-3\">0.300<\/td>\n<td class=\"column-4\">32.5<\/td>\n<td class=\"column-5\">17\/64<\/td>\n<td class=\"column-6\">#2<\/td>\n<td class=\"column-7\">0.264<\/td>\n<td class=\"column-8\">#2<\/td>\n<\/tr>\n<tr class=\"row-6\">\n<td class=\"column-1\">*340<\/td>\n<td class=\"column-2\">9.8<\/td>\n<td class=\"column-3\">0.340<\/td>\n<td class=\"column-4\">32<\/td>\n<td class=\"column-5\">17\/64<\/td>\n<td class=\"column-6\">#1.5<\/td>\n<td class=\"column-7\">0.261<\/td>\n<td class=\"column-8\">#1<\/td>\n<\/tr>\n<tr class=\"row-7\">\n<td class=\"column-1\">*400<\/td>\n<td class=\"column-2\">9.0<\/td>\n<td class=\"column-3\">0.400<\/td>\n<td class=\"column-4\">31.5<\/td>\n<td class=\"column-5\">17\/64<\/td>\n<td class=\"column-6\">#1<\/td>\n<td class=\"column-7\">0.257<\/td>\n<td class=\"column-8\">#1<\/td>\n<\/tr>\n<\/tbody>\n<\/table>\n<\/div>\n<\/div>\n","protected":false},"excerpt":{"rendered":"<p>Vi presenterar den helt nya Easton 5mm FMJ MAX. Den nya FMJ MAX kombinerar den v\u00e4lk\u00e4nda kraften hos Full Metal Jacket-pilar med den \u00f6kade hastigheten hos en l\u00e4ttare plattform. FMJ MAX \u00e4r konstruerad f\u00f6r m\u00e5ngsidig, blandad prestanda och m\u00f6jligg\u00f6r snabbare hastigheter till m\u00e5let eller h\u00f6gre FOC-pilbyggen (Front of Center) f\u00f6r att \u00f6ka noggrannheten. 5mm FMJ [&#8230;]\n","protected":false},"featured_media":290047,"comment_status":"open","ping_status":"closed","template":"","meta":[],"product_brand":[],"product_cat":[3112,2550],"product_tag":[],"class_list":{"0":"post-290209","1":"product","2":"type-product","3":"status-publish","4":"has-post-thumbnail","6":"product_cat-aluminiumskaft","7":"product_cat-koljaktskaft","9":"first","10":"instock","11":"taxable","12":"shipping-taxable","13":"purchasable","14":"product-type-variable"},"composite_virtual":false,"composite_layout":"","composite_add_to_cart_form_location":"","composite_editable_in_cart":false,"composite_sold_individually_context":"","composite_shop_price_calc":"","composite_components":[],"composite_scenarios":[],"group_of_quantity":0,"min_quantity":0,"max_quantity":"","exclude_order_quantity_value_rules":"no","exclude_category_quantity_rules":"no","combine_variations":"no","exclude_global_add_ons":[],"addons":[],"_links":{"self":[{"href":"https:\/\/www.huntersfriend.eu\/sv\/wp-json\/wp\/v2\/product\/290209","targetHints":{"allow":["GET"]}}],"collection":[{"href":"https:\/\/www.huntersfriend.eu\/sv\/wp-json\/wp\/v2\/product"}],"about":[{"href":"https:\/\/www.huntersfriend.eu\/sv\/wp-json\/wp\/v2\/types\/product"}],"replies":[{"embeddable":true,"href":"https:\/\/www.huntersfriend.eu\/sv\/wp-json\/wp\/v2\/comments?post=290209"}],"wp:featuredmedia":[{"embeddable":true,"href":"https:\/\/www.huntersfriend.eu\/sv\/wp-json\/wp\/v2\/media\/290047"}],"wp:attachment":[{"href":"https:\/\/www.huntersfriend.eu\/sv\/wp-json\/wp\/v2\/media?parent=290209"}],"wp:term":[{"taxonomy":"product_brand","embeddable":true,"href":"https:\/\/www.huntersfriend.eu\/sv\/wp-json\/wp\/v2\/product_brand?post=290209"},{"taxonomy":"product_cat","embeddable":true,"href":"https:\/\/www.huntersfriend.eu\/sv\/wp-json\/wp\/v2\/product_cat?post=290209"},{"taxonomy":"product_tag","embeddable":true,"href":"https:\/\/www.huntersfriend.eu\/sv\/wp-json\/wp\/v2\/product_tag?post=290209"}],"curies":[{"name":"wp","href":"https:\/\/api.w.org\/{rel}","templated":true}]}}