{"id":290204,"date":"2025-08-08T00:24:35","date_gmt":"2025-08-07T22:24:35","guid":{"rendered":"https:\/\/www.huntersfriend.eu\/product\/sitka-stormfront-byxor\/"},"modified":"2025-09-23T09:23:50","modified_gmt":"2025-09-23T07:23:50","slug":"sitka-stormfront-byxor","status":"publish","type":"product","link":"https:\/\/www.huntersfriend.eu\/sv\/produkt\/sitka-stormfront-byxor\/","title":{"rendered":"SITKA Stormfront-byxor"},"content":{"rendered":"<p>Stormfront-byxan \u00e4r det perfekta komplementet till Stormfront-jackan och anv\u00e4nder v\u00e5rt mest slitstarka och n\u00f6tningsbest\u00e4ndiga GORE-TEX 3-lagers Pro Shell-laminat. F\u00f6r att ytterligare f\u00f6rb\u00e4ttra h\u00e5llbarheten har vi lagt till n\u00f6tningsbest\u00e4ndiga f\u00f6rst\u00e4rkningar p\u00e5 kn\u00e4na. Dessa fullt utrustade byxor erbjuder ett p\u00e5litligt skydd n\u00e4r du ger dig in i besv\u00e4rliga alpina klimat f\u00f6r veckol\u00e5nga utflykter.  <\/p>\n<p>Vikt: 683,22 gr \/\/ Storlek L<\/p>\n<p>Material: Vattent\u00e4tt 3-lagers GORE-TEX PRO, polyestertyg.<\/p>\n<p>Cargo-fickor med tryckknapp: Med integrerade s\u00e4kerhetsfickor med dragkedja.<\/p>\n<p>Vattent\u00e4tt 3-lagers GORE-TEX\u00ae-laminat: Maximalt skydd f\u00f6r besv\u00e4rliga alpina klimat.<\/p>\n<p>Handfickor i full\u00e4ngd med YKK\u00ae Aqua-Guard\u2122: N\u00f6tningsbest\u00e4ndiga och extremt slitstarka.<\/p>\n<p>Avtagbara SITKA\u00ae-h\u00e4ngslen: \u00d6kad funktionalitet f\u00f6r Stormfront-jackans perfekta komplement.<\/p>\n<p>GORE-TEX\u00ae-teknik: Kl\u00e4der tillverkade med GORE-TEX\u00ae-tyger \u00e4r h\u00e5llbart vattent\u00e4ta, l\u00e4tta och extremt ventilerande.<\/p>\n","protected":false},"excerpt":{"rendered":"<p>Stormfront-byxan \u00e4r det perfekta komplementet till Stormfront-jackan och anv\u00e4nder v\u00e5rt mest slitstarka och n\u00f6tningsbest\u00e4ndiga GORE-TEX 3-lagers Pro Shell-laminat. F\u00f6r att ytterligare f\u00f6rb\u00e4ttra h\u00e5llbarheten har vi lagt till n\u00f6tningsbest\u00e4ndiga f\u00f6rst\u00e4rkningar p\u00e5 kn\u00e4na. Dessa fullt utrustade byxor erbjuder ett p\u00e5litligt skydd n\u00e4r du ger dig in i besv\u00e4rliga alpina klimat f\u00f6r veckol\u00e5nga utflykter. Vikt: 683,22 gr \/\/ [&#8230;]\n","protected":false},"featured_media":289984,"comment_status":"open","ping_status":"closed","template":"","meta":[],"product_brand":[],"product_cat":[2779],"product_tag":[],"class_list":{"0":"post-290204","1":"product","2":"type-product","3":"status-publish","4":"has-post-thumbnail","6":"product_cat-byxor","8":"first","9":"outofstock","10":"taxable","11":"shipping-taxable","12":"purchasable","13":"product-type-variable"},"composite_virtual":false,"composite_layout":"","composite_add_to_cart_form_location":"","composite_editable_in_cart":false,"composite_sold_individually_context":"","composite_shop_price_calc":"","composite_components":[],"composite_scenarios":[],"group_of_quantity":0,"min_quantity":0,"max_quantity":"","exclude_order_quantity_value_rules":"no","exclude_category_quantity_rules":"no","combine_variations":"no","exclude_global_add_ons":[],"addons":[],"_links":{"self":[{"href":"https:\/\/www.huntersfriend.eu\/sv\/wp-json\/wp\/v2\/product\/290204","targetHints":{"allow":["GET"]}}],"collection":[{"href":"https:\/\/www.huntersfriend.eu\/sv\/wp-json\/wp\/v2\/product"}],"about":[{"href":"https:\/\/www.huntersfriend.eu\/sv\/wp-json\/wp\/v2\/types\/product"}],"replies":[{"embeddable":true,"href":"https:\/\/www.huntersfriend.eu\/sv\/wp-json\/wp\/v2\/comments?post=290204"}],"wp:featuredmedia":[{"embeddable":true,"href":"https:\/\/www.huntersfriend.eu\/sv\/wp-json\/wp\/v2\/media\/289984"}],"wp:attachment":[{"href":"https:\/\/www.huntersfriend.eu\/sv\/wp-json\/wp\/v2\/media?parent=290204"}],"wp:term":[{"taxonomy":"product_brand","embeddable":true,"href":"https:\/\/www.huntersfriend.eu\/sv\/wp-json\/wp\/v2\/product_brand?post=290204"},{"taxonomy":"product_cat","embeddable":true,"href":"https:\/\/www.huntersfriend.eu\/sv\/wp-json\/wp\/v2\/product_cat?post=290204"},{"taxonomy":"product_tag","embeddable":true,"href":"https:\/\/www.huntersfriend.eu\/sv\/wp-json\/wp\/v2\/product_tag?post=290204"}],"curies":[{"name":"wp","href":"https:\/\/api.w.org\/{rel}","templated":true}]}}