{"id":290196,"date":"2025-09-23T08:42:11","date_gmt":"2025-09-23T06:42:11","guid":{"rendered":"https:\/\/www.huntersfriend.eu\/product\/huntworth-grayling-hoodie-tarnen-2\/"},"modified":"2025-09-23T09:23:48","modified_gmt":"2025-09-23T07:23:48","slug":"huntworth-grayling-hoodie-tarnen-2","status":"publish","type":"product","link":"https:\/\/www.huntersfriend.eu\/sv\/produkt\/huntworth-grayling-hoodie-tarnen-2\/","title":{"rendered":"Huntworth Grayling hoodie &#8211; tarnen"},"content":{"rendered":"<p><strong>Grayling \u2013 Den varmaste hoodien du n\u00e5gonsin kommer att b\u00e4ra.<\/strong><\/p>\n<p>Grayling, en tung jakt-hoodie med 1\/2 dragkedja f\u00f6r m\u00e4n i Tarnen-camo, \u00e4r perfekt att anv\u00e4nda som ett frist\u00e5ende plagg eller som ett lager och erbjuder l\u00e4tt, \u00f6verl\u00e4gsen v\u00e4rme. Heat Boost-grafenteknologin p\u00e5 insidan ger ett h\u00f6gt f\u00f6rh\u00e5llande mellan v\u00e4rme och vikt. Grafengarnet som stickats in i fleeceinsidan har den otroliga v\u00e4rmeledningsf\u00f6rm\u00e5gan, fukttransporterande och doftkontrollerande f\u00f6rm\u00e5gan som \u00e4r inneboende i grafen. Grafenet utnyttjar din kropps energi, absorberar v\u00e4rmen och sl\u00e4pper tillbaka den p\u00e5 din kropp. Detta omger bokstavligen din k\u00e4rna, rygg och armar i en varaktig, str\u00e5lande v\u00e4rme.    <\/p>\n<p>Funktionerna hos en formpassad huva, sele\u00e5tkomstport och inv\u00e4ndiga tum\u00f6glor p\u00e5 manschetten inneb\u00e4r att Grayling kan fungera antingen som ditt yttre lager eller som en isolerande del, beroende p\u00e5 temperaturen. Rekommenderat temperaturomr\u00e5de p\u00e5 4,4 \u00b0C till 15,6 \u00b0C grader ensam, eller anv\u00e4nd som en del av ditt lagersystem. <\/p>\n<div class=\"header\">Funktioner<\/div>\n<div class=\"even\"><strong>Yttermaterial:<\/strong> Dubbelt lager tyg best\u00e5ende av stretchpolyester bundet till en Heat Boost\u2122-grafenfleece f\u00f6r en kombinerad tygvikt p\u00e5 cirka 325 g. 100 % polyester. <\/div>\n<div class=\"odd\"><strong>Heat Boost\u2122-grafenteknologi:<\/strong> En serie f\u00f6rb\u00e4ttrade tyger som \u00e4r superladdade med grafens v\u00e4rmeledningsf\u00f6rm\u00e5ga, fukttransport och doftkontroll.<\/div>\n<div class=\"even\"><strong>DWR:<\/strong> Slitstark vattenavvisande (DWR) finish p\u00e5 tygets yta st\u00f6ter bort fukt och l\u00e4tt sn\u00f6.<\/div>\n<div class=\"odd\"><strong>F\u00f6rvaringsfickor:<\/strong> K\u00e4nguruficka fram och en br\u00f6stficka med dragkedja upptill<\/div>\n<div class=\"even\"><strong>Nedf\u00e4lld f\u00e5ll bak:<\/strong> L\u00e4ngre bak f\u00f6r mer t\u00e4ckning<\/div>\n<div class=\"odd\"><strong>Dragkedja:<\/strong> Halv dragkedja med hakskydd<\/div>\n<div class=\"even\"><strong>Ansiktsmask:<\/strong> Inbyggd ansiktsmask<\/div>\n<div class=\"odd\"><strong>Huva:<\/strong> Formad huva f\u00f6r fri periferisyn<\/div>\n<div class=\"even\"><strong>Manschetter:<\/strong> Tumgrepp p\u00e5 manschettens insida<\/div>\n<div class=\"odd\"><strong>Specialfunktion:<\/strong> H\u00e5l f\u00f6r sele\u00e5tkomst<\/div>\n<div class=\"even\"><strong>Plaggets vikt:<\/strong> 0,6 kg f\u00f6r storlek XL<\/div>\n<div class=\"odd\"><strong>F\u00f6reslaget temperaturomr\u00e5de:<\/strong> -12 \u00b0C &#8211; 7 \u00b0C med lager efter behov.<\/div>\n","protected":false},"excerpt":{"rendered":"<p>Grayling \u2013 Den varmaste hoodien du n\u00e5gonsin kommer att b\u00e4ra. Grayling, en tung jakt-hoodie med 1\/2 dragkedja f\u00f6r m\u00e4n i Tarnen-camo, \u00e4r perfekt att anv\u00e4nda som ett frist\u00e5ende plagg eller som ett lager och erbjuder l\u00e4tt, \u00f6verl\u00e4gsen v\u00e4rme. Heat Boost-grafenteknologin p\u00e5 insidan ger ett h\u00f6gt f\u00f6rh\u00e5llande mellan v\u00e4rme och vikt. Grafengarnet som stickats in i [&#8230;]\n","protected":false},"featured_media":290142,"comment_status":"open","ping_status":"closed","template":"","meta":[],"product_brand":[],"product_cat":[2813],"product_tag":[],"class_list":{"0":"post-290196","1":"product","2":"type-product","3":"status-publish","4":"has-post-thumbnail","6":"product_cat-skjortor-hoodies","8":"first","9":"instock","10":"taxable","11":"shipping-taxable","12":"purchasable","13":"product-type-variable"},"composite_virtual":false,"composite_layout":"","composite_add_to_cart_form_location":"","composite_editable_in_cart":false,"composite_sold_individually_context":"","composite_shop_price_calc":"","composite_components":[],"composite_scenarios":[],"group_of_quantity":0,"min_quantity":0,"max_quantity":"","exclude_order_quantity_value_rules":"no","exclude_category_quantity_rules":"no","combine_variations":"no","exclude_global_add_ons":[],"addons":[],"_links":{"self":[{"href":"https:\/\/www.huntersfriend.eu\/sv\/wp-json\/wp\/v2\/product\/290196","targetHints":{"allow":["GET"]}}],"collection":[{"href":"https:\/\/www.huntersfriend.eu\/sv\/wp-json\/wp\/v2\/product"}],"about":[{"href":"https:\/\/www.huntersfriend.eu\/sv\/wp-json\/wp\/v2\/types\/product"}],"replies":[{"embeddable":true,"href":"https:\/\/www.huntersfriend.eu\/sv\/wp-json\/wp\/v2\/comments?post=290196"}],"wp:featuredmedia":[{"embeddable":true,"href":"https:\/\/www.huntersfriend.eu\/sv\/wp-json\/wp\/v2\/media\/290142"}],"wp:attachment":[{"href":"https:\/\/www.huntersfriend.eu\/sv\/wp-json\/wp\/v2\/media?parent=290196"}],"wp:term":[{"taxonomy":"product_brand","embeddable":true,"href":"https:\/\/www.huntersfriend.eu\/sv\/wp-json\/wp\/v2\/product_brand?post=290196"},{"taxonomy":"product_cat","embeddable":true,"href":"https:\/\/www.huntersfriend.eu\/sv\/wp-json\/wp\/v2\/product_cat?post=290196"},{"taxonomy":"product_tag","embeddable":true,"href":"https:\/\/www.huntersfriend.eu\/sv\/wp-json\/wp\/v2\/product_tag?post=290196"}],"curies":[{"name":"wp","href":"https:\/\/api.w.org\/{rel}","templated":true}]}}