{"id":290188,"date":"2025-09-17T10:24:07","date_gmt":"2025-09-17T08:24:07","guid":{"rendered":"https:\/\/www.huntersfriend.eu\/product\/sitka-ascent-byxor-for-dam\/"},"modified":"2026-01-29T12:13:34","modified_gmt":"2026-01-29T10:13:34","slug":"sitka-ascent-byxor-for-dam","status":"publish","type":"product","link":"https:\/\/www.huntersfriend.eu\/sv\/produkt\/sitka-ascent-byxor-for-dam\/","title":{"rendered":"SITKA Ascent-byxor f\u00f6r dam"},"content":{"rendered":"<p>De l\u00e4tta och ventilerande Ascent-byxorna f\u00f6r dam \u00e4r ett radikalt steg upp\u00e5t n\u00e4r det g\u00e4ller prestanda i varmt v\u00e4der, designade f\u00f6r den kvinnliga formen. Den l\u00e4tta Cordura\u00ae-nylonkonstruktionen \u00e4r f\u00f6ljsam samtidigt som den h\u00e5ller dig sval och torr. Med ett inbyggt b\u00e4lte, formade anklar och en l\u00e5g profil i midjan erbjuder Ascent-byxorna verkligt o\u00f6vertr\u00e4ffad komfort.  <\/p>\n<p>Luftig men t\u00e5lig Cordura-nylonkonstruktion<\/p>\n<p>L\u00e5g profil i midjan med integrerat b\u00e4lte<\/p>\n<p>Framsida utan gylf f\u00f6r f\u00f6rb\u00e4ttrad passform och komfort<\/p>\n<p>Kn\u00e4skyddsfickor i mesh<\/p>\n<p>L\u00e5gprofilerade cargofickor med dragkedja<\/p>\n<p>&nbsp;<\/p>\n","protected":false},"excerpt":{"rendered":"<p>De l\u00e4tta och ventilerande Ascent-byxorna f\u00f6r dam \u00e4r ett radikalt steg upp\u00e5t n\u00e4r det g\u00e4ller prestanda i varmt v\u00e4der, designade f\u00f6r den kvinnliga formen. Den l\u00e4tta Cordura\u00ae-nylonkonstruktionen \u00e4r f\u00f6ljsam samtidigt som den h\u00e5ller dig sval och torr. Med ett inbyggt b\u00e4lte, formade anklar och en l\u00e5g profil i midjan erbjuder Ascent-byxorna verkligt o\u00f6vertr\u00e4ffad komfort. Luftig [&#8230;]\n","protected":false},"featured_media":290003,"comment_status":"open","ping_status":"closed","template":"","meta":[],"product_brand":[],"product_cat":[2779],"product_tag":[],"class_list":{"0":"post-290188","1":"product","2":"type-product","3":"status-publish","4":"has-post-thumbnail","6":"product_cat-byxor","8":"first","9":"instock","10":"taxable","11":"shipping-taxable","12":"purchasable","13":"product-type-variable"},"composite_virtual":false,"composite_layout":"","composite_add_to_cart_form_location":"","composite_editable_in_cart":false,"composite_sold_individually_context":"","composite_shop_price_calc":"","composite_components":[],"composite_scenarios":[],"group_of_quantity":0,"min_quantity":0,"max_quantity":"","exclude_order_quantity_value_rules":"no","exclude_category_quantity_rules":"no","combine_variations":"no","exclude_global_add_ons":[],"addons":[],"_links":{"self":[{"href":"https:\/\/www.huntersfriend.eu\/sv\/wp-json\/wp\/v2\/product\/290188","targetHints":{"allow":["GET"]}}],"collection":[{"href":"https:\/\/www.huntersfriend.eu\/sv\/wp-json\/wp\/v2\/product"}],"about":[{"href":"https:\/\/www.huntersfriend.eu\/sv\/wp-json\/wp\/v2\/types\/product"}],"replies":[{"embeddable":true,"href":"https:\/\/www.huntersfriend.eu\/sv\/wp-json\/wp\/v2\/comments?post=290188"}],"wp:featuredmedia":[{"embeddable":true,"href":"https:\/\/www.huntersfriend.eu\/sv\/wp-json\/wp\/v2\/media\/290003"}],"wp:attachment":[{"href":"https:\/\/www.huntersfriend.eu\/sv\/wp-json\/wp\/v2\/media?parent=290188"}],"wp:term":[{"taxonomy":"product_brand","embeddable":true,"href":"https:\/\/www.huntersfriend.eu\/sv\/wp-json\/wp\/v2\/product_brand?post=290188"},{"taxonomy":"product_cat","embeddable":true,"href":"https:\/\/www.huntersfriend.eu\/sv\/wp-json\/wp\/v2\/product_cat?post=290188"},{"taxonomy":"product_tag","embeddable":true,"href":"https:\/\/www.huntersfriend.eu\/sv\/wp-json\/wp\/v2\/product_tag?post=290188"}],"curies":[{"name":"wp","href":"https:\/\/api.w.org\/{rel}","templated":true}]}}