{"id":289824,"date":"2025-07-30T12:52:22","date_gmt":"2025-07-30T10:52:22","guid":{"rendered":"https:\/\/www.huntersfriend.eu\/product\/rogers-workin-man-360-svangstol\/"},"modified":"2025-11-07T08:20:06","modified_gmt":"2025-11-07T06:20:06","slug":"rogers-workin-man-360-svangstol","status":"publish","type":"product","link":"https:\/\/www.huntersfriend.eu\/sv\/produkt\/rogers-workin-man-360-svangstol\/","title":{"rendered":"Rogers Workin\u2019 Man 360\u00b0 sv\u00e4ngstol"},"content":{"rendered":"<h1>Workin&#8217; Man 360\u00b0 sv\u00e4ngstol<\/h1>\n<p>Rogers Workin&#8217; Man 360 Sv\u00e4ngstol har en hopf\u00e4llbar, utrymmesbesparande design samt 360 graders rotation. Den vadderade sitsen och ryggen s\u00e4kerst\u00e4ller l\u00e5ngvarig komfort. Den hopf\u00e4llbara designen och den fastsatta b\u00e4rremmen g\u00f6r att du kan ta den med dig.  <strong> <\/strong><\/p>\n<h2>Funktioner<\/h2>\n<ul>\n<li>Tjock skumvaddering f\u00f6r komfort<\/li>\n<li>360\u00b0 rotation<\/li>\n<li>Slitstark st\u00e5lram<\/li>\n<li>B\u00e4rrem<\/li>\n<\/ul>\n<h2>Specifikationer<\/h2>\n<ul>\n<li>Sitth\u00f6jd: 17,75 tum<\/li>\n<li>Viktkapacitet: 300 lbs<\/li>\n<li>Produktvikt: 13,7 lbs.<\/li>\n<\/ul>\n<p><em><br \/>\nRogers Workin&#8217; Man 360\u00b0 sv\u00e4ngstol i mossig ekbotten<\/em><\/p>\n","protected":false},"excerpt":{"rendered":"<p>Workin&#8217; Man 360\u00b0 sv\u00e4ngstol Rogers Workin&#8217; Man 360 Sv\u00e4ngstol har en hopf\u00e4llbar, utrymmesbesparande design samt 360 graders rotation. Den vadderade sitsen och ryggen s\u00e4kerst\u00e4ller l\u00e5ngvarig komfort. Den hopf\u00e4llbara designen och den fastsatta b\u00e4rremmen g\u00f6r att du kan ta den med dig. Funktioner Tjock skumvaddering f\u00f6r komfort 360\u00b0 rotation Slitstark st\u00e5lram B\u00e4rrem Specifikationer Sitth\u00f6jd: 17,75 tum [&#8230;]\n","protected":false},"featured_media":289477,"comment_status":"open","ping_status":"closed","template":"","meta":[],"product_brand":[],"product_cat":[2567,2574,2563],"product_tag":[],"class_list":{"0":"post-289824","1":"product","2":"type-product","3":"status-publish","4":"has-post-thumbnail","6":"product_cat-campingtillbehor","7":"product_cat-stolar-och-pallar-for-gomslen","8":"product_cat-tillbehor-for-jakt-torn-och-gomslen","9":"product_shipping_class-medium-sv","11":"first","12":"outofstock","13":"taxable","14":"shipping-taxable","15":"purchasable","16":"product-type-simple"},"composite_virtual":false,"composite_layout":"","composite_add_to_cart_form_location":"","composite_editable_in_cart":false,"composite_sold_individually_context":"","composite_shop_price_calc":"","composite_components":[],"composite_scenarios":[],"group_of_quantity":0,"min_quantity":0,"max_quantity":"","exclude_order_quantity_value_rules":"no","exclude_category_quantity_rules":"no","combine_variations":"no","exclude_global_add_ons":[],"addons":[],"_links":{"self":[{"href":"https:\/\/www.huntersfriend.eu\/sv\/wp-json\/wp\/v2\/product\/289824","targetHints":{"allow":["GET"]}}],"collection":[{"href":"https:\/\/www.huntersfriend.eu\/sv\/wp-json\/wp\/v2\/product"}],"about":[{"href":"https:\/\/www.huntersfriend.eu\/sv\/wp-json\/wp\/v2\/types\/product"}],"replies":[{"embeddable":true,"href":"https:\/\/www.huntersfriend.eu\/sv\/wp-json\/wp\/v2\/comments?post=289824"}],"wp:featuredmedia":[{"embeddable":true,"href":"https:\/\/www.huntersfriend.eu\/sv\/wp-json\/wp\/v2\/media\/289477"}],"wp:attachment":[{"href":"https:\/\/www.huntersfriend.eu\/sv\/wp-json\/wp\/v2\/media?parent=289824"}],"wp:term":[{"taxonomy":"product_brand","embeddable":true,"href":"https:\/\/www.huntersfriend.eu\/sv\/wp-json\/wp\/v2\/product_brand?post=289824"},{"taxonomy":"product_cat","embeddable":true,"href":"https:\/\/www.huntersfriend.eu\/sv\/wp-json\/wp\/v2\/product_cat?post=289824"},{"taxonomy":"product_tag","embeddable":true,"href":"https:\/\/www.huntersfriend.eu\/sv\/wp-json\/wp\/v2\/product_tag?post=289824"}],"curies":[{"name":"wp","href":"https:\/\/api.w.org\/{rel}","templated":true}]}}