{"id":289820,"date":"2025-07-30T12:52:20","date_gmt":"2025-07-30T10:52:20","guid":{"rendered":"https:\/\/www.huntersfriend.eu\/product\/rogers-elite-hunter-360-komfortstol\/"},"modified":"2025-09-03T10:08:30","modified_gmt":"2025-09-03T08:08:30","slug":"rogers-elite-hunter-360-komfortstol","status":"publish","type":"product","link":"https:\/\/www.huntersfriend.eu\/sv\/produkt\/rogers-elite-hunter-360-komfortstol\/","title":{"rendered":"Rogers Elite Hunter 360\u00b0 komfortstol"},"content":{"rendered":"<h1>Elite Hunter 360\u00b0 komfortsv\u00e4ngstol<\/h1>\n<p>Jaga hela dagen, sitt hela dagen! Rogers Elite Hunter Chair \u00e4r den bekv\u00e4maste stolen Rogers tillverkar! Med en extra bred loungestol, bekv\u00e4mt ryggst\u00f6d och justerbara EVA-skumvadderade armst\u00f6d, kommer den h\u00e4r stolen att passa dig perfekt. Den starka och robusta justerbara 4-bensbasen anpassar sig till alla typer av terr\u00e4ng och fungerar \u00e4ven i lera! Du kommer att tycka att den h\u00e4r stolen \u00e4r perfekt f\u00f6r markblinds, glasfiberblinds och pit blinds.    <\/p>\n<h2>Funktioner<\/h2>\n<ul>\n<li>NY b\u00f6jd loungestolsdesign<\/li>\n<li>St\u00e5lram<\/li>\n<li>Justerbara armst\u00f6d med EVA-skumvaddering<\/li>\n<li>Neoprenstoppning i sitsen<\/li>\n<li>360\u00b0 rotation<\/li>\n<li>4 justerbara och l\u00e5sbara ben<\/li>\n<li>Sv\u00e4ngbara \u00f6verdimensionerade ankf\u00f6tter<\/li>\n<li>Reflekterande r\u00e4nder p\u00e5 sits och ryggst\u00f6d<\/li>\n<li>Sitth\u00f6jd: 19&#8243;-23&#8243;<\/li>\n<li>Sittbredd: 23&#8243;<\/li>\n<li>Sittdjup: 18&#8243;<\/li>\n<li>Viktkapacitet: 350 lbs.<\/li>\n<li>Vikt: 21,34 lbs.<\/li>\n<\/ul>\n","protected":false},"excerpt":{"rendered":"<p>Elite Hunter 360\u00b0 komfortsv\u00e4ngstol Jaga hela dagen, sitt hela dagen! Rogers Elite Hunter Chair \u00e4r den bekv\u00e4maste stolen Rogers tillverkar! Med en extra bred loungestol, bekv\u00e4mt ryggst\u00f6d och justerbara EVA-skumvadderade armst\u00f6d, kommer den h\u00e4r stolen att passa dig perfekt. Den starka och robusta justerbara 4-bensbasen anpassar sig till alla typer av terr\u00e4ng och fungerar \u00e4ven [&#8230;]\n","protected":false},"featured_media":289532,"comment_status":"open","ping_status":"closed","template":"","meta":[],"product_brand":[],"product_cat":[2574,2563],"product_tag":[],"class_list":{"0":"post-289820","1":"product","2":"type-product","3":"status-publish","4":"has-post-thumbnail","6":"product_cat-stolar-och-pallar-for-gomslen","7":"product_cat-tillbehor-for-jakt-torn-och-gomslen","8":"product_shipping_class-medium-sv","10":"first","11":"outofstock","12":"taxable","13":"shipping-taxable","14":"purchasable","15":"product-type-simple"},"composite_virtual":false,"composite_layout":"","composite_add_to_cart_form_location":"","composite_editable_in_cart":false,"composite_sold_individually_context":"","composite_shop_price_calc":"","composite_components":[],"composite_scenarios":[],"group_of_quantity":0,"min_quantity":0,"max_quantity":"","exclude_order_quantity_value_rules":"no","exclude_category_quantity_rules":"no","combine_variations":"no","exclude_global_add_ons":[],"addons":[],"_links":{"self":[{"href":"https:\/\/www.huntersfriend.eu\/sv\/wp-json\/wp\/v2\/product\/289820","targetHints":{"allow":["GET"]}}],"collection":[{"href":"https:\/\/www.huntersfriend.eu\/sv\/wp-json\/wp\/v2\/product"}],"about":[{"href":"https:\/\/www.huntersfriend.eu\/sv\/wp-json\/wp\/v2\/types\/product"}],"replies":[{"embeddable":true,"href":"https:\/\/www.huntersfriend.eu\/sv\/wp-json\/wp\/v2\/comments?post=289820"}],"wp:featuredmedia":[{"embeddable":true,"href":"https:\/\/www.huntersfriend.eu\/sv\/wp-json\/wp\/v2\/media\/289532"}],"wp:attachment":[{"href":"https:\/\/www.huntersfriend.eu\/sv\/wp-json\/wp\/v2\/media?parent=289820"}],"wp:term":[{"taxonomy":"product_brand","embeddable":true,"href":"https:\/\/www.huntersfriend.eu\/sv\/wp-json\/wp\/v2\/product_brand?post=289820"},{"taxonomy":"product_cat","embeddable":true,"href":"https:\/\/www.huntersfriend.eu\/sv\/wp-json\/wp\/v2\/product_cat?post=289820"},{"taxonomy":"product_tag","embeddable":true,"href":"https:\/\/www.huntersfriend.eu\/sv\/wp-json\/wp\/v2\/product_tag?post=289820"}],"curies":[{"name":"wp","href":"https:\/\/api.w.org\/{rel}","templated":true}]}}