{"id":289819,"date":"2025-07-30T12:52:20","date_gmt":"2025-07-30T10:52:20","guid":{"rendered":"https:\/\/www.huntersfriend.eu\/product\/slutlig-inflygning-live-havstulpan-vindstrut-3d-huvud\/"},"modified":"2025-09-03T10:08:29","modified_gmt":"2025-09-03T08:08:29","slug":"slutlig-inflygning-live-havstulpan-vindstrut-3d-huvud","status":"publish","type":"product","link":"https:\/\/www.huntersfriend.eu\/sv\/produkt\/slutlig-inflygning-live-havstulpan-vindstrut-3d-huvud\/","title":{"rendered":"Slutlig inflygning live havstulpan vindstrut 3D-huvud"},"content":{"rendered":"<h1>Live havstulpansockor med 3D-huvuden<\/h1>\n<p>Final Approach Live Barnacle Socks med 3D-huvuden kombinerar verklighetstroget utseende med robust h\u00e5llbarhet. Detta set inneh\u00e5ller 8 st\u00e5ende huvuden och 4 uppr\u00e4ttst\u00e5ende huvuden f\u00f6r realistisk flockvariation. Var och en har ett NYTT handskuret 3D-huvud och ultrarealistiskt tryckt kroppstyg f\u00f6r att lura f\u00e5glar i alla ljusf\u00f6rh\u00e5llanden eller avst\u00e5nd. Tillverkade av DWR-belagt, fl\u00e4ckbest\u00e4ndigt tyg, motst\u00e5r dessa strumpor fukt och smuts. Den hopf\u00e4llbara ryggraden och den f\u00f6rmonterade konstruktionen g\u00f6r att de \u00e4r redo att jaga direkt ur l\u00e5dan. Med ett tv\u00e5fingerdraghandtag, 27-tums 7 mm v\u00e4ssad pinne och dr\u00e4neringsh\u00e5l \u00e4r utplaceringen snabb och stabil. Den 18&#8243; x 12&#8243; stora kroppen r\u00f6r sig naturligt i vinden och ger r\u00f6relse till din spridning.      <\/p>\n<h2>Funktioner<\/h2>\n<ul>\n<li>Paketet inneh\u00e5ller 8 beteshuvuden och 4 uppr\u00e4ttst\u00e5ende huvuden f\u00f6r realistisk variation<\/li>\n<li>NYA handskurna 3D-huvuden f\u00f6r naturtrogen detaljrikedom<\/li>\n<li>Ultrarealistiskt tryckt kroppstyg f\u00f6r maximalt visuellt tilltal<\/li>\n<li>DWR-belagt, fl\u00e4ckbest\u00e4ndigt tyg f\u00f6r l\u00e5ngvarig prestanda<\/li>\n<li>Hopf\u00e4llbar ryggrad f\u00f6r kompakt f\u00f6rvaring och transport<\/li>\n<li>F\u00f6rmonterad f\u00f6r snabb, problemfri installation<\/li>\n<li>Tv\u00e5fingerdraghandtag f\u00f6r enkel placering och borttagning<\/li>\n<li>V\u00e4ssad pinnspets f\u00f6r snabb markpenetration<\/li>\n<li>Dr\u00e4neringsh\u00e5l f\u00f6r att f\u00f6rhindra vattenansamling<\/li>\n<li>27-tums 7 mm pinne f\u00f6r s\u00e4ker stabilitet<\/li>\n<li>18 x 12 tums vindstrut f\u00f6r naturlig r\u00f6relse<\/li>\n<\/ul>\n<p><em>Final Approach Live Canada Goose Socks med 3D-huvuden<\/em><\/p>\n","protected":false},"excerpt":{"rendered":"<p>Live havstulpansockor med 3D-huvuden Final Approach Live Barnacle Socks med 3D-huvuden kombinerar verklighetstroget utseende med robust h\u00e5llbarhet. Detta set inneh\u00e5ller 8 st\u00e5ende huvuden och 4 uppr\u00e4ttst\u00e5ende huvuden f\u00f6r realistisk flockvariation. Var och en har ett NYTT handskuret 3D-huvud och ultrarealistiskt tryckt kroppstyg f\u00f6r att lura f\u00e5glar i alla ljusf\u00f6rh\u00e5llanden eller avst\u00e5nd. Tillverkade av DWR-belagt, fl\u00e4ckbest\u00e4ndigt [&#8230;]\n","protected":false},"featured_media":289546,"comment_status":"open","ping_status":"closed","template":"","meta":[],"product_brand":[],"product_cat":[2830],"product_tag":[],"class_list":{"0":"post-289819","1":"product","2":"type-product","3":"status-publish","4":"has-post-thumbnail","6":"product_cat-gasbeten","8":"first","9":"instock","10":"sale","11":"taxable","12":"shipping-taxable","13":"purchasable","14":"product-type-simple"},"composite_virtual":false,"composite_layout":"","composite_add_to_cart_form_location":"","composite_editable_in_cart":false,"composite_sold_individually_context":"","composite_shop_price_calc":"","composite_components":[],"composite_scenarios":[],"group_of_quantity":0,"min_quantity":0,"max_quantity":"","exclude_order_quantity_value_rules":"no","exclude_category_quantity_rules":"no","combine_variations":"no","exclude_global_add_ons":[],"addons":[],"_links":{"self":[{"href":"https:\/\/www.huntersfriend.eu\/sv\/wp-json\/wp\/v2\/product\/289819","targetHints":{"allow":["GET"]}}],"collection":[{"href":"https:\/\/www.huntersfriend.eu\/sv\/wp-json\/wp\/v2\/product"}],"about":[{"href":"https:\/\/www.huntersfriend.eu\/sv\/wp-json\/wp\/v2\/types\/product"}],"replies":[{"embeddable":true,"href":"https:\/\/www.huntersfriend.eu\/sv\/wp-json\/wp\/v2\/comments?post=289819"}],"wp:featuredmedia":[{"embeddable":true,"href":"https:\/\/www.huntersfriend.eu\/sv\/wp-json\/wp\/v2\/media\/289546"}],"wp:attachment":[{"href":"https:\/\/www.huntersfriend.eu\/sv\/wp-json\/wp\/v2\/media?parent=289819"}],"wp:term":[{"taxonomy":"product_brand","embeddable":true,"href":"https:\/\/www.huntersfriend.eu\/sv\/wp-json\/wp\/v2\/product_brand?post=289819"},{"taxonomy":"product_cat","embeddable":true,"href":"https:\/\/www.huntersfriend.eu\/sv\/wp-json\/wp\/v2\/product_cat?post=289819"},{"taxonomy":"product_tag","embeddable":true,"href":"https:\/\/www.huntersfriend.eu\/sv\/wp-json\/wp\/v2\/product_tag?post=289819"}],"curies":[{"name":"wp","href":"https:\/\/api.w.org\/{rel}","templated":true}]}}