{"id":289818,"date":"2025-07-30T12:52:21","date_gmt":"2025-07-30T10:52:21","guid":{"rendered":"https:\/\/www.huntersfriend.eu\/product\/rogers-taliga-hunter-360-svangbara-sittstol\/"},"modified":"2025-09-03T10:08:29","modified_gmt":"2025-09-03T08:08:29","slug":"rogers-taliga-hunter-360-svangbara-sittstol","status":"publish","type":"product","link":"https:\/\/www.huntersfriend.eu\/sv\/produkt\/rogers-taliga-hunter-360-svangbara-sittstol\/","title":{"rendered":"Rogers t\u00e5liga Hunter 360\u00b0 sv\u00e4ngbara sittstol"},"content":{"rendered":"<h1>T\u00e5lig Hunter 360\u00b0 hopf\u00e4llbar sv\u00e4ngstol<\/h1>\n<p>Tough Hunter 360\u00b0 hopf\u00e4llbara stol erbjuder en fullstor sits men en snabb kompakt b\u00e4rning i ett! Alla fyra benen f\u00e4lls upp mycket snabbt tillsammans med ryggst\u00f6det. N\u00e4r den \u00e4r hopf\u00e4lld \u00e4r denna kompakta stol l\u00e4tt att b\u00e4ra \u00f6ver ena axeln, vilket g\u00f6r den till en utm\u00e4rkt packstol. St\u00e5lramen och det slitstarka anti-rot-n\u00e4tet g\u00f6r denna stol bekv\u00e4m och p\u00e5litlig.   <\/p>\n<h2>Funktioner<\/h2>\n<ul>\n<li>Starkt anti-rot-n\u00e4tmaterial i sitsen<\/li>\n<li>Slitstark st\u00e5lram<\/li>\n<li>360\u00b0 rotation<\/li>\n<li>N\u00e5got \u00f6verdimensionerade f\u00f6tter.<\/li>\n<li>Alla 4 f\u00f6tter justerbara upp till 5 tum (endast f\u00f6r nivellering)<\/li>\n<li>Sitth\u00f6jd: 17,5 tum<\/li>\n<li>Viktkapacitet: 300 lbs.<\/li>\n<li>Produktvikt: 17,6 lbs<\/li>\n<\/ul>\n<p><em>Rogers t\u00e5liga Hunter 360\u00b0 sv\u00e4ngbara sits<\/em><\/p>\n","protected":false},"excerpt":{"rendered":"<p>T\u00e5lig Hunter 360\u00b0 hopf\u00e4llbar sv\u00e4ngstol Tough Hunter 360\u00b0 hopf\u00e4llbara stol erbjuder en fullstor sits men en snabb kompakt b\u00e4rning i ett! Alla fyra benen f\u00e4lls upp mycket snabbt tillsammans med ryggst\u00f6det. N\u00e4r den \u00e4r hopf\u00e4lld \u00e4r denna kompakta stol l\u00e4tt att b\u00e4ra \u00f6ver ena axeln, vilket g\u00f6r den till en utm\u00e4rkt packstol. St\u00e5lramen och det [&#8230;]\n","protected":false},"featured_media":289490,"comment_status":"open","ping_status":"closed","template":"","meta":[],"product_brand":[],"product_cat":[2567,2574],"product_tag":[],"class_list":{"0":"post-289818","1":"product","2":"type-product","3":"status-publish","4":"has-post-thumbnail","6":"product_cat-campingtillbehor","7":"product_cat-stolar-och-pallar-for-gomslen","8":"product_shipping_class-medium-sv","10":"first","11":"outofstock","12":"taxable","13":"shipping-taxable","14":"purchasable","15":"product-type-simple"},"composite_virtual":false,"composite_layout":"","composite_add_to_cart_form_location":"","composite_editable_in_cart":false,"composite_sold_individually_context":"","composite_shop_price_calc":"","composite_components":[],"composite_scenarios":[],"group_of_quantity":0,"min_quantity":0,"max_quantity":"","exclude_order_quantity_value_rules":"no","exclude_category_quantity_rules":"no","combine_variations":"no","exclude_global_add_ons":[],"addons":[],"_links":{"self":[{"href":"https:\/\/www.huntersfriend.eu\/sv\/wp-json\/wp\/v2\/product\/289818","targetHints":{"allow":["GET"]}}],"collection":[{"href":"https:\/\/www.huntersfriend.eu\/sv\/wp-json\/wp\/v2\/product"}],"about":[{"href":"https:\/\/www.huntersfriend.eu\/sv\/wp-json\/wp\/v2\/types\/product"}],"replies":[{"embeddable":true,"href":"https:\/\/www.huntersfriend.eu\/sv\/wp-json\/wp\/v2\/comments?post=289818"}],"wp:featuredmedia":[{"embeddable":true,"href":"https:\/\/www.huntersfriend.eu\/sv\/wp-json\/wp\/v2\/media\/289490"}],"wp:attachment":[{"href":"https:\/\/www.huntersfriend.eu\/sv\/wp-json\/wp\/v2\/media?parent=289818"}],"wp:term":[{"taxonomy":"product_brand","embeddable":true,"href":"https:\/\/www.huntersfriend.eu\/sv\/wp-json\/wp\/v2\/product_brand?post=289818"},{"taxonomy":"product_cat","embeddable":true,"href":"https:\/\/www.huntersfriend.eu\/sv\/wp-json\/wp\/v2\/product_cat?post=289818"},{"taxonomy":"product_tag","embeddable":true,"href":"https:\/\/www.huntersfriend.eu\/sv\/wp-json\/wp\/v2\/product_tag?post=289818"}],"curies":[{"name":"wp","href":"https:\/\/api.w.org\/{rel}","templated":true}]}}