{"id":289813,"date":"2025-07-30T11:23:55","date_gmt":"2025-07-30T09:23:55","guid":{"rendered":"https:\/\/www.huntersfriend.eu\/product\/final-approach-gridded-mossa\/"},"modified":"2025-09-03T10:05:05","modified_gmt":"2025-09-03T08:05:05","slug":"final-approach-gridded-mossa","status":"publish","type":"product","link":"https:\/\/www.huntersfriend.eu\/sv\/produkt\/final-approach-gridded-mossa\/","title":{"rendered":"Final Approach gridded m\u00f6ssa"},"content":{"rendered":"<h1>Gridded m\u00f6ssa &#8211; Brun<\/h1>\n<p>H\u00e5ll dig varm utan att k\u00e4nna dig klumpig under n\u00e4sta jakt med Final Approach Grid Fleece Beanie. Den h\u00e4r m\u00f6ssan \u00e4r tillverkad av syntetiskt grid fleece-tyg och ger l\u00e4tt isolering som f\u00e5ngar v\u00e4rme samtidigt som den andas och hanterar fukt. Den stretchiga, icke-begr\u00e4nsande designen s\u00e4kerst\u00e4ller en bekv\u00e4m passform som r\u00f6r sig med dig, vilket g\u00f6r den idealisk f\u00f6r anv\u00e4ndning hela dagen i f\u00e4lt. Kompakt och l\u00e4tt att packa, det \u00e4r den perfekta huvudbonaden f\u00f6r j\u00e4gare som beh\u00f6ver p\u00e5litlig v\u00e4rme utan att bli \u00f6verhettade.   <\/p>\n<h2>Funktioner<\/h2>\n<ul>\n<li>Syntetisk grid fleece-isolering f\u00f6r v\u00e4rme och andningsf\u00f6rm\u00e5ga<\/li>\n<li>L\u00e4tt, stretchig passform f\u00f6r komfort hela dagen<\/li>\n<li>Fukttransporterande design h\u00e5ller dig torr under aktiva jakter<\/li>\n<li>L\u00e5gprofildesign, passar under huvor<\/li>\n<li>Perfekt jaktaccessoar f\u00f6r kallt v\u00e4der<\/li>\n<\/ul>\n","protected":false},"excerpt":{"rendered":"<p>Gridded m\u00f6ssa &#8211; Brun H\u00e5ll dig varm utan att k\u00e4nna dig klumpig under n\u00e4sta jakt med Final Approach Grid Fleece Beanie. Den h\u00e4r m\u00f6ssan \u00e4r tillverkad av syntetiskt grid fleece-tyg och ger l\u00e4tt isolering som f\u00e5ngar v\u00e4rme samtidigt som den andas och hanterar fukt. Den stretchiga, icke-begr\u00e4nsande designen s\u00e4kerst\u00e4ller en bekv\u00e4m passform som r\u00f6r sig [&#8230;]\n","protected":false},"featured_media":289623,"comment_status":"open","ping_status":"closed","template":"","meta":[],"product_brand":[],"product_cat":[2716],"product_tag":[],"class_list":{"0":"post-289813","1":"product","2":"type-product","3":"status-publish","4":"has-post-thumbnail","6":"product_cat-hattar-och-huvudbonader","8":"first","9":"outofstock","10":"taxable","11":"shipping-taxable","12":"purchasable","13":"product-type-simple"},"composite_virtual":false,"composite_layout":"","composite_add_to_cart_form_location":"","composite_editable_in_cart":false,"composite_sold_individually_context":"","composite_shop_price_calc":"","composite_components":[],"composite_scenarios":[],"group_of_quantity":0,"min_quantity":0,"max_quantity":"","exclude_order_quantity_value_rules":"no","exclude_category_quantity_rules":"no","combine_variations":"no","exclude_global_add_ons":[],"addons":[],"_links":{"self":[{"href":"https:\/\/www.huntersfriend.eu\/sv\/wp-json\/wp\/v2\/product\/289813","targetHints":{"allow":["GET"]}}],"collection":[{"href":"https:\/\/www.huntersfriend.eu\/sv\/wp-json\/wp\/v2\/product"}],"about":[{"href":"https:\/\/www.huntersfriend.eu\/sv\/wp-json\/wp\/v2\/types\/product"}],"replies":[{"embeddable":true,"href":"https:\/\/www.huntersfriend.eu\/sv\/wp-json\/wp\/v2\/comments?post=289813"}],"wp:featuredmedia":[{"embeddable":true,"href":"https:\/\/www.huntersfriend.eu\/sv\/wp-json\/wp\/v2\/media\/289623"}],"wp:attachment":[{"href":"https:\/\/www.huntersfriend.eu\/sv\/wp-json\/wp\/v2\/media?parent=289813"}],"wp:term":[{"taxonomy":"product_brand","embeddable":true,"href":"https:\/\/www.huntersfriend.eu\/sv\/wp-json\/wp\/v2\/product_brand?post=289813"},{"taxonomy":"product_cat","embeddable":true,"href":"https:\/\/www.huntersfriend.eu\/sv\/wp-json\/wp\/v2\/product_cat?post=289813"},{"taxonomy":"product_tag","embeddable":true,"href":"https:\/\/www.huntersfriend.eu\/sv\/wp-json\/wp\/v2\/product_tag?post=289813"}],"curies":[{"name":"wp","href":"https:\/\/api.w.org\/{rel}","templated":true}]}}