{"id":289812,"date":"2025-07-30T11:23:56","date_gmt":"2025-07-30T09:23:56","guid":{"rendered":"https:\/\/www.huntersfriend.eu\/product\/slutlig-inflygning-hd-eurasisk-blasand\/"},"modified":"2025-09-03T10:04:49","modified_gmt":"2025-09-03T08:04:49","slug":"slutlig-inflygning-hd-eurasisk-blasand","status":"publish","type":"product","link":"https:\/\/www.huntersfriend.eu\/sv\/produkt\/slutlig-inflygning-hd-eurasisk-blasand\/","title":{"rendered":"Slutlig inflygning HD eurasisk bl\u00e4sand"},"content":{"rendered":"<h3 data-start=\"123\" data-end=\"207\"><strong>Observera: Onlinebest\u00e4llningar \u00e4r begr\u00e4nsade till en l\u00e5da per best\u00e4llning. F\u00f6r st\u00f6rre m\u00e4ngder, v\u00e4nligen kontakta kundtj\u00e4nst direkt f\u00f6r att se \u00f6ver leveranskostnaderna <\/strong><\/h3>\n<h3 data-start=\"123\" data-end=\"207\"><strong data-start=\"127\" data-end=\"207\">Final approach HD eurasian wigeon lockf\u00e5glar \u2013 realistiska och t\u00e5liga andlockf\u00e5glar<\/strong><\/h3>\n<p data-start=\"209\" data-end=\"776\">Lockf\u00e5glarna <strong data-start=\"213\" data-end=\"235\">HD Eurasian Wigeon<\/strong> ger en naturtrogen och mycket detaljerad n\u00e4rvaro till dina jaktvatten, vilket uppmuntrar f\u00e5glar att landa med sj\u00e4lvf\u00f6rtroende. Dessa helkropps, enstycks lockf\u00e5glar \u00e4r gjorda av tuff HDPE-plast som st\u00e5r emot tung anv\u00e4ndning och varierande v\u00e4derf\u00f6rh\u00e5llanden \u00e5r efter \u00e5r. Den detaljerade fj\u00e4derstrukturen designades av sexfaldiga v\u00e4rldsm\u00e4staren <strong data-start=\"576\" data-end=\"592\">Tom Christie<\/strong>, vilket ger dessa lockf\u00e5glar ett unikt realistiskt utseende. Varje 6-pack inneh\u00e5ller en v\u00e4lbalanserad blandning av drakar och h\u00f6nor i olika st\u00e4llningar, vilket skapar en naturlig och dynamisk spridning.   <\/p>\n<hr data-start=\"778\" data-end=\"781\">\n<h3 data-start=\"783\" data-end=\"800\"><strong data-start=\"787\" data-end=\"800\">Idealisk anv\u00e4ndning<\/strong><\/h3>\n<p data-start=\"802\" data-end=\"1265\">Detta set \u00e4r idealiskt f\u00f6r jakt p\u00e5 eurasisk bl\u00e4sand p\u00e5 sj\u00f6ar, floder och kustomr\u00e5den, men fungerar ocks\u00e5 som ett utm\u00e4rkt tillskott till blandade lockf\u00e5gelgrupper n\u00e4r du vill l\u00e4gga till variation och realism. Den naturliga f\u00e4rgs\u00e4ttningen och variationen av poser g\u00f6r flocken mer \u00f6vertygande och attraktiv, \u00e4ven f\u00f6r f\u00f6rsiktiga f\u00e5glar. L\u00e4tta och slitstarka material s\u00e4kerst\u00e4ller att dessa lockf\u00e5glar \u00e4r l\u00e4tta att transportera och s\u00e4tta ut, vilket g\u00f6r dem l\u00e4mpliga f\u00f6r b\u00e5de ensamj\u00e4gare och st\u00f6rre jaktlag.  <\/p>\n<hr data-start=\"1267\" data-end=\"1270\">\n<h3 data-start=\"1272\" data-end=\"1304\"><strong data-start=\"1276\" data-end=\"1304\">Tekniska specifikationer<\/strong><\/h3>\n<ul data-start=\"1306\" data-end=\"1513\">\n<li data-start=\"1306\" data-end=\"1344\">\n<p data-start=\"1308\" data-end=\"1344\"><strong data-start=\"1308\" data-end=\"1321\">Material:<\/strong> Slitstark HDPE-plast<\/p>\n<\/li>\n<li data-start=\"1345\" data-end=\"1411\">\n<p data-start=\"1347\" data-end=\"1411\"><strong data-start=\"1347\" data-end=\"1366\">Fj\u00e4derdetaljer:<\/strong> Designad av 6\u00d7 v\u00e4rldsm\u00e4staren Tom Christie<\/p>\n<\/li>\n<li data-start=\"1412\" data-end=\"1454\">\n<p data-start=\"1414\" data-end=\"1454\"><strong data-start=\"1414\" data-end=\"1423\">Storlek:<\/strong> Verklighetstrogen helkroppsstorlek<\/p>\n<\/li>\n<li data-start=\"1455\" data-end=\"1513\">\n<p data-start=\"1457\" data-end=\"1513\"><strong data-start=\"1457\" data-end=\"1474\">Konstruktion:<\/strong> Enstycke, stark och l\u00e4tt att hantera<\/p>\n<\/li>\n<\/ul>\n<p data-start=\"1515\" data-end=\"1543\"><strong data-start=\"1515\" data-end=\"1541\">F\u00f6rpackningen inneh\u00e5ller (6 st):<\/strong><\/p>\n<ul data-start=\"1544\" data-end=\"1612\">\n<li data-start=\"1544\" data-end=\"1566\">\n<p data-start=\"1546\" data-end=\"1566\">2 visslande drakar<\/p>\n<\/li>\n<li data-start=\"1567\" data-end=\"1595\">\n<p data-start=\"1569\" data-end=\"1595\">2 ytbeteende drakar<\/p>\n<\/li>\n<li data-start=\"1596\" data-end=\"1612\">\n<p data-start=\"1598\" data-end=\"1612\">2 vilande h\u00f6nor<\/p>\n<\/li>\n<\/ul>\n<hr data-start=\"1614\" data-end=\"1617\">\n<h3 data-start=\"1619\" data-end=\"1658\"><strong data-start=\"1623\" data-end=\"1658\">Varf\u00f6r v\u00e4lja dessa bl\u00e4sands lockf\u00e5glar?<\/strong><\/h3>\n<p data-start=\"1660\" data-end=\"2003\">Lockf\u00e5glarna <strong data-start=\"1664\" data-end=\"1686\">HD Eurasian Wigeon<\/strong> erbjuder en realistisk och l\u00e5ngvarig l\u00f6sning f\u00f6r jakt p\u00e5 sj\u00f6f\u00e5gel. Deras noggrant utformade former, naturtrogna fj\u00e4derdetaljer och praktiska design g\u00f6r dem till ett p\u00e5litligt val f\u00f6r alla jakter. Detta 6-delade set skapar en \u00f6vertygande och varierad spridning som avsev\u00e4rt \u00f6kar dina chanser till framg\u00e5ng i f\u00e4lt.  <\/p>\n","protected":false},"excerpt":{"rendered":"<p>Observera: Onlinebest\u00e4llningar \u00e4r begr\u00e4nsade till en l\u00e5da per best\u00e4llning. F\u00f6r st\u00f6rre m\u00e4ngder, v\u00e4nligen kontakta kundtj\u00e4nst direkt f\u00f6r att se \u00f6ver leveranskostnaderna Final approach HD eurasian wigeon lockf\u00e5glar \u2013 realistiska och t\u00e5liga andlockf\u00e5glar Lockf\u00e5glarna HD Eurasian Wigeon ger en naturtrogen och mycket detaljerad n\u00e4rvaro till dina jaktvatten, vilket uppmuntrar f\u00e5glar att landa med sj\u00e4lvf\u00f6rtroende. Dessa helkropps, [&#8230;]\n","protected":false},"featured_media":289764,"comment_status":"open","ping_status":"closed","template":"","meta":[],"product_brand":[],"product_cat":[2527],"product_tag":[],"class_list":{"0":"post-289812","1":"product","2":"type-product","3":"status-publish","4":"has-post-thumbnail","6":"product_cat-andbeten","7":"product_shipping_class-big-sv","9":"first","10":"outofstock","11":"taxable","12":"shipping-taxable","13":"purchasable","14":"product-type-simple"},"composite_virtual":false,"composite_layout":"","composite_add_to_cart_form_location":"","composite_editable_in_cart":false,"composite_sold_individually_context":"","composite_shop_price_calc":"","composite_components":[],"composite_scenarios":[],"group_of_quantity":0,"min_quantity":0,"max_quantity":"","exclude_order_quantity_value_rules":"no","exclude_category_quantity_rules":"no","combine_variations":"no","exclude_global_add_ons":[],"addons":[],"_links":{"self":[{"href":"https:\/\/www.huntersfriend.eu\/sv\/wp-json\/wp\/v2\/product\/289812","targetHints":{"allow":["GET"]}}],"collection":[{"href":"https:\/\/www.huntersfriend.eu\/sv\/wp-json\/wp\/v2\/product"}],"about":[{"href":"https:\/\/www.huntersfriend.eu\/sv\/wp-json\/wp\/v2\/types\/product"}],"replies":[{"embeddable":true,"href":"https:\/\/www.huntersfriend.eu\/sv\/wp-json\/wp\/v2\/comments?post=289812"}],"wp:featuredmedia":[{"embeddable":true,"href":"https:\/\/www.huntersfriend.eu\/sv\/wp-json\/wp\/v2\/media\/289764"}],"wp:attachment":[{"href":"https:\/\/www.huntersfriend.eu\/sv\/wp-json\/wp\/v2\/media?parent=289812"}],"wp:term":[{"taxonomy":"product_brand","embeddable":true,"href":"https:\/\/www.huntersfriend.eu\/sv\/wp-json\/wp\/v2\/product_brand?post=289812"},{"taxonomy":"product_cat","embeddable":true,"href":"https:\/\/www.huntersfriend.eu\/sv\/wp-json\/wp\/v2\/product_cat?post=289812"},{"taxonomy":"product_tag","embeddable":true,"href":"https:\/\/www.huntersfriend.eu\/sv\/wp-json\/wp\/v2\/product_tag?post=289812"}],"curies":[{"name":"wp","href":"https:\/\/api.w.org\/{rel}","templated":true}]}}