{"id":289811,"date":"2025-07-30T11:23:56","date_gmt":"2025-07-30T09:23:56","guid":{"rendered":"https:\/\/www.huntersfriend.eu\/product\/slutlig-inflygning-sista-pass-gragas-siluett-lockbete\/"},"modified":"2026-04-15T11:38:36","modified_gmt":"2026-04-15T09:38:36","slug":"slutlig-inflygning-sista-pass-gragas-siluett-lockbete","status":"publish","type":"product","link":"https:\/\/www.huntersfriend.eu\/sv\/produkt\/slutlig-inflygning-sista-pass-gragas-siluett-lockbete\/","title":{"rendered":"Slutlig inflygning sista pass gr\u00e5g\u00e5s siluett lockbete"},"content":{"rendered":"<p data-start=\"66\" data-end=\"184\"><strong data-start=\"66\" data-end=\"184\">Final Approach Last Pass Gr\u00e5g\u00e5s Siluett Lockbeten, 12 st \u2013 En l\u00e4tt och portabel l\u00f6sning f\u00f6r g\u00e5sjakt<\/strong><\/p>\n<p data-start=\"186\" data-end=\"772\"><em data-start=\"190\" data-end=\"242\">Final Approach Last Pass Gr\u00e5g\u00e5s Siluett Lockbeten<\/em> erbjuder ett enkelt och effektivt s\u00e4tt att skapa en realistisk och \u00f6vertygande lockbild utan att beh\u00f6va sl\u00e4pa p\u00e5 tung utrustning. Lockbetena \u00e4r tillverkade av h\u00f6gkvalitativ och slitstark korrugerad plast och har fotorealistiska tryck som ger dem ett verklighetstroget utseende. De \u00e4r n\u00e5got st\u00f6rre \u00e4n riktiga g\u00e4ss, vilket g\u00f6r dem mer synliga p\u00e5 avst\u00e5nd och flocken mer attraktiv. Deras l\u00e4tta konstruktion och medf\u00f6ljande metallpinnar g\u00f6r monteringen snabb och enkel \u2013 den perfekta l\u00f6sningen f\u00f6r j\u00e4gare som v\u00e4rdes\u00e4tter b\u00e5de r\u00f6rlighet och effektivitet.   <\/p>\n<p data-start=\"774\" data-end=\"1282\"><strong data-start=\"774\" data-end=\"787\">Idealisk anv\u00e4ndning<\/strong><br data-start=\"787\" data-end=\"790\">Dessa siluettlockbeten \u00e4r s\u00e4rskilt l\u00e4mpliga f\u00f6r f\u00e4lt eller \u00f6ppen terr\u00e4ng d\u00e4r en snabbt utplacerad och l\u00e4ttburen lockbeteupps\u00e4ttning beh\u00f6vs. Tack vare deras l\u00e5ga vikt kan \u00e4ven ett st\u00f6rre antal b\u00e4ras med l\u00e4tthet, och de realistiska bilderna lockar effektivt g\u00e4ss n\u00e4rmare. De varierade positionerna \u2013 \u00e4tande, vaksam och g\u00e5ende \u2013 ger m\u00e5ngfald och realism till flocken, vilket avsev\u00e4rt \u00f6kar dess effektivitet. Detta set fungerar bra f\u00f6r b\u00e5de ensamj\u00e4gare och som en del av en st\u00f6rre gruppupps\u00e4ttning.   <\/p>\n<p data-start=\"1284\" data-end=\"1314\"><strong data-start=\"1284\" data-end=\"1312\">Tekniska specifikationer<\/strong><\/p>\n<ul data-start=\"1315\" data-end=\"1724\">\n<li data-start=\"1315\" data-end=\"1367\">\n<p data-start=\"1317\" data-end=\"1367\"><strong data-start=\"1317\" data-end=\"1330\">Material:<\/strong> Slitstark korrugerad koroplastskiva<\/p>\n<\/li>\n<li data-start=\"1368\" data-end=\"1423\">\n<p data-start=\"1370\" data-end=\"1423\"><strong data-start=\"1370\" data-end=\"1380\">Tryck:<\/strong> H\u00f6guppl\u00f6st, fotorealistiska bilder<\/p>\n<\/li>\n<li data-start=\"1424\" data-end=\"1455\">\n<p data-start=\"1426\" data-end=\"1455\"><strong data-start=\"1426\" data-end=\"1438\">Yta:<\/strong> Icke-reflekterande<\/p>\n<\/li>\n<li data-start=\"1456\" data-end=\"1489\">\n<p data-start=\"1458\" data-end=\"1489\"><strong data-start=\"1458\" data-end=\"1469\">Handtag:<\/strong> ergonomiskt ez-grab<\/p>\n<\/li>\n<li data-start=\"1490\" data-end=\"1527\">\n<p data-start=\"1492\" data-end=\"1527\"><strong data-start=\"1492\" data-end=\"1505\">Montering:<\/strong> Fj\u00e4derst\u00e5lpinnar<\/p>\n<\/li>\n<li data-start=\"1528\" data-end=\"1595\">\n<p data-start=\"1530\" data-end=\"1595\"><strong data-start=\"1530\" data-end=\"1539\">Storlek:<\/strong> N\u00e5got st\u00f6rre \u00e4n riktiga g\u00e4ss f\u00f6r b\u00e4ttre synlighet<\/p>\n<\/li>\n<li data-start=\"1596\" data-end=\"1649\">\n<p data-start=\"1598\" data-end=\"1649\"><strong data-start=\"1598\" data-end=\"1615\">Konstruktion:<\/strong> L\u00e4tt 2D-korrugerad plast<\/p>\n<\/li>\n<li data-start=\"1650\" data-end=\"1724\">\n<p data-start=\"1652\" data-end=\"1724\"><strong data-start=\"1652\" data-end=\"1663\">Pinnar:<\/strong> 12 dubbla metallmonteringspinnar f\u00f6r snabb och stabil montering<\/p>\n<\/li>\n<\/ul>\n<p data-start=\"1726\" data-end=\"1758\"><strong data-start=\"1726\" data-end=\"1756\">Paketets inneh\u00e5ll (12 st):<\/strong><\/p>\n<ul data-start=\"1759\" data-end=\"1828\">\n<li data-start=\"1759\" data-end=\"1788\">\n<p data-start=\"1761\" data-end=\"1788\">4 g\u00e4ss i vaksam position<\/p>\n<\/li>\n<li data-start=\"1789\" data-end=\"1808\">\n<p data-start=\"1791\" data-end=\"1808\">4 g\u00e4ss som g\u00e5r<\/p>\n<\/li>\n<li data-start=\"1809\" data-end=\"1828\">\n<p data-start=\"1811\" data-end=\"1828\">4 g\u00e4ss som \u00e4ter<\/p>\n<\/li>\n<\/ul>\n<p data-start=\"1830\" data-end=\"2319\"><strong data-start=\"1830\" data-end=\"1862\">Varf\u00f6r v\u00e4lja siluettlockbeten<\/strong><br data-start=\"1862\" data-end=\"1865\">Detta 12-delars siluettlockbete-set kombinerar enkel transport, snabb installation och realistiskt utseende. Den l\u00e4tta konstruktionen g\u00f6r dem idealiska f\u00f6r l\u00e5nga vandringar, medan de fototryckta bilderna och varierade poserna ger trov\u00e4rdighet och attraktionskraft till din lockbild. Om du letar efter en praktisk och effektiv l\u00f6sning f\u00f6r att locka g\u00e4ss utan tung utrustning \u00e4r detta set ett s\u00e4kert kort. Dessa lockbeten fungerar ocks\u00e5 bra som komplement tillsammans med fullkroppslockbeten.   <\/p>\n","protected":false},"excerpt":{"rendered":"<p>Final Approach Last Pass Gr\u00e5g\u00e5s Siluett Lockbeten, 12 st \u2013 En l\u00e4tt och portabel l\u00f6sning f\u00f6r g\u00e5sjakt Final Approach Last Pass Gr\u00e5g\u00e5s Siluett Lockbeten erbjuder ett enkelt och effektivt s\u00e4tt att skapa en realistisk och \u00f6vertygande lockbild utan att beh\u00f6va sl\u00e4pa p\u00e5 tung utrustning. Lockbetena \u00e4r tillverkade av h\u00f6gkvalitativ och slitstark korrugerad plast och har [&#8230;]\n","protected":false},"featured_media":289679,"comment_status":"open","ping_status":"closed","template":"","meta":[],"product_brand":[],"product_cat":[2830],"product_tag":[],"class_list":{"0":"post-289811","1":"product","2":"type-product","3":"status-publish","4":"has-post-thumbnail","6":"product_cat-gasbeten","7":"product_shipping_class-big-sv","9":"first","10":"outofstock","11":"taxable","12":"shipping-taxable","13":"purchasable","14":"product-type-simple"},"composite_virtual":false,"composite_layout":"","composite_add_to_cart_form_location":"","composite_editable_in_cart":false,"composite_sold_individually_context":"","composite_shop_price_calc":"","composite_components":[],"composite_scenarios":[],"group_of_quantity":0,"min_quantity":0,"max_quantity":"","exclude_order_quantity_value_rules":"no","exclude_category_quantity_rules":"no","combine_variations":"no","exclude_global_add_ons":[],"addons":[],"_links":{"self":[{"href":"https:\/\/www.huntersfriend.eu\/sv\/wp-json\/wp\/v2\/product\/289811","targetHints":{"allow":["GET"]}}],"collection":[{"href":"https:\/\/www.huntersfriend.eu\/sv\/wp-json\/wp\/v2\/product"}],"about":[{"href":"https:\/\/www.huntersfriend.eu\/sv\/wp-json\/wp\/v2\/types\/product"}],"replies":[{"embeddable":true,"href":"https:\/\/www.huntersfriend.eu\/sv\/wp-json\/wp\/v2\/comments?post=289811"}],"wp:featuredmedia":[{"embeddable":true,"href":"https:\/\/www.huntersfriend.eu\/sv\/wp-json\/wp\/v2\/media\/289679"}],"wp:attachment":[{"href":"https:\/\/www.huntersfriend.eu\/sv\/wp-json\/wp\/v2\/media?parent=289811"}],"wp:term":[{"taxonomy":"product_brand","embeddable":true,"href":"https:\/\/www.huntersfriend.eu\/sv\/wp-json\/wp\/v2\/product_brand?post=289811"},{"taxonomy":"product_cat","embeddable":true,"href":"https:\/\/www.huntersfriend.eu\/sv\/wp-json\/wp\/v2\/product_cat?post=289811"},{"taxonomy":"product_tag","embeddable":true,"href":"https:\/\/www.huntersfriend.eu\/sv\/wp-json\/wp\/v2\/product_tag?post=289811"}],"curies":[{"name":"wp","href":"https:\/\/api.w.org\/{rel}","templated":true}]}}