{"id":289809,"date":"2025-07-30T11:23:55","date_gmt":"2025-07-30T09:23:55","guid":{"rendered":"https:\/\/www.huntersfriend.eu\/product\/final-approach-halsvarmare-2\/"},"modified":"2025-09-03T10:04:44","modified_gmt":"2025-09-03T08:04:44","slug":"final-approach-halsvarmare-2","status":"publish","type":"product","link":"https:\/\/www.huntersfriend.eu\/sv\/produkt\/final-approach-halsvarmare-2\/","title":{"rendered":"Final Approach halsv\u00e4rmare"},"content":{"rendered":"<h1>Final Approach halsv\u00e4rmare<\/h1>\n<p>Inget \u00e4r v\u00e4rre \u00e4n att k\u00e4nna den kalla nordanvinden i nacken n\u00e4r du \u00e4r ute p\u00e5 f\u00e4ltet. FA-halsv\u00e4rmaren \u00e4r den perfekta kombinationen av funktionalitet och v\u00e4rme f\u00f6r vattenf\u00e5gelj\u00e4gare. Insidan \u00e4r fodrad med en h\u00f6g fleece som \u00e4r extremt varm och mjuk vid ber\u00f6ring. Denna halsv\u00e4rmare erbjuder ocks\u00e5 vindt\u00e4t teknologi som h\u00e5ller dig varm i de tuffaste f\u00f6rh\u00e5llanden. Den justerbara dragskon g\u00f6r att du kan f\u00e5 den perfekta passformen n\u00e4r v\u00e4rmaren \u00e4r \u00f6ver ansiktet och den fr\u00e4mre slitsen m\u00f6jligg\u00f6r enkel andning och lockrop.    <\/p>\n<h2>Funktioner<\/h2>\n<ul>\n<li>Vindt\u00e4t<\/li>\n<li>H\u00f6g fleecefodring<\/li>\n<li>Justerbar dragsko<\/li>\n<li>Ripstop-yttertyg<\/li>\n<li>4-v\u00e4gsstretch<\/li>\n<li>Fr\u00e4mre \u00f6ppning f\u00f6r lockrop<\/li>\n<li>En storlek passar de flesta<\/li>\n<\/ul>\n","protected":false},"excerpt":{"rendered":"<p>Final Approach halsv\u00e4rmare Inget \u00e4r v\u00e4rre \u00e4n att k\u00e4nna den kalla nordanvinden i nacken n\u00e4r du \u00e4r ute p\u00e5 f\u00e4ltet. FA-halsv\u00e4rmaren \u00e4r den perfekta kombinationen av funktionalitet och v\u00e4rme f\u00f6r vattenf\u00e5gelj\u00e4gare. Insidan \u00e4r fodrad med en h\u00f6g fleece som \u00e4r extremt varm och mjuk vid ber\u00f6ring. Denna halsv\u00e4rmare erbjuder ocks\u00e5 vindt\u00e4t teknologi som h\u00e5ller dig [&#8230;]\n","protected":false},"featured_media":289654,"comment_status":"open","ping_status":"closed","template":"","meta":[],"product_brand":[],"product_cat":[2716,2611],"product_tag":[],"class_list":{"0":"post-289809","1":"product","2":"type-product","3":"status-publish","4":"has-post-thumbnail","6":"product_cat-hattar-och-huvudbonader","7":"product_cat-tillbehor","9":"first","10":"instock","11":"taxable","12":"shipping-taxable","13":"purchasable","14":"product-type-simple"},"composite_virtual":false,"composite_layout":"","composite_add_to_cart_form_location":"","composite_editable_in_cart":false,"composite_sold_individually_context":"","composite_shop_price_calc":"","composite_components":[],"composite_scenarios":[],"group_of_quantity":0,"min_quantity":0,"max_quantity":"","exclude_order_quantity_value_rules":"no","exclude_category_quantity_rules":"no","combine_variations":"no","exclude_global_add_ons":[],"addons":[],"_links":{"self":[{"href":"https:\/\/www.huntersfriend.eu\/sv\/wp-json\/wp\/v2\/product\/289809","targetHints":{"allow":["GET"]}}],"collection":[{"href":"https:\/\/www.huntersfriend.eu\/sv\/wp-json\/wp\/v2\/product"}],"about":[{"href":"https:\/\/www.huntersfriend.eu\/sv\/wp-json\/wp\/v2\/types\/product"}],"replies":[{"embeddable":true,"href":"https:\/\/www.huntersfriend.eu\/sv\/wp-json\/wp\/v2\/comments?post=289809"}],"wp:featuredmedia":[{"embeddable":true,"href":"https:\/\/www.huntersfriend.eu\/sv\/wp-json\/wp\/v2\/media\/289654"}],"wp:attachment":[{"href":"https:\/\/www.huntersfriend.eu\/sv\/wp-json\/wp\/v2\/media?parent=289809"}],"wp:term":[{"taxonomy":"product_brand","embeddable":true,"href":"https:\/\/www.huntersfriend.eu\/sv\/wp-json\/wp\/v2\/product_brand?post=289809"},{"taxonomy":"product_cat","embeddable":true,"href":"https:\/\/www.huntersfriend.eu\/sv\/wp-json\/wp\/v2\/product_cat?post=289809"},{"taxonomy":"product_tag","embeddable":true,"href":"https:\/\/www.huntersfriend.eu\/sv\/wp-json\/wp\/v2\/product_tag?post=289809"}],"curies":[{"name":"wp","href":"https:\/\/api.w.org\/{rel}","templated":true}]}}