{"id":289808,"date":"2025-07-30T11:23:55","date_gmt":"2025-07-30T09:23:55","guid":{"rendered":"https:\/\/www.huntersfriend.eu\/product\/final-approach-rutigt-halskydd\/"},"modified":"2025-09-03T10:04:42","modified_gmt":"2025-09-03T08:04:42","slug":"final-approach-rutigt-halskydd","status":"publish","type":"product","link":"https:\/\/www.huntersfriend.eu\/sv\/produkt\/final-approach-rutigt-halskydd\/","title":{"rendered":"Final Approach rutigt halskydd"},"content":{"rendered":"<h1>Halskydd i rutig fleece<\/h1>\n<p>Skydda ansikte och hals fr\u00e5n tuffa f\u00f6rh\u00e5llanden med Final Approach Grid Fleece Neck Gaiter. Detta halskydd \u00e4r tillverkat av syntetiskt rutigt fleecetyg och erbjuder utm\u00e4rkt v\u00e4rme samtidigt som det \u00e4r l\u00e4tt och andas. Det stretchiga, icke-begr\u00e4nsande materialet s\u00e4kerst\u00e4ller komfort och r\u00f6rlighet, medan de fukttransporterande egenskaperna h\u00e5ller svetten borta fr\u00e5n huden under h\u00f6gintensiva jakter. Oavsett om du blockerar vinden p\u00e5 f\u00e4ltet eller b\u00e4r den som ett lager f\u00f6r d\u00f6ljande under senh\u00f6sten, levererar detta halskydd p\u00e5litlig komfort och prestanda.   <\/p>\n<h2>Funktioner<\/h2>\n<ul>\n<li>Syntetisk rutig fleeceisolering f\u00f6r v\u00e4rme och komfort<\/li>\n<li>L\u00e4tt, ventilerande tyg f\u00f6rhindrar \u00f6verhettning<\/li>\n<li>Stretchig, icke-begr\u00e4nsande passform f\u00f6r obegr\u00e4nsad r\u00f6relse<\/li>\n<li>Fukttransporterande f\u00f6r att h\u00e5lla dig torr<\/li>\n<li>Ger t\u00e4ckning f\u00f6r ansikte och hals f\u00f6r v\u00e4rme i f\u00e4lt<\/li>\n<\/ul>\n<p><em>Final Approach rutigt fleece halskydd<\/em><\/p>\n","protected":false},"excerpt":{"rendered":"<p>Halskydd i rutig fleece Skydda ansikte och hals fr\u00e5n tuffa f\u00f6rh\u00e5llanden med Final Approach Grid Fleece Neck Gaiter. Detta halskydd \u00e4r tillverkat av syntetiskt rutigt fleecetyg och erbjuder utm\u00e4rkt v\u00e4rme samtidigt som det \u00e4r l\u00e4tt och andas. Det stretchiga, icke-begr\u00e4nsande materialet s\u00e4kerst\u00e4ller komfort och r\u00f6rlighet, medan de fukttransporterande egenskaperna h\u00e5ller svetten borta fr\u00e5n huden under [&#8230;]\n","protected":false},"featured_media":289651,"comment_status":"open","ping_status":"closed","template":"","meta":[],"product_brand":[],"product_cat":[2716,2611],"product_tag":[],"class_list":{"0":"post-289808","1":"product","2":"type-product","3":"status-publish","4":"has-post-thumbnail","6":"product_cat-hattar-och-huvudbonader","7":"product_cat-tillbehor","9":"first","10":"instock","11":"taxable","12":"shipping-taxable","13":"purchasable","14":"product-type-simple"},"composite_virtual":false,"composite_layout":"","composite_add_to_cart_form_location":"","composite_editable_in_cart":false,"composite_sold_individually_context":"","composite_shop_price_calc":"","composite_components":[],"composite_scenarios":[],"group_of_quantity":0,"min_quantity":0,"max_quantity":"","exclude_order_quantity_value_rules":"no","exclude_category_quantity_rules":"no","combine_variations":"no","exclude_global_add_ons":[],"addons":[],"_links":{"self":[{"href":"https:\/\/www.huntersfriend.eu\/sv\/wp-json\/wp\/v2\/product\/289808","targetHints":{"allow":["GET"]}}],"collection":[{"href":"https:\/\/www.huntersfriend.eu\/sv\/wp-json\/wp\/v2\/product"}],"about":[{"href":"https:\/\/www.huntersfriend.eu\/sv\/wp-json\/wp\/v2\/types\/product"}],"replies":[{"embeddable":true,"href":"https:\/\/www.huntersfriend.eu\/sv\/wp-json\/wp\/v2\/comments?post=289808"}],"wp:featuredmedia":[{"embeddable":true,"href":"https:\/\/www.huntersfriend.eu\/sv\/wp-json\/wp\/v2\/media\/289651"}],"wp:attachment":[{"href":"https:\/\/www.huntersfriend.eu\/sv\/wp-json\/wp\/v2\/media?parent=289808"}],"wp:term":[{"taxonomy":"product_brand","embeddable":true,"href":"https:\/\/www.huntersfriend.eu\/sv\/wp-json\/wp\/v2\/product_brand?post=289808"},{"taxonomy":"product_cat","embeddable":true,"href":"https:\/\/www.huntersfriend.eu\/sv\/wp-json\/wp\/v2\/product_cat?post=289808"},{"taxonomy":"product_tag","embeddable":true,"href":"https:\/\/www.huntersfriend.eu\/sv\/wp-json\/wp\/v2\/product_tag?post=289808"}],"curies":[{"name":"wp","href":"https:\/\/api.w.org\/{rel}","templated":true}]}}