{"id":289805,"date":"2025-07-30T11:23:58","date_gmt":"2025-07-30T09:23:58","guid":{"rendered":"https:\/\/www.huntersfriend.eu\/product\/final-approach-live-duvsiluett-flockad\/"},"modified":"2025-09-03T10:04:22","modified_gmt":"2025-09-03T08:04:22","slug":"final-approach-live-duvsiluett-flockad","status":"publish","type":"product","link":"https:\/\/www.huntersfriend.eu\/sv\/produkt\/final-approach-live-duvsiluett-flockad\/","title":{"rendered":"Final approach live duvsiluett, flockad"},"content":{"rendered":"<h3 data-start=\"134\" data-end=\"248\"><strong data-start=\"138\" data-end=\"248\">Final approach live flockade duvsiluettlockf\u00e5glar \u2013 realistiska och l\u00e4tta f\u00f6r att ut\u00f6ka din spridning<\/strong><\/h3>\n<p data-start=\"250\" data-end=\"1016\"><em data-start=\"254\" data-end=\"308\">Final Approach Live Flocked Pigeon Silhouette Decoys<\/em> g\u00f6r det enkelt att skapa en realistisk och \u00f6vertygande lockf\u00e5gelgrupp som \u00e4r l\u00e4tt, snabb att s\u00e4tta upp och budgetv\u00e4nlig. Dessa lockf\u00e5glar \u00e4r tillverkade av slitstark koroplast (korrugerad plast) och har verklighetstrogna st\u00e4llningar, h\u00f6guppl\u00f6st tryck och en <strong data-start=\"552\" data-end=\"587\">flockad, icke-reflekterande yta<\/strong> som eliminerar o\u00f6nskad glans. Detta set \u00e4r idealiskt f\u00f6r att ut\u00f6ka din lockf\u00e5gelgrupp eller som ett l\u00e4ttviktsalternativ till fullkroppslockf\u00e5glar. N\u00e4r de h\u00e4ngs i tr\u00e4d \u00e4r lockf\u00e5glarna l\u00e4tta att lyfta och ger ett naturligt komplement till markuppst\u00e4llningar. Det ergonomiska Ez-Grab-handtaget och fj\u00e4derst\u00e5lpinnarna m\u00f6jligg\u00f6r snabb och enkel installation och ompositionering. Detta 12-delars set inneh\u00e5ller tre olika poser f\u00f6r ett naturligt och dynamiskt utseende.     <\/p>\n<hr data-start=\"1018\" data-end=\"1021\">\n<h3 data-start=\"1023\" data-end=\"1040\"><strong data-start=\"1027\" data-end=\"1040\">Idealisk anv\u00e4ndning<\/strong><\/h3>\n<p data-start=\"1042\" data-end=\"1391\">Dessa lockf\u00e5glar \u00e4r s\u00e4rskilt l\u00e4mpliga f\u00f6r duvj\u00e4gare. Den flockade ytan minimerar bl\u00e4ndning, vilket g\u00f6r dem effektiva \u00e4ven i starkt ljus. Den slitstarka konstruktionen t\u00e5l upprepad anv\u00e4ndning och v\u00e4xlande v\u00e4der, medan den l\u00e4tta designen och de ergonomiska funktionerna g\u00f6r dem l\u00e4tta att transportera och s\u00e4tta upp \u2013 perfekt f\u00f6r ensamj\u00e4gare eller st\u00f6rre grupper.  <\/p>\n<hr data-start=\"1393\" data-end=\"1396\">\n<h3 data-start=\"1398\" data-end=\"1430\"><strong data-start=\"1402\" data-end=\"1430\">Tekniska specifikationer<\/strong><\/h3>\n<ul data-start=\"1432\" data-end=\"1646\">\n<li data-start=\"1432\" data-end=\"1488\">\n<p data-start=\"1434\" data-end=\"1488\"><strong data-start=\"1434\" data-end=\"1447\">Material:<\/strong> Slitstark koroplast (korrugerad plast)<\/p>\n<\/li>\n<li data-start=\"1489\" data-end=\"1537\">\n<p data-start=\"1491\" data-end=\"1537\"><strong data-start=\"1491\" data-end=\"1501\">Tryck:<\/strong> H\u00f6guppl\u00f6st, verklighetstrogen bild<\/p>\n<\/li>\n<li data-start=\"1538\" data-end=\"1581\">\n<p data-start=\"1540\" data-end=\"1581\"><strong data-start=\"1540\" data-end=\"1552\">Yta:<\/strong> Flockad och icke-reflekterande<\/p>\n<\/li>\n<li data-start=\"1582\" data-end=\"1615\">\n<p data-start=\"1584\" data-end=\"1615\"><strong data-start=\"1584\" data-end=\"1595\">Handtag:<\/strong> ergonomiskt ez-grab<\/p>\n<\/li>\n<li data-start=\"1616\" data-end=\"1646\">\n<p data-start=\"1618\" data-end=\"1646\"><strong data-start=\"1618\" data-end=\"1631\">Montering:<\/strong> St\u00e5lpinnar<\/p>\n<\/li>\n<\/ul>\n<p data-start=\"1648\" data-end=\"1680\"><strong data-start=\"1648\" data-end=\"1678\">Paketet inneh\u00e5ller (12 st):<\/strong><\/p>\n<ul data-start=\"1681\" data-end=\"1742\">\n<li data-start=\"1681\" data-end=\"1700\">\n<p data-start=\"1683\" data-end=\"1700\">4 vaksamma duvor<\/p>\n<\/li>\n<li data-start=\"1701\" data-end=\"1722\">\n<p data-start=\"1703\" data-end=\"1722\">4 \u00e4tande duvor<\/p>\n<\/li>\n<li data-start=\"1723\" data-end=\"1742\">\n<p data-start=\"1725\" data-end=\"1742\">4 g\u00e5ende duvor<\/p>\n<\/li>\n<\/ul>\n<hr data-start=\"1744\" data-end=\"1747\">\n<h3 data-start=\"1749\" data-end=\"1792\"><strong data-start=\"1753\" data-end=\"1792\">Varf\u00f6r v\u00e4lja dessa siluettlockf\u00e5glar?<\/strong><\/h3>\n<p data-start=\"1794\" data-end=\"2301\"><em data-start=\"1798\" data-end=\"1852\">Final Approach Live Flocked Pigeon Silhouette Decoys<\/em> kombinerar h\u00e5llbarhet, realism och anv\u00e4ndarv\u00e4nlig design. Med flera poser och detaljerade tryck skapar de en verklighetstrogen flock som lockar in f\u00e5glar mer effektivt. Den flockade ytan utan reflexer \u00f6kar realismen och minskar glans som kan skr\u00e4mma f\u00f6rsiktiga f\u00e5glar. Dessa lockf\u00e5glar \u00e4r en smart och l\u00e5ngvarig l\u00f6sning f\u00f6r j\u00e4gare som vill ut\u00f6ka sin spridning eller resa l\u00e4tt. De passar ocks\u00e5 bra ihop med fullkroppslockf\u00e5glar och \u00e4r l\u00e4tta att b\u00e4ra \u00f6ver l\u00e5nga avst\u00e5nd.    <\/p>\n","protected":false},"excerpt":{"rendered":"<p>Final approach live flockade duvsiluettlockf\u00e5glar \u2013 realistiska och l\u00e4tta f\u00f6r att ut\u00f6ka din spridning Final Approach Live Flocked Pigeon Silhouette Decoys g\u00f6r det enkelt att skapa en realistisk och \u00f6vertygande lockf\u00e5gelgrupp som \u00e4r l\u00e4tt, snabb att s\u00e4tta upp och budgetv\u00e4nlig. Dessa lockf\u00e5glar \u00e4r tillverkade av slitstark koroplast (korrugerad plast) och har verklighetstrogna st\u00e4llningar, h\u00f6guppl\u00f6st tryck [&#8230;]\n","protected":false},"featured_media":289742,"comment_status":"open","ping_status":"closed","template":"","meta":[],"product_brand":[],"product_cat":[2796],"product_tag":[],"class_list":{"0":"post-289805","1":"product","2":"type-product","3":"status-publish","4":"has-post-thumbnail","6":"product_cat-andra-lockfaglar","8":"first","9":"instock","10":"sale","11":"taxable","12":"shipping-taxable","13":"purchasable","14":"product-type-simple"},"composite_virtual":false,"composite_layout":"","composite_add_to_cart_form_location":"","composite_editable_in_cart":false,"composite_sold_individually_context":"","composite_shop_price_calc":"","composite_components":[],"composite_scenarios":[],"group_of_quantity":0,"min_quantity":0,"max_quantity":"","exclude_order_quantity_value_rules":"no","exclude_category_quantity_rules":"no","combine_variations":"no","exclude_global_add_ons":[],"addons":[],"_links":{"self":[{"href":"https:\/\/www.huntersfriend.eu\/sv\/wp-json\/wp\/v2\/product\/289805","targetHints":{"allow":["GET"]}}],"collection":[{"href":"https:\/\/www.huntersfriend.eu\/sv\/wp-json\/wp\/v2\/product"}],"about":[{"href":"https:\/\/www.huntersfriend.eu\/sv\/wp-json\/wp\/v2\/types\/product"}],"replies":[{"embeddable":true,"href":"https:\/\/www.huntersfriend.eu\/sv\/wp-json\/wp\/v2\/comments?post=289805"}],"wp:featuredmedia":[{"embeddable":true,"href":"https:\/\/www.huntersfriend.eu\/sv\/wp-json\/wp\/v2\/media\/289742"}],"wp:attachment":[{"href":"https:\/\/www.huntersfriend.eu\/sv\/wp-json\/wp\/v2\/media?parent=289805"}],"wp:term":[{"taxonomy":"product_brand","embeddable":true,"href":"https:\/\/www.huntersfriend.eu\/sv\/wp-json\/wp\/v2\/product_brand?post=289805"},{"taxonomy":"product_cat","embeddable":true,"href":"https:\/\/www.huntersfriend.eu\/sv\/wp-json\/wp\/v2\/product_cat?post=289805"},{"taxonomy":"product_tag","embeddable":true,"href":"https:\/\/www.huntersfriend.eu\/sv\/wp-json\/wp\/v2\/product_tag?post=289805"}],"curies":[{"name":"wp","href":"https:\/\/api.w.org\/{rel}","templated":true}]}}