{"id":289803,"date":"2025-07-30T11:23:57","date_gmt":"2025-07-30T09:23:57","guid":{"rendered":"https:\/\/www.huntersfriend.eu\/product\/final-approach-last-pass-kraksiluett-flockad\/"},"modified":"2025-09-03T10:04:21","modified_gmt":"2025-09-03T08:04:21","slug":"final-approach-last-pass-kraksiluett-flockad","status":"publish","type":"product","link":"https:\/\/www.huntersfriend.eu\/sv\/produkt\/final-approach-last-pass-kraksiluett-flockad\/","title":{"rendered":"Final Approach Last Pass Kr\u00e5ksiluett flockad"},"content":{"rendered":"<h3 data-start=\"142\" data-end=\"237\"><strong data-start=\"146\" data-end=\"237\">Final Approach Last Pass flockad Kr\u00e5ksiluett lockf\u00e5glar, 12 st \u2013 m\u00e5ngsidiga och kompakta<\/strong><\/h3>\n<p data-start=\"239\" data-end=\"914\"><em data-start=\"243\" data-end=\"292\">Final Approach Last Pass Crow Silhouette Decoys<\/em> erbjuder f\u00f6rb\u00e4ttrad synlighet och anv\u00e4ndarv\u00e4nlighet med en f\u00f6renklad svart\/gr\u00e5 finish. Den <strong data-start=\"376\" data-end=\"395\">flockade ytan<\/strong> eliminerar o\u00f6nskad glans som kan varna skarpsynta, erfarna kr\u00e5kor. Dessa lockf\u00e5glar hj\u00e4lper dig att bygga en realistisk och \u00f6vertygande spridning som \u00e4r l\u00e4tt att b\u00e4ra, s\u00e4tta upp och flytta \u2013 allt till ett budgetv\u00e4nligt pris. De \u00e4r tillverkade av slitstark korrugerad plast (koroplast) och har verklighetstrogna st\u00e4llningar och en <strong data-start=\"694\" data-end=\"729\">icke-reflekterande, flockad yta<\/strong> f\u00f6r \u00f6kad realism. Det ergonomiska Ez-Grab-handtaget och fj\u00e4derst\u00e5lpinnarna m\u00f6jligg\u00f6r snabb och enkel utplacering. Detta 12-delars set erbjuder tre olika poser f\u00f6r en naturligt utseende flock.     <\/p>\n<hr data-start=\"916\" data-end=\"919\">\n<h3 data-start=\"921\" data-end=\"938\"><strong data-start=\"925\" data-end=\"938\">Idealisk anv\u00e4ndning<\/strong><\/h3>\n<p data-start=\"939\" data-end=\"1302\">Dessa lockf\u00e5glar \u00e4r speciellt utformade f\u00f6r kr\u00e5kjakt. Det enkla svart- och gr\u00e5f\u00e4rgsschemat sticker ut tydligt mot naturliga bakgrunder och hj\u00e4lper till att locka f\u00e5glar fr\u00e5n avst\u00e5nd. Deras h\u00e5llbara konstruktion och icke-bl\u00e4ndande yta s\u00e4kerst\u00e4ller l\u00e5ngvarig anv\u00e4ndning i olika v\u00e4derf\u00f6rh\u00e5llanden. L\u00e4tta och l\u00e4tta att hantera, de \u00e4r idealiska f\u00f6r b\u00e5de solo-j\u00e4gare och st\u00f6rre grupper.   <\/p>\n<hr data-start=\"1304\" data-end=\"1307\">\n<h3 data-start=\"1309\" data-end=\"1341\"><strong data-start=\"1313\" data-end=\"1341\">Tekniska specifikationer<\/strong><\/h3>\n<ul data-start=\"1342\" data-end=\"1535\">\n<li data-start=\"1342\" data-end=\"1398\">\n<p data-start=\"1344\" data-end=\"1398\"><strong data-start=\"1344\" data-end=\"1357\">Material:<\/strong> Slitstark koroplast (korrugerad plast)<\/p>\n<\/li>\n<li data-start=\"1399\" data-end=\"1426\">\n<p data-start=\"1401\" data-end=\"1426\"><strong data-start=\"1401\" data-end=\"1411\">F\u00e4rg:<\/strong> Svart &amp; gr\u00e5<\/p>\n<\/li>\n<li data-start=\"1427\" data-end=\"1470\">\n<p data-start=\"1429\" data-end=\"1470\"><strong data-start=\"1429\" data-end=\"1441\">Yta:<\/strong> Flockad och icke-reflekterande<\/p>\n<\/li>\n<li data-start=\"1471\" data-end=\"1504\">\n<p data-start=\"1473\" data-end=\"1504\"><strong data-start=\"1473\" data-end=\"1484\">Handtag:<\/strong> ergonomiskt ez-grab<\/p>\n<\/li>\n<li data-start=\"1505\" data-end=\"1535\">\n<p data-start=\"1507\" data-end=\"1535\"><strong data-start=\"1507\" data-end=\"1520\">Montering:<\/strong> St\u00e5lpinnar<\/p>\n<\/li>\n<\/ul>\n<p data-start=\"1537\" data-end=\"1565\"><strong data-start=\"1537\" data-end=\"1563\">Setet inneh\u00e5ller (12 st):<\/strong><\/p>\n<ul data-start=\"1566\" data-end=\"1624\">\n<li data-start=\"1566\" data-end=\"1586\">\n<p data-start=\"1568\" data-end=\"1586\">4 kr\u00e5kor i beredskap<\/p>\n<\/li>\n<li data-start=\"1587\" data-end=\"1606\">\n<p data-start=\"1589\" data-end=\"1606\">4 kr\u00e5kor som \u00e4ter<\/p>\n<\/li>\n<li data-start=\"1607\" data-end=\"1624\">\n<p data-start=\"1609\" data-end=\"1624\">4 lockande kr\u00e5kor<\/p>\n<\/li>\n<\/ul>\n<hr data-start=\"1626\" data-end=\"1629\">\n<h3 data-start=\"1631\" data-end=\"1674\"><strong data-start=\"1635\" data-end=\"1674\">Varf\u00f6r v\u00e4lja dessa siluettlockf\u00e5glar?<\/strong><\/h3>\n<p data-start=\"1675\" data-end=\"2167\"><em data-start=\"1679\" data-end=\"1736\">Final Approach Last Pass Flocked Crow Silhouette Decoys<\/em> erbjuder en smart kombination av h\u00e5llbarhet, realism och anv\u00e4ndbarhet. Deras flockade yta och f\u00f6renklade f\u00e4rgschema ger effektivt skydd mot f\u00f6rsiktiga f\u00e5glar, medan de verklighetstrogna poserna skapar en trov\u00e4rdig flock som lockar olika kr\u00e5kf\u00e5glar. Oavsett om de anv\u00e4nds f\u00f6r att ut\u00f6ka en befintlig spridning eller som ett l\u00e4ttviktsalternativ till fullkroppslockf\u00e5glar, \u00e4r dessa ett praktiskt och l\u00e5ngvarigt alternativ \u2013 l\u00e4tta att b\u00e4ra \u00e4ven \u00f6ver l\u00e5nga avst\u00e5nd.  <\/p>\n","protected":false},"excerpt":{"rendered":"<p>Final Approach Last Pass flockad Kr\u00e5ksiluett lockf\u00e5glar, 12 st \u2013 m\u00e5ngsidiga och kompakta Final Approach Last Pass Crow Silhouette Decoys erbjuder f\u00f6rb\u00e4ttrad synlighet och anv\u00e4ndarv\u00e4nlighet med en f\u00f6renklad svart\/gr\u00e5 finish. Den flockade ytan eliminerar o\u00f6nskad glans som kan varna skarpsynta, erfarna kr\u00e5kor. Dessa lockf\u00e5glar hj\u00e4lper dig att bygga en realistisk och \u00f6vertygande spridning som \u00e4r [&#8230;]\n","protected":false},"featured_media":289728,"comment_status":"open","ping_status":"closed","template":"","meta":[],"product_brand":[],"product_cat":[2796],"product_tag":[],"class_list":{"0":"post-289803","1":"product","2":"type-product","3":"status-publish","4":"has-post-thumbnail","6":"product_cat-andra-lockfaglar","8":"first","9":"instock","10":"sale","11":"taxable","12":"shipping-taxable","13":"purchasable","14":"product-type-simple"},"composite_virtual":false,"composite_layout":"","composite_add_to_cart_form_location":"","composite_editable_in_cart":false,"composite_sold_individually_context":"","composite_shop_price_calc":"","composite_components":[],"composite_scenarios":[],"group_of_quantity":0,"min_quantity":0,"max_quantity":"","exclude_order_quantity_value_rules":"no","exclude_category_quantity_rules":"no","combine_variations":"no","exclude_global_add_ons":[],"addons":[],"_links":{"self":[{"href":"https:\/\/www.huntersfriend.eu\/sv\/wp-json\/wp\/v2\/product\/289803","targetHints":{"allow":["GET"]}}],"collection":[{"href":"https:\/\/www.huntersfriend.eu\/sv\/wp-json\/wp\/v2\/product"}],"about":[{"href":"https:\/\/www.huntersfriend.eu\/sv\/wp-json\/wp\/v2\/types\/product"}],"replies":[{"embeddable":true,"href":"https:\/\/www.huntersfriend.eu\/sv\/wp-json\/wp\/v2\/comments?post=289803"}],"wp:featuredmedia":[{"embeddable":true,"href":"https:\/\/www.huntersfriend.eu\/sv\/wp-json\/wp\/v2\/media\/289728"}],"wp:attachment":[{"href":"https:\/\/www.huntersfriend.eu\/sv\/wp-json\/wp\/v2\/media?parent=289803"}],"wp:term":[{"taxonomy":"product_brand","embeddable":true,"href":"https:\/\/www.huntersfriend.eu\/sv\/wp-json\/wp\/v2\/product_brand?post=289803"},{"taxonomy":"product_cat","embeddable":true,"href":"https:\/\/www.huntersfriend.eu\/sv\/wp-json\/wp\/v2\/product_cat?post=289803"},{"taxonomy":"product_tag","embeddable":true,"href":"https:\/\/www.huntersfriend.eu\/sv\/wp-json\/wp\/v2\/product_tag?post=289803"}],"curies":[{"name":"wp","href":"https:\/\/api.w.org\/{rel}","templated":true}]}}