{"id":289802,"date":"2025-07-30T11:23:57","date_gmt":"2025-07-30T09:23:57","guid":{"rendered":"https:\/\/www.huntersfriend.eu\/product\/final-approach-last-pass-mallard-siluettlockfaglar-12-st\/"},"modified":"2025-09-03T10:04:21","modified_gmt":"2025-09-03T08:04:21","slug":"final-approach-last-pass-mallard-siluettlockfaglar-12-st","status":"publish","type":"product","link":"https:\/\/www.huntersfriend.eu\/sv\/produkt\/final-approach-last-pass-mallard-siluettlockfaglar-12-st\/","title":{"rendered":"Final approach last pass mallard siluettlockf\u00e5glar 12 st"},"content":{"rendered":"<h3 data-start=\"137\" data-end=\"249\"><strong data-start=\"141\" data-end=\"249\">Final approach last pass mallard siluettlockf\u00e5glar \u2013 12 st \u2013 realistiska och h\u00e5llbara vattenf\u00e5gelattraktorer<\/strong><\/h3>\n<p data-start=\"251\" data-end=\"779\"><em data-start=\"255\" data-end=\"292\">Last Pass Mallard Silhouette Decoys<\/em> erbjuder en naturtrogen lockf\u00e5gelgruppering f\u00f6r vattenf\u00e5geljakt som \u00e4r l\u00e4tt att b\u00e4ra, s\u00e4tta upp och flytta \u2013 allt till ett budgetv\u00e4nligt pris. Dessa lockf\u00e5glar \u00e4r tillverkade av slitstark korrugerad plast (koroplast) och har naturtrogna st\u00e4llningar, h\u00f6guppl\u00f6sta tryck och en icke-reflekterande yta som eliminerar o\u00f6nskad bl\u00e4ndning. Det ergonomiska Ez-Grab-handtaget och fj\u00e4derst\u00e5lpinnarna g\u00f6r utplaceringen snabb och problemfri. Detta set med 12 delar inneh\u00e5ller en m\u00e4ngd olika poser, vilket skapar en naturlig och \u00f6vertygande gruppering.   <\/p>\n<hr data-start=\"781\" data-end=\"784\">\n<h3 data-start=\"786\" data-end=\"803\"><strong data-start=\"790\" data-end=\"803\">Idealisk anv\u00e4ndning<\/strong><\/h3>\n<p data-start=\"804\" data-end=\"1275\">Dessa lockf\u00e5glar \u00e4r s\u00e4rskilt v\u00e4l l\u00e4mpade f\u00f6r \u00f6ppet vatten och f\u00e4ltankjakter. Variationen av st\u00e4llningar \u2013 st\u00e5ende, \u00e4tande och g\u00e5ende \u2013 ger din lockf\u00e5gelupps\u00e4ttning liv med \u00f6kad realism, vilket hj\u00e4lper till att locka \u00e4ven f\u00f6rsiktiga f\u00e5glar. Det t\u00e5liga materialet och den icke-reflekterande finishen s\u00e4kerst\u00e4ller att lockf\u00e5glarna t\u00e5l frekvent anv\u00e4ndning och olika v\u00e4derf\u00f6rh\u00e5llanden. Deras l\u00e4tta design och ergonomiska funktioner g\u00f6r installation och nedtagning snabb och enkel, oavsett om du jagar ensam eller i grupp.   <\/p>\n<hr data-start=\"1277\" data-end=\"1280\">\n<h3 data-start=\"1282\" data-end=\"1314\"><strong data-start=\"1286\" data-end=\"1314\">Tekniska specifikationer<\/strong><\/h3>\n<ul data-start=\"1315\" data-end=\"1564\">\n<li data-start=\"1315\" data-end=\"1367\">\n<p data-start=\"1317\" data-end=\"1367\"><strong data-start=\"1317\" data-end=\"1330\">Material:<\/strong> Slitstark korrugerad koroplastskiva<\/p>\n<\/li>\n<li data-start=\"1368\" data-end=\"1416\">\n<p data-start=\"1370\" data-end=\"1416\"><strong data-start=\"1370\" data-end=\"1380\">Tryck:<\/strong> H\u00f6guppl\u00f6st, verklighetstrogen bild<\/p>\n<\/li>\n<li data-start=\"1417\" data-end=\"1448\">\n<p data-start=\"1419\" data-end=\"1448\"><strong data-start=\"1419\" data-end=\"1431\">Yta:<\/strong> Icke-reflekterande<\/p>\n<\/li>\n<li data-start=\"1449\" data-end=\"1482\">\n<p data-start=\"1451\" data-end=\"1482\"><strong data-start=\"1451\" data-end=\"1462\">Handtag:<\/strong> ergonomiskt ez-grab<\/p>\n<\/li>\n<li data-start=\"1483\" data-end=\"1520\">\n<p data-start=\"1485\" data-end=\"1520\"><strong data-start=\"1485\" data-end=\"1498\">Montering:<\/strong> Fj\u00e4derst\u00e5lpinnar<\/p>\n<\/li>\n<li data-start=\"1521\" data-end=\"1564\">\n<p data-start=\"1523\" data-end=\"1564\"><strong data-start=\"1523\" data-end=\"1534\">L\u00e4ngd:<\/strong> 43\u201361 cm, beroende p\u00e5 pose<\/p>\n<\/li>\n<\/ul>\n<p data-start=\"1566\" data-end=\"1594\"><strong data-start=\"1566\" data-end=\"1592\">Setet inneh\u00e5ller (12 st):<\/strong><\/p>\n<ul data-start=\"1595\" data-end=\"1711\">\n<li data-start=\"1595\" data-end=\"1622\">\n<p data-start=\"1597\" data-end=\"1622\">2 st\u00e5ende drakar (hane)<\/p>\n<\/li>\n<li data-start=\"1623\" data-end=\"1645\">\n<p data-start=\"1625\" data-end=\"1645\">4 s\u00f6kande drakar<\/p>\n<\/li>\n<li data-start=\"1646\" data-end=\"1666\">\n<p data-start=\"1648\" data-end=\"1666\">2 \u00e4tande drakar<\/p>\n<\/li>\n<li data-start=\"1667\" data-end=\"1694\">\n<p data-start=\"1669\" data-end=\"1694\">2 st\u00e5ende h\u00f6nor (hona)<\/p>\n<\/li>\n<li data-start=\"1695\" data-end=\"1711\">\n<p data-start=\"1697\" data-end=\"1711\">2 \u00e4tande h\u00f6nor<\/p>\n<\/li>\n<\/ul>\n<hr data-start=\"1713\" data-end=\"1716\">\n<h3 data-start=\"1718\" data-end=\"1761\"><strong data-start=\"1722\" data-end=\"1761\">Varf\u00f6r v\u00e4lja dessa siluettlockf\u00e5glar?<\/strong><\/h3>\n<p data-start=\"1762\" data-end=\"2217\"><em data-start=\"1766\" data-end=\"1818\">Final Approach Last Pass Mallard Silhouette Decoys<\/em> kombinerar h\u00e5llbarhet, realism och anv\u00e4ndarv\u00e4nlighet. De varierade poserna och det skarpa fotokvalitetstrycket skapar en trov\u00e4rdig flock som effektivt lockar in f\u00e5glar. Byggt f\u00f6r att h\u00e5lla och designat f\u00f6r bekv\u00e4mlighet, detta set \u00e4r ett praktiskt och p\u00e5litligt val f\u00f6r alla ankj\u00e4gare. Perfekt f\u00f6r att \u00f6ka storleken p\u00e5 din gruppering eller som ett l\u00e4ttviktsalternativ till fullkroppslockf\u00e5glar. L\u00e4tt att b\u00e4ra \u00e4ven \u00f6ver l\u00e5nga avst\u00e5nd.    <\/p>\n","protected":false},"excerpt":{"rendered":"<p>Final approach last pass mallard siluettlockf\u00e5glar \u2013 12 st \u2013 realistiska och h\u00e5llbara vattenf\u00e5gelattraktorer Last Pass Mallard Silhouette Decoys erbjuder en naturtrogen lockf\u00e5gelgruppering f\u00f6r vattenf\u00e5geljakt som \u00e4r l\u00e4tt att b\u00e4ra, s\u00e4tta upp och flytta \u2013 allt till ett budgetv\u00e4nligt pris. Dessa lockf\u00e5glar \u00e4r tillverkade av slitstark korrugerad plast (koroplast) och har naturtrogna st\u00e4llningar, h\u00f6guppl\u00f6sta tryck [&#8230;]\n","protected":false},"featured_media":289709,"comment_status":"open","ping_status":"closed","template":"","meta":[],"product_brand":[],"product_cat":[2527],"product_tag":[],"class_list":{"0":"post-289802","1":"product","2":"type-product","3":"status-publish","4":"has-post-thumbnail","6":"product_cat-andbeten","8":"first","9":"outofstock","10":"taxable","11":"shipping-taxable","12":"purchasable","13":"product-type-simple"},"composite_virtual":false,"composite_layout":"","composite_add_to_cart_form_location":"","composite_editable_in_cart":false,"composite_sold_individually_context":"","composite_shop_price_calc":"","composite_components":[],"composite_scenarios":[],"group_of_quantity":0,"min_quantity":0,"max_quantity":"","exclude_order_quantity_value_rules":"no","exclude_category_quantity_rules":"no","combine_variations":"no","exclude_global_add_ons":[],"addons":[],"_links":{"self":[{"href":"https:\/\/www.huntersfriend.eu\/sv\/wp-json\/wp\/v2\/product\/289802","targetHints":{"allow":["GET"]}}],"collection":[{"href":"https:\/\/www.huntersfriend.eu\/sv\/wp-json\/wp\/v2\/product"}],"about":[{"href":"https:\/\/www.huntersfriend.eu\/sv\/wp-json\/wp\/v2\/types\/product"}],"replies":[{"embeddable":true,"href":"https:\/\/www.huntersfriend.eu\/sv\/wp-json\/wp\/v2\/comments?post=289802"}],"wp:featuredmedia":[{"embeddable":true,"href":"https:\/\/www.huntersfriend.eu\/sv\/wp-json\/wp\/v2\/media\/289709"}],"wp:attachment":[{"href":"https:\/\/www.huntersfriend.eu\/sv\/wp-json\/wp\/v2\/media?parent=289802"}],"wp:term":[{"taxonomy":"product_brand","embeddable":true,"href":"https:\/\/www.huntersfriend.eu\/sv\/wp-json\/wp\/v2\/product_brand?post=289802"},{"taxonomy":"product_cat","embeddable":true,"href":"https:\/\/www.huntersfriend.eu\/sv\/wp-json\/wp\/v2\/product_cat?post=289802"},{"taxonomy":"product_tag","embeddable":true,"href":"https:\/\/www.huntersfriend.eu\/sv\/wp-json\/wp\/v2\/product_tag?post=289802"}],"curies":[{"name":"wp","href":"https:\/\/api.w.org\/{rel}","templated":true}]}}