{"id":289801,"date":"2025-07-30T11:23:56","date_gmt":"2025-07-30T09:23:56","guid":{"rendered":"https:\/\/www.huntersfriend.eu\/product\/final-approach-hd-grasandspar-2-st\/"},"modified":"2025-09-03T10:04:20","modified_gmt":"2025-09-03T08:04:20","slug":"final-approach-hd-grasandspar-2-st","status":"publish","type":"product","link":"https:\/\/www.huntersfriend.eu\/sv\/produkt\/final-approach-hd-grasandspar-2-st\/","title":{"rendered":"Final approach HD gr\u00e4sandspar \u2013 2 st"},"content":{"rendered":"<p><strong>Observera: Onlinebest\u00e4llningar \u00e4r begr\u00e4nsade till tv\u00e5 l\u00e5dor per best\u00e4llning. F\u00f6r st\u00f6rre m\u00e4ngder, v\u00e4nligen kontakta kundtj\u00e4nst direkt f\u00f6r att se \u00f6ver leveranskostnaderna. <\/strong><\/p>\n<h3 data-start=\"136\" data-end=\"245\"><strong data-start=\"140\" data-end=\"245\">Final approach HD gr\u00e4s\u00e4nder \u2013 flytande lockf\u00e5gelspar (2-pack) \u2013 naturtrogna och t\u00e5liga flytande andlockf\u00e5glar<\/strong><\/h3>\n<p data-start=\"247\" data-end=\"775\"><strong data-start=\"251\" data-end=\"275\">HD Floating Mallards<\/strong> \u00e4r designade med imponerande detaljrikedom och byggda f\u00f6r h\u00e5llbarhet, vilket hj\u00e4lper dig att locka \u00e4nder n\u00e4rmare under alla f\u00f6rh\u00e5llanden. Skapade av den 17-faldiga v\u00e4rldsm\u00e4staren <strong data-start=\"424\" data-end=\"437\">Pat Godin<\/strong>, dessa lockf\u00e5glar har exceptionella fj\u00e4der- och f\u00e4rgdetaljer som ger dem ett otroligt naturtroget utseende. Den f\u00f6rb\u00e4ttrade, mer h\u00e5llbara plasten och den f\u00f6rst\u00e4rkta f\u00e4rgytan s\u00e4kerst\u00e4ller att realismen varar s\u00e4song efter s\u00e4song, \u00e4ven vid tung anv\u00e4ndning. Den fullstora designen i ett stycke g\u00f6r dem stabila, l\u00e4tta att hantera och enkla att transportera.   <\/p>\n<hr data-start=\"777\" data-end=\"780\">\n<h3 data-start=\"782\" data-end=\"799\"><strong data-start=\"786\" data-end=\"799\">Idealisk anv\u00e4ndning<\/strong><\/h3>\n<p data-start=\"801\" data-end=\"1345\">Dessa flytande lockf\u00e5glar \u00e4r perfekta f\u00f6r jakt p\u00e5 sj\u00f6f\u00e5gel i sj\u00f6ar, dammar, floder och kustomr\u00e5den. Detta 2-pack erbjuder ett utm\u00e4rkt s\u00e4tt att skaffa h\u00f6gkvalitativa lockf\u00e5glar i sm\u00e5 m\u00e4ngder \u2013 oavsett om det \u00e4r f\u00f6r jakt, tr\u00e4dg\u00e5rdsdammdekoration eller som ett realistiskt tillskott till din befintliga lockf\u00e5gelspridning. Den uppgraderade f\u00e4rgen h\u00e5ller bra mot vatten, vind och solljus, vilket g\u00f6r att lockf\u00e5glarna ser naturliga ut \u00f6ver tid. Detta set \u00e4r l\u00e4mpligt f\u00f6r b\u00e5de erfarna j\u00e4gare som vill ut\u00f6ka sin spridning och nyb\u00f6rjare som vill ha ett p\u00e5litligt lockf\u00e5gelset av h\u00f6g kvalitet.   <\/p>\n<hr data-start=\"1347\" data-end=\"1350\">\n<h3 data-start=\"1352\" data-end=\"1384\"><strong data-start=\"1356\" data-end=\"1384\">Tekniska specifikationer<\/strong><\/h3>\n<ul data-start=\"1386\" data-end=\"1605\">\n<li data-start=\"1386\" data-end=\"1431\">\n<p data-start=\"1388\" data-end=\"1431\"><strong data-start=\"1388\" data-end=\"1401\">Material:<\/strong> F\u00f6rst\u00e4rkt, t\u00e5lig plast<\/p>\n<\/li>\n<li data-start=\"1432\" data-end=\"1475\">\n<p data-start=\"1434\" data-end=\"1475\"><strong data-start=\"1434\" data-end=\"1444\">F\u00e4rg:<\/strong> F\u00f6rb\u00e4ttrad, naturlig f\u00e4rgs\u00e4ttning<\/p>\n<\/li>\n<li data-start=\"1476\" data-end=\"1525\">\n<p data-start=\"1478\" data-end=\"1525\"><strong data-start=\"1478\" data-end=\"1489\">Design:<\/strong> Fullstor konstruktion i ett stycke<\/p>\n<\/li>\n<li data-start=\"1526\" data-end=\"1605\">\n<p data-start=\"1528\" data-end=\"1605\"><strong data-start=\"1528\" data-end=\"1562\">Fj\u00e4der- och ytdetaljer:<\/strong> Designad av 17-faldiga v\u00e4rldsm\u00e4staren Pat Godin<\/p>\n<\/li>\n<\/ul>\n<p data-start=\"1607\" data-end=\"1635\"><strong data-start=\"1607\" data-end=\"1633\">Paketet inneh\u00e5ller (2 st):<\/strong><\/p>\n<ul data-start=\"1636\" data-end=\"1672\">\n<li data-start=\"1636\" data-end=\"1655\">\n<p data-start=\"1638\" data-end=\"1655\">1 st\u00e5ende drake<\/p>\n<\/li>\n<li data-start=\"1656\" data-end=\"1672\">\n<p data-start=\"1658\" data-end=\"1672\">1 l\u00e5gh\u00f6vdad hona<\/p>\n<\/li>\n<\/ul>\n<hr data-start=\"1674\" data-end=\"1677\">\n<h3 data-start=\"1679\" data-end=\"1722\"><strong data-start=\"1683\" data-end=\"1722\">Varf\u00f6r v\u00e4lja dessa flytande gr\u00e4s\u00e4nder?<\/strong><\/h3>\n<p data-start=\"1724\" data-end=\"2074\"><strong data-start=\"1728\" data-end=\"1759\">HD Floating Mallards 2-Pack<\/strong> erbjuder en naturtrogen, h\u00e5llbar l\u00f6sning f\u00f6r att locka sj\u00f6f\u00e5gel. Med sin exakta detaljrikedom och robusta konstruktion \u00e4r dessa lockf\u00e5glar ett p\u00e5litligt tillskott till alla sj\u00f6f\u00e5gelj\u00e4gares utrustning. Detta set hj\u00e4lper dig att skapa en realistisk, naturligt utseende spridning som \u00f6kar dina chanser till framg\u00e5ng i f\u00e4lt avsev\u00e4rt.  <\/p>\n","protected":false},"excerpt":{"rendered":"<p>Observera: Onlinebest\u00e4llningar \u00e4r begr\u00e4nsade till tv\u00e5 l\u00e5dor per best\u00e4llning. F\u00f6r st\u00f6rre m\u00e4ngder, v\u00e4nligen kontakta kundtj\u00e4nst direkt f\u00f6r att se \u00f6ver leveranskostnaderna. Final approach HD gr\u00e4s\u00e4nder \u2013 flytande lockf\u00e5gelspar (2-pack) \u2013 naturtrogna och t\u00e5liga flytande andlockf\u00e5glar HD Floating Mallards \u00e4r designade med imponerande detaljrikedom och byggda f\u00f6r h\u00e5llbarhet, vilket hj\u00e4lper dig att locka \u00e4nder n\u00e4rmare under [&#8230;]\n","protected":false},"featured_media":289777,"comment_status":"open","ping_status":"closed","template":"","meta":[],"product_brand":[],"product_cat":[2527],"product_tag":[],"class_list":{"0":"post-289801","1":"product","2":"type-product","3":"status-publish","4":"has-post-thumbnail","6":"product_cat-andbeten","7":"product_shipping_class-big-sv","9":"first","10":"instock","11":"sale","12":"taxable","13":"shipping-taxable","14":"purchasable","15":"product-type-simple"},"composite_virtual":false,"composite_layout":"","composite_add_to_cart_form_location":"","composite_editable_in_cart":false,"composite_sold_individually_context":"","composite_shop_price_calc":"","composite_components":[],"composite_scenarios":[],"group_of_quantity":0,"min_quantity":0,"max_quantity":"","exclude_order_quantity_value_rules":"no","exclude_category_quantity_rules":"no","combine_variations":"no","exclude_global_add_ons":[],"addons":[],"_links":{"self":[{"href":"https:\/\/www.huntersfriend.eu\/sv\/wp-json\/wp\/v2\/product\/289801","targetHints":{"allow":["GET"]}}],"collection":[{"href":"https:\/\/www.huntersfriend.eu\/sv\/wp-json\/wp\/v2\/product"}],"about":[{"href":"https:\/\/www.huntersfriend.eu\/sv\/wp-json\/wp\/v2\/types\/product"}],"replies":[{"embeddable":true,"href":"https:\/\/www.huntersfriend.eu\/sv\/wp-json\/wp\/v2\/comments?post=289801"}],"wp:featuredmedia":[{"embeddable":true,"href":"https:\/\/www.huntersfriend.eu\/sv\/wp-json\/wp\/v2\/media\/289777"}],"wp:attachment":[{"href":"https:\/\/www.huntersfriend.eu\/sv\/wp-json\/wp\/v2\/media?parent=289801"}],"wp:term":[{"taxonomy":"product_brand","embeddable":true,"href":"https:\/\/www.huntersfriend.eu\/sv\/wp-json\/wp\/v2\/product_brand?post=289801"},{"taxonomy":"product_cat","embeddable":true,"href":"https:\/\/www.huntersfriend.eu\/sv\/wp-json\/wp\/v2\/product_cat?post=289801"},{"taxonomy":"product_tag","embeddable":true,"href":"https:\/\/www.huntersfriend.eu\/sv\/wp-json\/wp\/v2\/product_tag?post=289801"}],"curies":[{"name":"wp","href":"https:\/\/api.w.org\/{rel}","templated":true}]}}