{"id":289796,"date":"2025-07-30T11:23:57","date_gmt":"2025-07-30T09:23:57","guid":{"rendered":"https:\/\/www.huntersfriend.eu\/product\/sista-inflygning-sista-pass-kraksiluettlockbete\/"},"modified":"2025-09-03T10:04:18","modified_gmt":"2025-09-03T08:04:18","slug":"sista-inflygning-sista-pass-kraksiluettlockbete","status":"publish","type":"product","link":"https:\/\/www.huntersfriend.eu\/sv\/produkt\/sista-inflygning-sista-pass-kraksiluettlockbete\/","title":{"rendered":"Sista inflygning sista pass Kr\u00e5ksiluettlockbete"},"content":{"rendered":"<h3 data-start=\"135\" data-end=\"223\"><strong data-start=\"139\" data-end=\"223\">Sista inflygning sista pass Kr\u00e5ksiluettlockbeten, 12 st \u2013 m\u00e5ngsidiga och l\u00e4tta att packa<\/strong><\/h3>\n<p data-start=\"225\" data-end=\"865\"><em data-start=\"229\" data-end=\"278\">Final Approach Last Pass Crow Silhouette Decoys<\/em> erbjuder utm\u00e4rkt synlighet och enkel hantering med ett f\u00f6renklat svart och gr\u00e5tt f\u00e4rgschema. Dessa lockbeten l\u00e5ter dig skapa en realistisk och \u00f6vertygande spridning som \u00e4r l\u00e4tt, enkel att transportera, snabb att s\u00e4tta upp och budgetv\u00e4nlig. De \u00e4r tillverkade av slitstark korrugerad plast (koroplast) och har naturtrogna st\u00e4llningar och en icke-reflekterande yta som minimerar o\u00f6nskad glans. Det ergonomiska Ez-Grab-handtaget och fj\u00e4derst\u00e5lpinnarna s\u00e4kerst\u00e4ller snabb och enkel installation och ompositionering. Detta set med 12 delar inneh\u00e5ller tre olika st\u00e4llningar, vilket skapar en naturligt utseende lockbetesspridning.    <\/p>\n<hr data-start=\"867\" data-end=\"870\">\n<h3 data-start=\"872\" data-end=\"889\"><strong data-start=\"876\" data-end=\"889\">Idealisk anv\u00e4ndning<\/strong><\/h3>\n<p data-start=\"891\" data-end=\"1317\">Dessa lockbeten \u00e4r speciellt utformade f\u00f6r kr\u00e5kjakt. De enkla svarta och gr\u00e5 f\u00e4rgerna sticker ut tydligt mot naturliga bakgrunder, vilket f\u00f6rb\u00e4ttrar synligheten p\u00e5 avst\u00e5nd. Slitstarka material och en icke-reflekterande yta s\u00e4kerst\u00e4ller att de t\u00e5l upprepad anv\u00e4ndning i olika v\u00e4derf\u00f6rh\u00e5llanden. Deras l\u00e4tta konstruktion och ergonomiska funktioner g\u00f6r installation och nedpackning snabb och enkel \u2013 perfekt f\u00f6r ensamj\u00e4gare eller st\u00f6rre jaktgrupper.   <\/p>\n<hr data-start=\"1319\" data-end=\"1322\">\n<h3 data-start=\"1324\" data-end=\"1356\"><strong data-start=\"1328\" data-end=\"1356\">Tekniska specifikationer<\/strong><\/h3>\n<ul data-start=\"1358\" data-end=\"1539\">\n<li data-start=\"1358\" data-end=\"1414\">\n<p data-start=\"1360\" data-end=\"1414\"><strong data-start=\"1360\" data-end=\"1373\">Material:<\/strong> Slitstark koroplast (korrugerad plast)<\/p>\n<\/li>\n<li data-start=\"1415\" data-end=\"1442\">\n<p data-start=\"1417\" data-end=\"1442\"><strong data-start=\"1417\" data-end=\"1427\">Tryck:<\/strong> Svart &amp; gr\u00e5<\/p>\n<\/li>\n<li data-start=\"1443\" data-end=\"1474\">\n<p data-start=\"1445\" data-end=\"1474\"><strong data-start=\"1445\" data-end=\"1457\">Yta:<\/strong> Icke-reflekterande<\/p>\n<\/li>\n<li data-start=\"1475\" data-end=\"1508\">\n<p data-start=\"1477\" data-end=\"1508\"><strong data-start=\"1477\" data-end=\"1488\">Handtag:<\/strong> ergonomiskt ez-grab<\/p>\n<\/li>\n<li data-start=\"1509\" data-end=\"1539\">\n<p data-start=\"1511\" data-end=\"1539\"><strong data-start=\"1511\" data-end=\"1524\">Montering:<\/strong> St\u00e5lpinnar<\/p>\n<\/li>\n<\/ul>\n<p data-start=\"1541\" data-end=\"1573\"><strong data-start=\"1541\" data-end=\"1571\">Paketet inneh\u00e5ller (12 st):<\/strong><\/p>\n<ul data-start=\"1574\" data-end=\"1629\">\n<li data-start=\"1574\" data-end=\"1591\">\n<p data-start=\"1576\" data-end=\"1591\">4 vaksamma kr\u00e5kor<\/p>\n<\/li>\n<li data-start=\"1592\" data-end=\"1611\">\n<p data-start=\"1594\" data-end=\"1611\">4 kr\u00e5kor som \u00e4ter<\/p>\n<\/li>\n<li data-start=\"1612\" data-end=\"1629\">\n<p data-start=\"1614\" data-end=\"1629\">4 lockande kr\u00e5kor<\/p>\n<\/li>\n<\/ul>\n<hr data-start=\"1631\" data-end=\"1634\">\n<h3 data-start=\"1636\" data-end=\"1679\"><strong data-start=\"1640\" data-end=\"1679\">Varf\u00f6r v\u00e4lja dessa siluettlockf\u00e5glar?<\/strong><\/h3>\n<p data-start=\"1681\" data-end=\"2165\"><em data-start=\"1685\" data-end=\"1734\">Final Approach Last Pass Crow Silhouette Decoys<\/em> kombinerar h\u00e5llbarhet, realistiskt utseende och anv\u00e4ndarv\u00e4nlighet. Variationen av st\u00e4llningar och skarpt tryck skapar en \u00f6vertygande flock som effektivt lockar kr\u00e5kor och andra kr\u00e5kf\u00e5glar. Byggt av robusta material med smarta ergonomiska detaljer \u00e4r detta set en praktisk och l\u00e5ngvarig l\u00f6sning. Perfekt f\u00f6r att \u00f6ka storleken p\u00e5 din lockbetesspridning eller som ett l\u00e4ttviktsalternativ till fullkroppslockbeten. L\u00e4tt att b\u00e4ra \u00f6ver l\u00e5nga avst\u00e5nd.    <\/p>\n","protected":false},"excerpt":{"rendered":"<p>Sista inflygning sista pass Kr\u00e5ksiluettlockbeten, 12 st \u2013 m\u00e5ngsidiga och l\u00e4tta att packa Final Approach Last Pass Crow Silhouette Decoys erbjuder utm\u00e4rkt synlighet och enkel hantering med ett f\u00f6renklat svart och gr\u00e5tt f\u00e4rgschema. Dessa lockbeten l\u00e5ter dig skapa en realistisk och \u00f6vertygande spridning som \u00e4r l\u00e4tt, enkel att transportera, snabb att s\u00e4tta upp och budgetv\u00e4nlig. [&#8230;]\n","protected":false},"featured_media":289737,"comment_status":"open","ping_status":"closed","template":"","meta":[],"product_brand":[],"product_cat":[2796],"product_tag":[],"class_list":{"0":"post-289796","1":"product","2":"type-product","3":"status-publish","4":"has-post-thumbnail","6":"product_cat-andra-lockfaglar","8":"first","9":"instock","10":"sale","11":"taxable","12":"shipping-taxable","13":"purchasable","14":"product-type-simple"},"composite_virtual":false,"composite_layout":"","composite_add_to_cart_form_location":"","composite_editable_in_cart":false,"composite_sold_individually_context":"","composite_shop_price_calc":"","composite_components":[],"composite_scenarios":[],"group_of_quantity":0,"min_quantity":0,"max_quantity":"","exclude_order_quantity_value_rules":"no","exclude_category_quantity_rules":"no","combine_variations":"no","exclude_global_add_ons":[],"addons":[],"_links":{"self":[{"href":"https:\/\/www.huntersfriend.eu\/sv\/wp-json\/wp\/v2\/product\/289796","targetHints":{"allow":["GET"]}}],"collection":[{"href":"https:\/\/www.huntersfriend.eu\/sv\/wp-json\/wp\/v2\/product"}],"about":[{"href":"https:\/\/www.huntersfriend.eu\/sv\/wp-json\/wp\/v2\/types\/product"}],"replies":[{"embeddable":true,"href":"https:\/\/www.huntersfriend.eu\/sv\/wp-json\/wp\/v2\/comments?post=289796"}],"wp:featuredmedia":[{"embeddable":true,"href":"https:\/\/www.huntersfriend.eu\/sv\/wp-json\/wp\/v2\/media\/289737"}],"wp:attachment":[{"href":"https:\/\/www.huntersfriend.eu\/sv\/wp-json\/wp\/v2\/media?parent=289796"}],"wp:term":[{"taxonomy":"product_brand","embeddable":true,"href":"https:\/\/www.huntersfriend.eu\/sv\/wp-json\/wp\/v2\/product_brand?post=289796"},{"taxonomy":"product_cat","embeddable":true,"href":"https:\/\/www.huntersfriend.eu\/sv\/wp-json\/wp\/v2\/product_cat?post=289796"},{"taxonomy":"product_tag","embeddable":true,"href":"https:\/\/www.huntersfriend.eu\/sv\/wp-json\/wp\/v2\/product_tag?post=289796"}],"curies":[{"name":"wp","href":"https:\/\/api.w.org\/{rel}","templated":true}]}}