{"id":289788,"date":"2025-07-30T11:23:59","date_gmt":"2025-07-30T09:23:59","guid":{"rendered":"https:\/\/www.huntersfriend.eu\/product\/slutlig-inflygning-live-blasgas-vindstrut-3d-huvud\/"},"modified":"2026-04-15T11:38:36","modified_gmt":"2026-04-15T09:38:36","slug":"slutlig-inflygning-live-blasgas-vindstrut-3d-huvud","status":"publish","type":"product","link":"https:\/\/www.huntersfriend.eu\/sv\/produkt\/slutlig-inflygning-live-blasgas-vindstrut-3d-huvud\/","title":{"rendered":"Slutlig inflygning, live bl\u00e4sg\u00e5s, vindstrut, 3D-huvud"},"content":{"rendered":"<h1>Live bl\u00e4sg\u00e5sstrumpor med 3D-huvuden<\/h1>\n<p>Final Approach Live Specklebelly Socks med 3D-huvuden levererar den realism och h\u00e5llbarhet som seri\u00f6sa j\u00e4gare kr\u00e4ver. Detta paket inneh\u00e5ller 8 beteshuvuden och 4 uppr\u00e4ttst\u00e5ende huvuden f\u00f6r en naturtrogen spridning. De NYA handskurna 3D-huvudena och det ultrarealistiska tryckta kroppstyget \u00e5terskapar utseendet p\u00e5 levande bl\u00e4sg\u00e4ss med o\u00f6vertr\u00e4ffad precision.  <\/p>\n<p>Dessa strumpor \u00e4r tillverkade av DWR-belagt, fl\u00e4ckbest\u00e4ndigt tyg och motst\u00e5r fukt och smuts. Den hopf\u00e4llbara ryggraden och den f\u00f6rmonterade konstruktionen inneb\u00e4r mindre tid f\u00f6r installation och mer tid f\u00f6r jakt. Funktionerna inkluderar ett tv\u00e5fingerdraghandtag, 27-tums 7 mm v\u00e4ssad pinne, dr\u00e4neringsh\u00e5l och en 18 x 12 tums kropp som r\u00f6r sig naturligt med vinden.  <\/p>\n<h2>Egenskaper<\/h2>\n<ul>\n<li>Paketet inneh\u00e5ller 8 beteshuvuden och 4 uppr\u00e4ttst\u00e5ende huvuden f\u00f6r realistisk variation<\/li>\n<li>NYA handskurna 3D-huvuden f\u00f6r naturtrogen detaljrikedom<\/li>\n<li>Ultrarealistiskt tryckt kroppstyg f\u00f6r maximalt visuellt tilltal<\/li>\n<li>DWR-belagt, fl\u00e4ckbest\u00e4ndigt tyg f\u00f6r l\u00e5ngvarig prestanda<\/li>\n<li>Hopf\u00e4llbar ryggrad f\u00f6r kompakt f\u00f6rvaring och transport<\/li>\n<li>F\u00f6rmonterad f\u00f6r snabb, problemfri installation<\/li>\n<li>Tv\u00e5fingerdraghandtag f\u00f6r enkel placering och borttagning<\/li>\n<li>V\u00e4ssad pinnspets f\u00f6r snabb markpenetration<\/li>\n<li>Dr\u00e4neringsh\u00e5l f\u00f6r att f\u00f6rhindra vattenansamling<\/li>\n<li>27-tums 7 mm pinne f\u00f6r s\u00e4ker stabilitet<\/li>\n<li>18 x 12 tums vindstrut f\u00f6r naturlig r\u00f6relse<\/li>\n<\/ul>\n<p><em>Final Approach Live Specklebelly Socks med 3D-huvuden<\/em><\/p>\n","protected":false},"excerpt":{"rendered":"<p>Live bl\u00e4sg\u00e5sstrumpor med 3D-huvuden Final Approach Live Specklebelly Socks med 3D-huvuden levererar den realism och h\u00e5llbarhet som seri\u00f6sa j\u00e4gare kr\u00e4ver. Detta paket inneh\u00e5ller 8 beteshuvuden och 4 uppr\u00e4ttst\u00e5ende huvuden f\u00f6r en naturtrogen spridning. De NYA handskurna 3D-huvudena och det ultrarealistiska tryckta kroppstyget \u00e5terskapar utseendet p\u00e5 levande bl\u00e4sg\u00e4ss med o\u00f6vertr\u00e4ffad precision. Dessa strumpor \u00e4r tillverkade av [&#8230;]\n","protected":false},"featured_media":289567,"comment_status":"open","ping_status":"closed","template":"","meta":[],"product_brand":[],"product_cat":[2830],"product_tag":[],"class_list":{"0":"post-289788","1":"product","2":"type-product","3":"status-publish","4":"has-post-thumbnail","6":"product_cat-gasbeten","7":"product_shipping_class-medium-sv","9":"first","10":"instock","11":"sale","12":"taxable","13":"shipping-taxable","14":"purchasable","15":"product-type-simple"},"composite_virtual":false,"composite_layout":"","composite_add_to_cart_form_location":"","composite_editable_in_cart":false,"composite_sold_individually_context":"","composite_shop_price_calc":"","composite_components":[],"composite_scenarios":[],"group_of_quantity":0,"min_quantity":0,"max_quantity":"","exclude_order_quantity_value_rules":"no","exclude_category_quantity_rules":"no","combine_variations":"no","exclude_global_add_ons":[],"addons":[],"_links":{"self":[{"href":"https:\/\/www.huntersfriend.eu\/sv\/wp-json\/wp\/v2\/product\/289788","targetHints":{"allow":["GET"]}}],"collection":[{"href":"https:\/\/www.huntersfriend.eu\/sv\/wp-json\/wp\/v2\/product"}],"about":[{"href":"https:\/\/www.huntersfriend.eu\/sv\/wp-json\/wp\/v2\/types\/product"}],"replies":[{"embeddable":true,"href":"https:\/\/www.huntersfriend.eu\/sv\/wp-json\/wp\/v2\/comments?post=289788"}],"wp:featuredmedia":[{"embeddable":true,"href":"https:\/\/www.huntersfriend.eu\/sv\/wp-json\/wp\/v2\/media\/289567"}],"wp:attachment":[{"href":"https:\/\/www.huntersfriend.eu\/sv\/wp-json\/wp\/v2\/media?parent=289788"}],"wp:term":[{"taxonomy":"product_brand","embeddable":true,"href":"https:\/\/www.huntersfriend.eu\/sv\/wp-json\/wp\/v2\/product_brand?post=289788"},{"taxonomy":"product_cat","embeddable":true,"href":"https:\/\/www.huntersfriend.eu\/sv\/wp-json\/wp\/v2\/product_cat?post=289788"},{"taxonomy":"product_tag","embeddable":true,"href":"https:\/\/www.huntersfriend.eu\/sv\/wp-json\/wp\/v2\/product_tag?post=289788"}],"curies":[{"name":"wp","href":"https:\/\/api.w.org\/{rel}","templated":true}]}}