{"id":289452,"date":"2025-09-01T07:10:30","date_gmt":"2025-09-01T05:10:30","guid":{"rendered":"https:\/\/www.huntersfriend.eu\/product\/hha-linssats-b-1-5-8-sikte\/"},"modified":"2025-11-14T12:47:16","modified_gmt":"2025-11-14T10:47:16","slug":"hha-linssats-b-1-5-8-sikte","status":"publish","type":"product","link":"https:\/\/www.huntersfriend.eu\/sv\/produkt\/hha-linssats-b-1-5-8-sikte\/","title":{"rendered":"HHA-linssats b 1 5\/8&#8243; sikte"},"content":{"rendered":"<p>2 x f\u00f6rstoring f\u00f6r 1 5\/8&#8243; HHA-sikte<\/p>\n<p>och<\/p>\n<p>4 x f\u00f6rstoring f\u00f6r 1 5\/8&#8243; HHA-sikte<\/p>\n<p>KONTAKTA OSS G\u00c4LLANDE ANDRA HHA-LINSSATSER<\/p>\n<p>Finns med flera f\u00f6rstoringsalternativ f\u00f6r att passa din skjutstil. Alla sikten i 5500- och NYTRX-serien kr\u00e4ver en linssats B, 3800-serien kr\u00e4ver en linssats 38 och XL5500-serien kr\u00e4ver en linssats T. <\/p>\n<table width=\"1189\">\n<tbody>\n<tr>\n<td width=\"156\">Linssats\/siktstorlek (insidan av siktet)<\/td>\n<td width=\"156\">Innerdiameter\/faktisk linsstorlek (m\u00e5lstorlek)<\/td>\n<td width=\"156\">Ytterdiameter (exklusive reostat)<\/td>\n<td width=\"156\">Innerdiameter (skyttesidan)<\/td>\n<\/tr>\n<tr>\n<td width=\"156\">Linssats 38 1 3\/8\u201d<\/td>\n<td width=\"156\">1,53 \u201c<\/td>\n<td width=\"156\">1,628\u201d<\/td>\n<td width=\"156\">1,315\u201d<\/td>\n<\/tr>\n<tr>\n<td width=\"156\">Linssats b 1 5\/8\u201d<\/td>\n<td width=\"156\">1,75\u201d<\/td>\n<td width=\"156\">1,850\u201d<\/td>\n<td width=\"156\">1,525\u201d<\/td>\n<\/tr>\n<tr>\n<td width=\"156\">Linssats t 1 3\/4\u2033<\/td>\n<td width=\"156\">2,034\u201d<\/td>\n<td width=\"156\">2,130\u201d<\/td>\n<td width=\"156\">1,8\u201d<\/td>\n<\/tr>\n<tr>\n<td width=\"156\">Linssats x 2\u201d<\/td>\n<td width=\"156\">2,2\u201d<\/td>\n<td width=\"156\">2,30\u201d<\/td>\n<td width=\"156\">2,0\u201d<\/td>\n<\/tr>\n<\/tbody>\n<\/table>\n","protected":false},"excerpt":{"rendered":"<p>2 x f\u00f6rstoring f\u00f6r 1 5\/8&#8243; HHA-sikte och 4 x f\u00f6rstoring f\u00f6r 1 5\/8&#8243; HHA-sikte KONTAKTA OSS G\u00c4LLANDE ANDRA HHA-LINSSATSER Finns med flera f\u00f6rstoringsalternativ f\u00f6r att passa din skjutstil. Alla sikten i 5500- och NYTRX-serien kr\u00e4ver en linssats B, 3800-serien kr\u00e4ver en linssats 38 och XL5500-serien kr\u00e4ver en linssats T. Linssats\/siktstorlek (insidan av siktet) Innerdiameter\/faktisk [&#8230;]\n","protected":false},"featured_media":251119,"comment_status":"open","ping_status":"closed","template":"","meta":[],"product_brand":[],"product_cat":[2921],"product_tag":[],"class_list":{"0":"post-289452","1":"product","2":"type-product","3":"status-publish","4":"has-post-thumbnail","6":"product_cat-delar-for-sikten","8":"first","9":"instock","10":"taxable","11":"shipping-taxable","12":"purchasable","13":"product-type-variable"},"composite_virtual":false,"composite_layout":"","composite_add_to_cart_form_location":"","composite_editable_in_cart":false,"composite_sold_individually_context":"","composite_shop_price_calc":"","composite_components":[],"composite_scenarios":[],"group_of_quantity":0,"min_quantity":0,"max_quantity":"","exclude_order_quantity_value_rules":"no","exclude_category_quantity_rules":"no","combine_variations":"no","exclude_global_add_ons":[],"addons":[],"_links":{"self":[{"href":"https:\/\/www.huntersfriend.eu\/sv\/wp-json\/wp\/v2\/product\/289452","targetHints":{"allow":["GET"]}}],"collection":[{"href":"https:\/\/www.huntersfriend.eu\/sv\/wp-json\/wp\/v2\/product"}],"about":[{"href":"https:\/\/www.huntersfriend.eu\/sv\/wp-json\/wp\/v2\/types\/product"}],"replies":[{"embeddable":true,"href":"https:\/\/www.huntersfriend.eu\/sv\/wp-json\/wp\/v2\/comments?post=289452"}],"wp:featuredmedia":[{"embeddable":true,"href":"https:\/\/www.huntersfriend.eu\/sv\/wp-json\/wp\/v2\/media\/251119"}],"wp:attachment":[{"href":"https:\/\/www.huntersfriend.eu\/sv\/wp-json\/wp\/v2\/media?parent=289452"}],"wp:term":[{"taxonomy":"product_brand","embeddable":true,"href":"https:\/\/www.huntersfriend.eu\/sv\/wp-json\/wp\/v2\/product_brand?post=289452"},{"taxonomy":"product_cat","embeddable":true,"href":"https:\/\/www.huntersfriend.eu\/sv\/wp-json\/wp\/v2\/product_cat?post=289452"},{"taxonomy":"product_tag","embeddable":true,"href":"https:\/\/www.huntersfriend.eu\/sv\/wp-json\/wp\/v2\/product_tag?post=289452"}],"curies":[{"name":"wp","href":"https:\/\/api.w.org\/{rel}","templated":true}]}}