{"id":289401,"date":"2018-11-19T14:19:19","date_gmt":"2018-11-19T12:19:19","guid":{"rendered":"https:\/\/www.huntersfriend.eu\/product\/jvd-papperstavla-3-prickar\/"},"modified":"2025-08-27T14:19:15","modified_gmt":"2025-08-27T12:19:15","slug":"jvd-papperstavla-3-prickar","status":"publish","type":"product","link":"https:\/\/www.huntersfriend.eu\/sv\/produkt\/jvd-papperstavla-3-prickar\/","title":{"rendered":"JVD papperstavla \u2013 3 prickar"},"content":{"rendered":"<p>F\u00f6rst\u00e4rkt pappersm\u00e5l fr\u00e5n JVD.<\/p>\n<p><strong>Viktiga funktioner:<\/strong><\/p>\n<ul>\n<li>F\u00f6rst\u00e4rkt papper f\u00f6r l\u00e4ngre livsl\u00e4ngd.<\/li>\n<li>Po\u00e4ngzoner fr\u00e5n 6\u201310.<\/li>\n<li>Inre 10\/X-ring endast. F\u00f6r anv\u00e4ndning i compound-t\u00e4vlingar. <\/li>\n<li>20 cm, storlek med tre prickar.<\/li>\n<li>Anv\u00e4nds f\u00f6r FITA inomhusomg\u00e5ngar.<\/li>\n<\/ul>\n","protected":false},"excerpt":{"rendered":"<p>1 st 3&#215;20 cm vertikal prick<\/p>\n","protected":false},"featured_media":210527,"comment_status":"open","ping_status":"closed","template":"","meta":[],"product_brand":[],"product_cat":[2980],"product_tag":[],"class_list":{"0":"post-289401","1":"product","2":"type-product","3":"status-publish","4":"has-post-thumbnail","6":"product_cat-fita-och-wa-tavlor","8":"first","9":"instock","10":"taxable","11":"shipping-taxable","12":"purchasable","13":"product-type-simple"},"composite_virtual":false,"composite_layout":"","composite_add_to_cart_form_location":"","composite_editable_in_cart":false,"composite_sold_individually_context":"","composite_shop_price_calc":"","composite_components":[],"composite_scenarios":[],"group_of_quantity":0,"min_quantity":0,"max_quantity":"","exclude_order_quantity_value_rules":"no","exclude_category_quantity_rules":"no","combine_variations":"no","exclude_global_add_ons":[],"addons":[],"_links":{"self":[{"href":"https:\/\/www.huntersfriend.eu\/sv\/wp-json\/wp\/v2\/product\/289401","targetHints":{"allow":["GET"]}}],"collection":[{"href":"https:\/\/www.huntersfriend.eu\/sv\/wp-json\/wp\/v2\/product"}],"about":[{"href":"https:\/\/www.huntersfriend.eu\/sv\/wp-json\/wp\/v2\/types\/product"}],"replies":[{"embeddable":true,"href":"https:\/\/www.huntersfriend.eu\/sv\/wp-json\/wp\/v2\/comments?post=289401"}],"wp:featuredmedia":[{"embeddable":true,"href":"https:\/\/www.huntersfriend.eu\/sv\/wp-json\/wp\/v2\/media\/210527"}],"wp:attachment":[{"href":"https:\/\/www.huntersfriend.eu\/sv\/wp-json\/wp\/v2\/media?parent=289401"}],"wp:term":[{"taxonomy":"product_brand","embeddable":true,"href":"https:\/\/www.huntersfriend.eu\/sv\/wp-json\/wp\/v2\/product_brand?post=289401"},{"taxonomy":"product_cat","embeddable":true,"href":"https:\/\/www.huntersfriend.eu\/sv\/wp-json\/wp\/v2\/product_cat?post=289401"},{"taxonomy":"product_tag","embeddable":true,"href":"https:\/\/www.huntersfriend.eu\/sv\/wp-json\/wp\/v2\/product_tag?post=289401"}],"curies":[{"name":"wp","href":"https:\/\/api.w.org\/{rel}","templated":true}]}}