{"id":289400,"date":"2018-11-19T14:19:18","date_gmt":"2018-11-19T12:19:18","guid":{"rendered":"https:\/\/www.huntersfriend.eu\/product\/neet-hyllplatta\/"},"modified":"2025-08-27T14:19:12","modified_gmt":"2025-08-27T12:19:12","slug":"neet-hyllplatta","status":"publish","type":"product","link":"https:\/\/www.huntersfriend.eu\/sv\/produkt\/neet-hyllplatta\/","title":{"rendered":"Neet hyllplatta"},"content":{"rendered":"<p>Filt och l\u00e4der f\u00f6r placering i den utskurna pilf\u00f6nstret p\u00e5 recurve- eller l\u00e5ngb\u00e5gar.<\/p>\n","protected":false},"excerpt":{"rendered":"<p>Filt f\u00f6r att skydda recurve- och l\u00e5ngb\u00e5gar<\/p>\n","protected":false},"featured_media":210521,"comment_status":"open","ping_status":"open","template":"","meta":[],"product_brand":[],"product_cat":[2693,3061],"product_tag":[],"class_list":{"0":"post-289400","1":"product","2":"type-product","3":"status-publish","4":"has-post-thumbnail","6":"product_cat-delar-till-stod","7":"product_cat-recurve-stick-on-rests-sv","9":"first","10":"instock","11":"taxable","12":"shipping-taxable","13":"purchasable","14":"product-type-simple"},"composite_virtual":false,"composite_layout":"","composite_add_to_cart_form_location":"","composite_editable_in_cart":false,"composite_sold_individually_context":"","composite_shop_price_calc":"","composite_components":[],"composite_scenarios":[],"group_of_quantity":0,"min_quantity":0,"max_quantity":"","exclude_order_quantity_value_rules":"no","exclude_category_quantity_rules":"no","combine_variations":"no","exclude_global_add_ons":[],"addons":[],"_links":{"self":[{"href":"https:\/\/www.huntersfriend.eu\/sv\/wp-json\/wp\/v2\/product\/289400","targetHints":{"allow":["GET"]}}],"collection":[{"href":"https:\/\/www.huntersfriend.eu\/sv\/wp-json\/wp\/v2\/product"}],"about":[{"href":"https:\/\/www.huntersfriend.eu\/sv\/wp-json\/wp\/v2\/types\/product"}],"replies":[{"embeddable":true,"href":"https:\/\/www.huntersfriend.eu\/sv\/wp-json\/wp\/v2\/comments?post=289400"}],"wp:featuredmedia":[{"embeddable":true,"href":"https:\/\/www.huntersfriend.eu\/sv\/wp-json\/wp\/v2\/media\/210521"}],"wp:attachment":[{"href":"https:\/\/www.huntersfriend.eu\/sv\/wp-json\/wp\/v2\/media?parent=289400"}],"wp:term":[{"taxonomy":"product_brand","embeddable":true,"href":"https:\/\/www.huntersfriend.eu\/sv\/wp-json\/wp\/v2\/product_brand?post=289400"},{"taxonomy":"product_cat","embeddable":true,"href":"https:\/\/www.huntersfriend.eu\/sv\/wp-json\/wp\/v2\/product_cat?post=289400"},{"taxonomy":"product_tag","embeddable":true,"href":"https:\/\/www.huntersfriend.eu\/sv\/wp-json\/wp\/v2\/product_tag?post=289400"}],"curies":[{"name":"wp","href":"https:\/\/api.w.org\/{rel}","templated":true}]}}