{"id":289398,"date":"2018-11-19T14:19:13","date_gmt":"2018-11-19T12:19:13","guid":{"rendered":"https:\/\/www.huntersfriend.eu\/product\/gompy-bagstrangare-for-recurvebage\/"},"modified":"2025-08-27T14:19:07","modified_gmt":"2025-08-27T12:19:07","slug":"gompy-bagstrangare-for-recurvebage","status":"publish","type":"product","link":"https:\/\/www.huntersfriend.eu\/sv\/produkt\/gompy-bagstrangare-for-recurvebage\/","title":{"rendered":"Gompy b\u00e5gstr\u00e4ngare f\u00f6r recurveb\u00e5ge"},"content":{"rendered":"<p>Tip-Tip Standard \u2013 Str\u00e4nga din traditionella b\u00e5ge s\u00e4kert!<\/p>\n","protected":false},"excerpt":{"rendered":"<p>Tip-Tip Standard \u2013 Str\u00e4nga din traditionella b\u00e5ge s\u00e4kert!<\/p>\n","protected":false},"featured_media":210506,"comment_status":"open","ping_status":"closed","template":"","meta":[],"product_brand":[],"product_cat":[3060],"product_tag":[],"class_list":{"0":"post-289398","1":"product","2":"type-product","3":"status-publish","4":"has-post-thumbnail","6":"product_cat-bagstrangare","8":"first","9":"instock","10":"taxable","11":"shipping-taxable","12":"purchasable","13":"product-type-simple"},"composite_virtual":false,"composite_layout":"","composite_add_to_cart_form_location":"","composite_editable_in_cart":false,"composite_sold_individually_context":"","composite_shop_price_calc":"","composite_components":[],"composite_scenarios":[],"group_of_quantity":0,"min_quantity":0,"max_quantity":"","exclude_order_quantity_value_rules":"no","exclude_category_quantity_rules":"no","combine_variations":"no","exclude_global_add_ons":[],"addons":[],"_links":{"self":[{"href":"https:\/\/www.huntersfriend.eu\/sv\/wp-json\/wp\/v2\/product\/289398","targetHints":{"allow":["GET"]}}],"collection":[{"href":"https:\/\/www.huntersfriend.eu\/sv\/wp-json\/wp\/v2\/product"}],"about":[{"href":"https:\/\/www.huntersfriend.eu\/sv\/wp-json\/wp\/v2\/types\/product"}],"replies":[{"embeddable":true,"href":"https:\/\/www.huntersfriend.eu\/sv\/wp-json\/wp\/v2\/comments?post=289398"}],"wp:featuredmedia":[{"embeddable":true,"href":"https:\/\/www.huntersfriend.eu\/sv\/wp-json\/wp\/v2\/media\/210506"}],"wp:attachment":[{"href":"https:\/\/www.huntersfriend.eu\/sv\/wp-json\/wp\/v2\/media?parent=289398"}],"wp:term":[{"taxonomy":"product_brand","embeddable":true,"href":"https:\/\/www.huntersfriend.eu\/sv\/wp-json\/wp\/v2\/product_brand?post=289398"},{"taxonomy":"product_cat","embeddable":true,"href":"https:\/\/www.huntersfriend.eu\/sv\/wp-json\/wp\/v2\/product_cat?post=289398"},{"taxonomy":"product_tag","embeddable":true,"href":"https:\/\/www.huntersfriend.eu\/sv\/wp-json\/wp\/v2\/product_tag?post=289398"}],"curies":[{"name":"wp","href":"https:\/\/api.w.org\/{rel}","templated":true}]}}