{"id":289392,"date":"2018-11-19T14:19:03","date_gmt":"2018-11-19T12:19:03","guid":{"rendered":"https:\/\/www.huntersfriend.eu\/product\/trophy-ridge-joker-sikte-rh-lh\/"},"modified":"2025-08-27T14:18:54","modified_gmt":"2025-08-27T12:18:54","slug":"trophy-ridge-joker-sikte-rh-lh","status":"publish","type":"product","link":"https:\/\/www.huntersfriend.eu\/sv\/produkt\/trophy-ridge-joker-sikte-rh-lh\/","title":{"rendered":"Trophy Ridge Joker sikte RH\/LH"},"content":{"rendered":"<p>B\u00c4ST S\u00c4LJARE: Nya Trophy Ridge Joker erbjuder ett s\u00e5 rent siktessystem som m\u00f6jligt \u2013 med fyra fina .019&#8243; raka stift och en ljus siktring f\u00f6r snabb m\u00e5lf\u00e5ngst. Detta sikte bevisar att du kan f\u00e5 ett sikte av mycket h\u00f6g kvalitet utan att beh\u00f6va spendera hela din l\u00f6n p\u00e5 det. Joker 4 Pin har varit en butiksfavorit i flera \u00e5r eftersom det fungerar med alla tack vare dess universella RH\/LH v\u00e4ndbara design och laseretsade vindjusteringar g\u00f6r installationen enkel. Inkluderar vattenpass och siktljus.   <\/p>\n","protected":false},"excerpt":{"rendered":"<p>4-stifts 0.029 RH\/LH<\/p>\n","protected":false},"featured_media":210446,"comment_status":"open","ping_status":"closed","template":"","meta":[],"product_brand":[],"product_cat":[878],"product_tag":[],"class_list":{"0":"post-289392","1":"product","2":"type-product","3":"status-publish","4":"has-post-thumbnail","6":"product_cat-uncategorized-sv","8":"first","9":"outofstock","10":"taxable","11":"shipping-taxable","12":"purchasable","13":"product-type-simple"},"composite_virtual":false,"composite_layout":"","composite_add_to_cart_form_location":"","composite_editable_in_cart":false,"composite_sold_individually_context":"","composite_shop_price_calc":"","composite_components":[],"composite_scenarios":[],"group_of_quantity":0,"min_quantity":0,"max_quantity":"","exclude_order_quantity_value_rules":"no","exclude_category_quantity_rules":"no","combine_variations":"no","exclude_global_add_ons":[],"addons":[],"_links":{"self":[{"href":"https:\/\/www.huntersfriend.eu\/sv\/wp-json\/wp\/v2\/product\/289392","targetHints":{"allow":["GET"]}}],"collection":[{"href":"https:\/\/www.huntersfriend.eu\/sv\/wp-json\/wp\/v2\/product"}],"about":[{"href":"https:\/\/www.huntersfriend.eu\/sv\/wp-json\/wp\/v2\/types\/product"}],"replies":[{"embeddable":true,"href":"https:\/\/www.huntersfriend.eu\/sv\/wp-json\/wp\/v2\/comments?post=289392"}],"wp:featuredmedia":[{"embeddable":true,"href":"https:\/\/www.huntersfriend.eu\/sv\/wp-json\/wp\/v2\/media\/210446"}],"wp:attachment":[{"href":"https:\/\/www.huntersfriend.eu\/sv\/wp-json\/wp\/v2\/media?parent=289392"}],"wp:term":[{"taxonomy":"product_brand","embeddable":true,"href":"https:\/\/www.huntersfriend.eu\/sv\/wp-json\/wp\/v2\/product_brand?post=289392"},{"taxonomy":"product_cat","embeddable":true,"href":"https:\/\/www.huntersfriend.eu\/sv\/wp-json\/wp\/v2\/product_cat?post=289392"},{"taxonomy":"product_tag","embeddable":true,"href":"https:\/\/www.huntersfriend.eu\/sv\/wp-json\/wp\/v2\/product_tag?post=289392"}],"curies":[{"name":"wp","href":"https:\/\/api.w.org\/{rel}","templated":true}]}}