{"id":289390,"date":"2019-05-08T08:57:34","date_gmt":"2019-05-08T06:57:34","guid":{"rendered":"https:\/\/www.huntersfriend.eu\/product\/carbon-express-digital-bagvag\/"},"modified":"2025-08-27T14:18:52","modified_gmt":"2025-08-27T12:18:52","slug":"carbon-express-digital-bagvag","status":"publish","type":"product","link":"https:\/\/www.huntersfriend.eu\/sv\/produkt\/carbon-express-digital-bagvag\/","title":{"rendered":"Carbon express digital b\u00e5gv\u00e5g"},"content":{"rendered":"<h2><strong>Carbon express b\u00e5gv\u00e5g<\/strong><\/h2>\n<h3><strong>Funktioner:<\/strong><\/h3>\n<div>\n<ul>\n<li>Kompakt elektronisk b\u00e5gv\u00e5g<\/li>\n<li>Peak Weight &amp; Hold Weight-funktion<\/li>\n<li>M\u00e4ter noggrant i Pounds, Ounces &amp; Kg<\/li>\n<li>LED-display<\/li>\n<li>Stark &amp; h\u00e5llbar upp till 90+ lbs.<\/li>\n<li>Batterier ing\u00e5r<\/li>\n<\/ul>\n<p>Det perfekta verktyget f\u00f6r hemmet eller butiken. CX digitala b\u00e5gv\u00e5g m\u00e4ter toppvikt och h\u00e5llvikt i ounces, pounds och kilogram. L\u00e4tt att anv\u00e4nda med en stor LED-display med stark och h\u00e5llbar konstruktion som har en st\u00e5lkrok som kan f\u00e4stas p\u00e5 en D-loop eller str\u00e4ng f\u00f6r att m\u00e4ta maximala b\u00e5gvikter upp till 90 pounds <\/p>\n<\/div>\n","protected":false},"excerpt":{"rendered":"<p>Carbon express b\u00e5gv\u00e5g Funktioner: Kompakt elektronisk b\u00e5gv\u00e5g Peak Weight &amp; Hold Weight-funktion M\u00e4ter noggrant i Pounds, Ounces &amp; Kg LED-display Stark &amp; h\u00e5llbar upp till 90+ lbs. Batterier ing\u00e5r Det perfekta verktyget f\u00f6r hemmet eller butiken. CX digitala b\u00e5gv\u00e5g m\u00e4ter toppvikt och h\u00e5llvikt i ounces, pounds och kilogram. L\u00e4tt att anv\u00e4nda med en stor LED-display [&#8230;]\n","protected":false},"featured_media":240867,"comment_status":"open","ping_status":"closed","template":"","meta":[],"product_brand":[],"product_cat":[2632],"product_tag":[],"class_list":{"0":"post-289390","1":"product","2":"type-product","3":"status-publish","4":"has-post-thumbnail","6":"product_cat-vagar-och-kronografer","8":"first","9":"instock","10":"taxable","11":"shipping-taxable","12":"purchasable","13":"product-type-simple"},"composite_virtual":false,"composite_layout":"","composite_add_to_cart_form_location":"","composite_editable_in_cart":false,"composite_sold_individually_context":"","composite_shop_price_calc":"","composite_components":[],"composite_scenarios":[],"group_of_quantity":0,"min_quantity":0,"max_quantity":"","exclude_order_quantity_value_rules":"no","exclude_category_quantity_rules":"no","combine_variations":"no","exclude_global_add_ons":[],"addons":[],"_links":{"self":[{"href":"https:\/\/www.huntersfriend.eu\/sv\/wp-json\/wp\/v2\/product\/289390","targetHints":{"allow":["GET"]}}],"collection":[{"href":"https:\/\/www.huntersfriend.eu\/sv\/wp-json\/wp\/v2\/product"}],"about":[{"href":"https:\/\/www.huntersfriend.eu\/sv\/wp-json\/wp\/v2\/types\/product"}],"replies":[{"embeddable":true,"href":"https:\/\/www.huntersfriend.eu\/sv\/wp-json\/wp\/v2\/comments?post=289390"}],"wp:featuredmedia":[{"embeddable":true,"href":"https:\/\/www.huntersfriend.eu\/sv\/wp-json\/wp\/v2\/media\/240867"}],"wp:attachment":[{"href":"https:\/\/www.huntersfriend.eu\/sv\/wp-json\/wp\/v2\/media?parent=289390"}],"wp:term":[{"taxonomy":"product_brand","embeddable":true,"href":"https:\/\/www.huntersfriend.eu\/sv\/wp-json\/wp\/v2\/product_brand?post=289390"},{"taxonomy":"product_cat","embeddable":true,"href":"https:\/\/www.huntersfriend.eu\/sv\/wp-json\/wp\/v2\/product_cat?post=289390"},{"taxonomy":"product_tag","embeddable":true,"href":"https:\/\/www.huntersfriend.eu\/sv\/wp-json\/wp\/v2\/product_tag?post=289390"}],"curies":[{"name":"wp","href":"https:\/\/api.w.org\/{rel}","templated":true}]}}