{"id":289389,"date":"2019-05-08T08:57:27","date_gmt":"2019-05-08T06:57:27","guid":{"rendered":"https:\/\/www.huntersfriend.eu\/product\/sitka-keps-optifade-elevated-ii\/"},"modified":"2025-08-27T14:18:46","modified_gmt":"2025-08-27T12:18:46","slug":"sitka-keps-optifade-elevated-ii","status":"publish","type":"product","link":"https:\/\/www.huntersfriend.eu\/sv\/produkt\/sitka-keps-optifade-elevated-ii\/","title":{"rendered":"SITKA-keps Optifade Elevated II"},"content":{"rendered":"<p>Sitkas standardkeps tillverkad av samma vattenavvisande, ventilerande och stretchiga v\u00e4v som Ascent-serien.<\/p>\n<p><strong>SPECIFIKATIONER<\/strong><\/p>\n<div class=\"Grid-cell u-lg-size6of12 u-space--bottomLarge\">\n<ul class=\"HeroSpecs__list\">\n<li>\n<p class=\"Hero-desc\">GORE\u2122 OPTIFADE\u2122 Concealment Subalpine \u00e4r utformad f\u00f6r att f\u00f6rf\u00f6lja och \u00f6verfalla hovdjur fr\u00e5n markniv\u00e5 i tr\u00e4dbevuxen och vegetationsrik terr\u00e4ng.<\/p>\n<\/li>\n<li>\n<p class=\"Hero-desc\">Vikt: 90,7 gram<\/p>\n<\/li>\n<li>\n<p class=\"Hero-desc\">Slitstark vattenavvisande finish som st\u00e5r emot l\u00e4tt nederb\u00f6rd och f\u00f6rhindrar att yttertyget blir bl\u00f6tt.<\/p>\n<\/li>\n<\/ul>\n<\/div>\n<div class=\"Grid-cell u-size6of12 u-textRight\">\n<div class=\"Specs\"><\/div>\n<\/div>\n","protected":false},"excerpt":{"rendered":"<p>Sitkas standardkeps tillverkad av samma vattenavvisande, ventilerande och stretchiga v\u00e4v som Ascent-serien. SPECIFIKATIONER GORE\u2122 OPTIFADE\u2122 Concealment Subalpine \u00e4r utformad f\u00f6r att f\u00f6rf\u00f6lja och \u00f6verfalla hovdjur fr\u00e5n markniv\u00e5 i tr\u00e4dbevuxen och vegetationsrik terr\u00e4ng. Vikt: 90,7 gram Slitstark vattenavvisande finish som st\u00e5r emot l\u00e4tt nederb\u00f6rd och f\u00f6rhindrar att yttertyget blir bl\u00f6tt.<\/p>\n","protected":false},"featured_media":208518,"comment_status":"open","ping_status":"closed","template":"","meta":[],"product_brand":[],"product_cat":[878],"product_tag":[],"class_list":{"0":"post-289389","1":"product","2":"type-product","3":"status-publish","4":"has-post-thumbnail","6":"product_cat-uncategorized-sv","8":"first","9":"outofstock","10":"taxable","11":"shipping-taxable","12":"purchasable","13":"product-type-simple"},"composite_virtual":false,"composite_layout":"","composite_add_to_cart_form_location":"","composite_editable_in_cart":false,"composite_sold_individually_context":"","composite_shop_price_calc":"","composite_components":[],"composite_scenarios":[],"group_of_quantity":0,"min_quantity":0,"max_quantity":"","exclude_order_quantity_value_rules":"no","exclude_category_quantity_rules":"no","combine_variations":"no","exclude_global_add_ons":[],"addons":[],"_links":{"self":[{"href":"https:\/\/www.huntersfriend.eu\/sv\/wp-json\/wp\/v2\/product\/289389","targetHints":{"allow":["GET"]}}],"collection":[{"href":"https:\/\/www.huntersfriend.eu\/sv\/wp-json\/wp\/v2\/product"}],"about":[{"href":"https:\/\/www.huntersfriend.eu\/sv\/wp-json\/wp\/v2\/types\/product"}],"replies":[{"embeddable":true,"href":"https:\/\/www.huntersfriend.eu\/sv\/wp-json\/wp\/v2\/comments?post=289389"}],"wp:featuredmedia":[{"embeddable":true,"href":"https:\/\/www.huntersfriend.eu\/sv\/wp-json\/wp\/v2\/media\/208518"}],"wp:attachment":[{"href":"https:\/\/www.huntersfriend.eu\/sv\/wp-json\/wp\/v2\/media?parent=289389"}],"wp:term":[{"taxonomy":"product_brand","embeddable":true,"href":"https:\/\/www.huntersfriend.eu\/sv\/wp-json\/wp\/v2\/product_brand?post=289389"},{"taxonomy":"product_cat","embeddable":true,"href":"https:\/\/www.huntersfriend.eu\/sv\/wp-json\/wp\/v2\/product_cat?post=289389"},{"taxonomy":"product_tag","embeddable":true,"href":"https:\/\/www.huntersfriend.eu\/sv\/wp-json\/wp\/v2\/product_tag?post=289389"}],"curies":[{"name":"wp","href":"https:\/\/api.w.org\/{rel}","templated":true}]}}