{"id":289388,"date":"2018-11-19T12:23:22","date_gmt":"2018-11-19T12:23:22","guid":{"rendered":"https:\/\/www.huntersfriend.eu\/product\/g5-montec-cs\/"},"modified":"2026-03-18T22:00:18","modified_gmt":"2026-03-18T20:00:18","slug":"g5-montec-cs","status":"publish","type":"product","link":"https:\/\/www.huntersfriend.eu\/sv\/produkt\/g5-montec-cs\/","title":{"rendered":"G5 montec CS"},"content":{"rendered":"<p>Montec CS i kolst\u00e5l \u00e4r det b\u00e4sta broadhead-spetsen i ett stycke som finns tillg\u00e4ngligt idag. Denna 100 grain broadhead-spets \u00e4r tillverkad med G5:s patenterade MIM-teknik (Metal Injection Molding), \u00e4r 100 % spinntestad och tillverkad i kolst\u00e5l. Genom att anv\u00e4nda kolst\u00e5l \u00e4r Montec CS otroligt vass och kan enkelt slipas om efter upprepad anv\u00e4ndning. Tre (3) broadhead-spetsar per f\u00f6rpackning.   <\/p>\n<ul>\n<li>100 % st\u00e5lh\u00e5rd<\/li>\n<li>MIM-kolst\u00e5lskonstruktion i ett stycke<\/li>\n<li>Diamantskuren sk\u00e4rpa med en ytterligare bryningsprocess f\u00f6r att maximera eggen<\/li>\n<li>3 spetsar per f\u00f6rpackning<\/li>\n<li>1 1\/16&#8243; sk\u00e4rdiameter<\/li>\n<\/ul>\n","protected":false},"excerpt":{"rendered":"<p>3-pack, 100gr<\/p>\n","protected":false},"featured_media":211122,"comment_status":"open","ping_status":"closed","template":"","meta":[],"product_brand":[],"product_cat":[2647],"product_tag":[],"class_list":{"0":"post-289388","1":"product","2":"type-product","3":"status-publish","4":"has-post-thumbnail","6":"product_cat-broadheads-jakt","8":"first","9":"instock","10":"taxable","11":"shipping-taxable","12":"purchasable","13":"product-type-simple"},"composite_virtual":false,"composite_layout":"","composite_add_to_cart_form_location":"","composite_editable_in_cart":false,"composite_sold_individually_context":"","composite_shop_price_calc":"","composite_components":[],"composite_scenarios":[],"group_of_quantity":0,"min_quantity":0,"max_quantity":"","exclude_order_quantity_value_rules":"no","exclude_category_quantity_rules":"no","combine_variations":"no","exclude_global_add_ons":[],"addons":[],"_links":{"self":[{"href":"https:\/\/www.huntersfriend.eu\/sv\/wp-json\/wp\/v2\/product\/289388","targetHints":{"allow":["GET"]}}],"collection":[{"href":"https:\/\/www.huntersfriend.eu\/sv\/wp-json\/wp\/v2\/product"}],"about":[{"href":"https:\/\/www.huntersfriend.eu\/sv\/wp-json\/wp\/v2\/types\/product"}],"replies":[{"embeddable":true,"href":"https:\/\/www.huntersfriend.eu\/sv\/wp-json\/wp\/v2\/comments?post=289388"}],"wp:featuredmedia":[{"embeddable":true,"href":"https:\/\/www.huntersfriend.eu\/sv\/wp-json\/wp\/v2\/media\/211122"}],"wp:attachment":[{"href":"https:\/\/www.huntersfriend.eu\/sv\/wp-json\/wp\/v2\/media?parent=289388"}],"wp:term":[{"taxonomy":"product_brand","embeddable":true,"href":"https:\/\/www.huntersfriend.eu\/sv\/wp-json\/wp\/v2\/product_brand?post=289388"},{"taxonomy":"product_cat","embeddable":true,"href":"https:\/\/www.huntersfriend.eu\/sv\/wp-json\/wp\/v2\/product_cat?post=289388"},{"taxonomy":"product_tag","embeddable":true,"href":"https:\/\/www.huntersfriend.eu\/sv\/wp-json\/wp\/v2\/product_tag?post=289388"}],"curies":[{"name":"wp","href":"https:\/\/api.w.org\/{rel}","templated":true}]}}