{"id":289381,"date":"2019-03-06T14:15:45","date_gmt":"2019-03-06T12:15:45","guid":{"rendered":"https:\/\/www.huntersfriend.eu\/product\/lucky-duck-dabbler\/"},"modified":"2025-08-27T14:18:40","modified_gmt":"2025-08-27T12:18:40","slug":"lucky-duck-dabbler","status":"publish","type":"product","link":"https:\/\/www.huntersfriend.eu\/sv\/produkt\/lucky-duck-dabbler\/","title":{"rendered":"Lucky Duck Dabbler"},"content":{"rendered":"<p class=\"p1\"><span class=\"s1\">R\u00f6relse \u00e4r nyckeln till att locka f\u00e5glar under lugna dagar. Lucky Dabbler liknar en f\u00f6dos\u00f6kande gr\u00e4sandshane som sparkar med f\u00f6tterna och spr\u00e4tter vatten, vilket skapar r\u00f6relse p\u00e5 ytan. Dabblern kan k\u00f6ras kontinuerligt eller i timerl\u00e4ge (10 sekunder p\u00e5 och 5 sekunder av). Den h\u00e4r betesf\u00e5geln har en ultrarealistisk f\u00e4rgs\u00e4ttning och \u00e4r tillverkad av slitstark EVA-plast som motst\u00e5r sprickbildning. Dabblern inkluderar spr\u00e4ttande paddlar, 6-volts uppladdningsbart batteri, smartladdare och kraftig skumflott\u00f6r. Betesf\u00e5geln \u00e4r fj\u00e4rrstyrningsklar och fungerar med Lucky HD fj\u00e4rrkontrollkit (s\u00e4ljs separat).     <\/span><\/p>\n<ul>\n<li>Liknar en f\u00f6dos\u00f6kande gr\u00e4sand<\/li>\n<li>K\u00f6rs kontinuerligt eller i timerl\u00e4ge (10 sekunder p\u00e5 och 5 sekunder av)<\/li>\n<li>Slitstark EVA-plastkropp<\/li>\n<li>Vattenaktiverad str\u00f6mbrytare<\/li>\n<li>HD fj\u00e4rrkontrollkit redo (s\u00e4ljs separat)<\/li>\n<li>Inkluderar\n<ul>\n<li>Spr\u00e4ttande remmar<\/li>\n<li>6 volts batteri och smartladdare<\/li>\n<li>Kraftig skumflott\u00f6r<\/li>\n<\/ul>\n<\/li>\n<\/ul>\n<p><strong>OBS: Onlinebest\u00e4llningar \u00e4r begr\u00e4nsade till en l\u00e5da per best\u00e4llning. F\u00f6r st\u00f6rre m\u00e4ngder, v\u00e4nligen kontakta kundtj\u00e4nst direkt f\u00f6r att se \u00f6ver leveranskostnaderna. <\/strong><\/p>\n","protected":false},"excerpt":{"rendered":"<p><strong>Obs: Onlinebest\u00e4llningar \u00e4r begr\u00e4nsade till en l\u00e5da per best\u00e4llning. F\u00f6r st\u00f6rre m\u00e4ngder, v\u00e4nligen kontakta kundtj\u00e4nst direkt f\u00f6r att se \u00f6ver leveranskostnaderna <\/strong><\/p>\n","protected":false},"featured_media":210040,"comment_status":"open","ping_status":"closed","template":"","meta":[],"product_brand":[],"product_cat":[2528],"product_tag":[],"class_list":{"0":"post-289381","1":"product","2":"type-product","3":"status-publish","4":"has-post-thumbnail","6":"product_cat-rorliga-lockfaglar","7":"product_shipping_class-medium-sv","9":"first","10":"instock","11":"taxable","12":"shipping-taxable","13":"purchasable","14":"product-type-simple"},"composite_virtual":false,"composite_layout":"","composite_add_to_cart_form_location":"","composite_editable_in_cart":false,"composite_sold_individually_context":"","composite_shop_price_calc":"","composite_components":[],"composite_scenarios":[],"group_of_quantity":0,"min_quantity":0,"max_quantity":"","exclude_order_quantity_value_rules":"no","exclude_category_quantity_rules":"no","combine_variations":"no","exclude_global_add_ons":[],"addons":[],"_links":{"self":[{"href":"https:\/\/www.huntersfriend.eu\/sv\/wp-json\/wp\/v2\/product\/289381","targetHints":{"allow":["GET"]}}],"collection":[{"href":"https:\/\/www.huntersfriend.eu\/sv\/wp-json\/wp\/v2\/product"}],"about":[{"href":"https:\/\/www.huntersfriend.eu\/sv\/wp-json\/wp\/v2\/types\/product"}],"replies":[{"embeddable":true,"href":"https:\/\/www.huntersfriend.eu\/sv\/wp-json\/wp\/v2\/comments?post=289381"}],"wp:featuredmedia":[{"embeddable":true,"href":"https:\/\/www.huntersfriend.eu\/sv\/wp-json\/wp\/v2\/media\/210040"}],"wp:attachment":[{"href":"https:\/\/www.huntersfriend.eu\/sv\/wp-json\/wp\/v2\/media?parent=289381"}],"wp:term":[{"taxonomy":"product_brand","embeddable":true,"href":"https:\/\/www.huntersfriend.eu\/sv\/wp-json\/wp\/v2\/product_brand?post=289381"},{"taxonomy":"product_cat","embeddable":true,"href":"https:\/\/www.huntersfriend.eu\/sv\/wp-json\/wp\/v2\/product_cat?post=289381"},{"taxonomy":"product_tag","embeddable":true,"href":"https:\/\/www.huntersfriend.eu\/sv\/wp-json\/wp\/v2\/product_tag?post=289381"}],"curies":[{"name":"wp","href":"https:\/\/api.w.org\/{rel}","templated":true}]}}