{"id":289380,"date":"2018-11-19T12:20:41","date_gmt":"2018-11-19T12:20:41","guid":{"rendered":"https:\/\/www.huntersfriend.eu\/product\/gold-tip-velocity-kolfiberpilar-300\/"},"modified":"2025-08-27T14:18:40","modified_gmt":"2025-08-27T12:18:40","slug":"gold-tip-velocity-kolfiberpilar-300","status":"publish","type":"product","link":"https:\/\/www.huntersfriend.eu\/sv\/produkt\/gold-tip-velocity-kolfiberpilar-300\/","title":{"rendered":"Gold Tip Velocity kolfiberpilar 300"},"content":{"rendered":"<p>Gold Tip Velocity g\u00f6r l\u00e5ngsamma b\u00e5gar snabba och snabba b\u00e5gar \u00e4nnu snabbare. Velocity \u00e4r det prisv\u00e4rda s\u00e4ttet att \u00f6ka hastigheten. Konstruerad med Gold Tips Smart Carbon Technology f\u00f6r o\u00f6vertr\u00e4ffad h\u00e5llbarhet och bibeh\u00e5llen rakhet.  <\/p>\n<h3 class=\"components\">Inkluderade komponenter<\/h3>\n<div class=\"copy\">\n<ul>\n<li>Accu-lite nock<\/li>\n<li>Accu-Lite Insert (300-400 spines)<\/li>\n<\/ul>\n<ul>\n<li>Rakhetstolerans: +\/- 0,006&#8243;<\/li>\n<li>Vikttolerans: +\/- 2 gr<\/li>\n<\/ul>\n<\/div>\n","protected":false},"excerpt":{"rendered":"<p>12-pack, inkl. nock och insert, spine 300. Kontakta oss direkt ang\u00e5ende fler spines eller andra Gold Tip-produkter.  <\/p>\n","protected":false},"featured_media":289382,"comment_status":"open","ping_status":"closed","template":"","meta":[],"product_brand":[],"product_cat":[3014,2550],"product_tag":[],"class_list":{"0":"post-289380","1":"product","2":"type-product","3":"status-publish","4":"has-post-thumbnail","6":"product_cat-kolfiberpilar-for-malskytte","7":"product_cat-koljaktskaft","9":"first","10":"instock","11":"taxable","12":"shipping-taxable","13":"purchasable","14":"product-type-variable"},"composite_virtual":false,"composite_layout":"","composite_add_to_cart_form_location":"","composite_editable_in_cart":false,"composite_sold_individually_context":"","composite_shop_price_calc":"","composite_components":[],"composite_scenarios":[],"group_of_quantity":0,"min_quantity":0,"max_quantity":"","exclude_order_quantity_value_rules":"no","exclude_category_quantity_rules":"no","combine_variations":"no","exclude_global_add_ons":[],"addons":[],"_links":{"self":[{"href":"https:\/\/www.huntersfriend.eu\/sv\/wp-json\/wp\/v2\/product\/289380","targetHints":{"allow":["GET"]}}],"collection":[{"href":"https:\/\/www.huntersfriend.eu\/sv\/wp-json\/wp\/v2\/product"}],"about":[{"href":"https:\/\/www.huntersfriend.eu\/sv\/wp-json\/wp\/v2\/types\/product"}],"replies":[{"embeddable":true,"href":"https:\/\/www.huntersfriend.eu\/sv\/wp-json\/wp\/v2\/comments?post=289380"}],"wp:featuredmedia":[{"embeddable":true,"href":"https:\/\/www.huntersfriend.eu\/sv\/wp-json\/wp\/v2\/media\/289382"}],"wp:attachment":[{"href":"https:\/\/www.huntersfriend.eu\/sv\/wp-json\/wp\/v2\/media?parent=289380"}],"wp:term":[{"taxonomy":"product_brand","embeddable":true,"href":"https:\/\/www.huntersfriend.eu\/sv\/wp-json\/wp\/v2\/product_brand?post=289380"},{"taxonomy":"product_cat","embeddable":true,"href":"https:\/\/www.huntersfriend.eu\/sv\/wp-json\/wp\/v2\/product_cat?post=289380"},{"taxonomy":"product_tag","embeddable":true,"href":"https:\/\/www.huntersfriend.eu\/sv\/wp-json\/wp\/v2\/product_tag?post=289380"}],"curies":[{"name":"wp","href":"https:\/\/api.w.org\/{rel}","templated":true}]}}