{"id":289379,"date":"2019-03-06T14:15:39","date_gmt":"2019-03-06T12:15:39","guid":{"rendered":"https:\/\/www.huntersfriend.eu\/product\/lucky-quiver-duck-hd\/"},"modified":"2025-08-27T14:18:34","modified_gmt":"2025-08-27T12:18:34","slug":"lucky-quiver-duck-hd","status":"publish","type":"product","link":"https:\/\/www.huntersfriend.eu\/sv\/produkt\/lucky-quiver-duck-hd\/","title":{"rendered":"Lucky quiver duck HD"},"content":{"rendered":"<p>Ge din flock mer liv med Quiver Duck HD. Den h\u00e4r lockf\u00e5geln skapar realistiska krusningar i hela din flock, vilket \u00e4r n\u00f6dv\u00e4ndigt under dagar med lugnt vatten eller i situationer med stillast\u00e5ende vatten. Quiver Duck har en vattenaktiverad str\u00f6mbrytare som sl\u00e5r p\u00e5 lockf\u00e5geln s\u00e5 fort den r\u00f6r vattnet! Efterlikna levande \u00e4nder som simmar runt och skapar vattenr\u00f6relser. Den v\u00e4xeldrivna skakfunktionen ger l\u00e4ngre batteritid och ytterligare r\u00f6relse till din flock. Ankarf\u00e4ste (ankare s\u00e4ljs separat) s\u00e4kerst\u00e4ller att lockf\u00e5geln alltid f\u00f6rblir i position. Kr\u00e4ver 4 AA-batterier (ing\u00e5r ej).      <\/p>\n<ul>\n<li>HD-kroppsform f\u00f6r ultrarealism<\/li>\n<li>V\u00e4xeldriven skakfunktion ger l\u00e4ngre batteritid<\/li>\n<li>Ger r\u00f6relse till din flock under lugna dagar<\/li>\n<li>Vattenaktiverad str\u00f6mbrytare<\/li>\n<li>Kr\u00e4ver 4 AA-batterier (ing\u00e5r ej)<\/li>\n<li>Finns endast som gr\u00e4sandshane<\/li>\n<\/ul>\n<p><strong>OBS: Onlinebest\u00e4llningar \u00e4r begr\u00e4nsade till en l\u00e5da per best\u00e4llning. F\u00f6r st\u00f6rre m\u00e4ngder, v\u00e4nligen kontakta kundtj\u00e4nst direkt f\u00f6r att se \u00f6ver leveranskostnaderna. <\/strong><\/p>\n","protected":false},"excerpt":{"rendered":"<p><strong>Obs: Onlinebest\u00e4llningar \u00e4r begr\u00e4nsade till en l\u00e5da per best\u00e4llning. F\u00f6r st\u00f6rre m\u00e4ngder, v\u00e4nligen kontakta kundtj\u00e4nst direkt f\u00f6r att se \u00f6ver leveranskostnaderna <\/strong><\/p>\n","protected":false},"featured_media":208527,"comment_status":"open","ping_status":"closed","template":"","meta":[],"product_brand":[],"product_cat":[2528],"product_tag":[],"class_list":{"0":"post-289379","1":"product","2":"type-product","3":"status-publish","4":"has-post-thumbnail","6":"product_cat-rorliga-lockfaglar","7":"product_shipping_class-medium-sv","9":"first","10":"instock","11":"taxable","12":"shipping-taxable","13":"purchasable","14":"product-type-simple"},"composite_virtual":false,"composite_layout":"","composite_add_to_cart_form_location":"","composite_editable_in_cart":false,"composite_sold_individually_context":"","composite_shop_price_calc":"","composite_components":[],"composite_scenarios":[],"group_of_quantity":0,"min_quantity":0,"max_quantity":"","exclude_order_quantity_value_rules":"no","exclude_category_quantity_rules":"no","combine_variations":"no","exclude_global_add_ons":[],"addons":[],"_links":{"self":[{"href":"https:\/\/www.huntersfriend.eu\/sv\/wp-json\/wp\/v2\/product\/289379","targetHints":{"allow":["GET"]}}],"collection":[{"href":"https:\/\/www.huntersfriend.eu\/sv\/wp-json\/wp\/v2\/product"}],"about":[{"href":"https:\/\/www.huntersfriend.eu\/sv\/wp-json\/wp\/v2\/types\/product"}],"replies":[{"embeddable":true,"href":"https:\/\/www.huntersfriend.eu\/sv\/wp-json\/wp\/v2\/comments?post=289379"}],"wp:featuredmedia":[{"embeddable":true,"href":"https:\/\/www.huntersfriend.eu\/sv\/wp-json\/wp\/v2\/media\/208527"}],"wp:attachment":[{"href":"https:\/\/www.huntersfriend.eu\/sv\/wp-json\/wp\/v2\/media?parent=289379"}],"wp:term":[{"taxonomy":"product_brand","embeddable":true,"href":"https:\/\/www.huntersfriend.eu\/sv\/wp-json\/wp\/v2\/product_brand?post=289379"},{"taxonomy":"product_cat","embeddable":true,"href":"https:\/\/www.huntersfriend.eu\/sv\/wp-json\/wp\/v2\/product_cat?post=289379"},{"taxonomy":"product_tag","embeddable":true,"href":"https:\/\/www.huntersfriend.eu\/sv\/wp-json\/wp\/v2\/product_tag?post=289379"}],"curies":[{"name":"wp","href":"https:\/\/api.w.org\/{rel}","templated":true}]}}