{"id":289377,"date":"2019-03-06T14:15:31","date_gmt":"2019-03-06T12:15:31","guid":{"rendered":"https:\/\/www.huntersfriend.eu\/product\/buck-gardner-ultimate-coaxer-ravlockpipa\/"},"modified":"2025-08-27T14:18:32","modified_gmt":"2025-08-27T12:18:32","slug":"buck-gardner-ultimate-coaxer-ravlockpipa","status":"publish","type":"product","link":"https:\/\/www.huntersfriend.eu\/sv\/produkt\/buck-gardner-ultimate-coaxer-ravlockpipa\/","title":{"rendered":"Buck Gardner ultimate coaxer \u2013 r\u00e4vlockpipa"},"content":{"rendered":"<p>Buck Gardner Ultimate Coaxer \u00e4r en m\u00e5ngsidig lockpipa f\u00f6r mellandistans som imiterar en f\u00e5gel eller gnagare i n\u00f6d. Det \u00e4r en utm\u00e4rkt allround-lockpipa f\u00f6r rovdjur och \u00e4r tillverkad av t\u00e5lig polykarbonat f\u00f6r m\u00e5nga \u00e5rs anv\u00e4ndning i f\u00e4lt. <\/p>\n<ul>\n<li>F\u00f6r r\u00e4var och tv\u00e4ttbj\u00f6rnar<\/li>\n<li>H\u00f6g ton<\/li>\n<\/ul>\n","protected":false},"excerpt":{"rendered":"<p>H\u00f6g ton, n\u00f6dljud fr\u00e5n litet djur<\/p>\n","protected":false},"featured_media":246936,"comment_status":"open","ping_status":"closed","template":"","meta":[],"product_brand":[],"product_cat":[2800],"product_tag":[3057,3059],"class_list":{"0":"post-289377","1":"product","2":"type-product","3":"status-publish","4":"has-post-thumbnail","6":"product_cat-rovdjursljud","7":"product_tag-lock","8":"product_tag-rovdjur","10":"first","11":"instock","12":"taxable","13":"shipping-taxable","14":"purchasable","15":"product-type-simple"},"composite_virtual":false,"composite_layout":"","composite_add_to_cart_form_location":"","composite_editable_in_cart":false,"composite_sold_individually_context":"","composite_shop_price_calc":"","composite_components":[],"composite_scenarios":[],"group_of_quantity":0,"min_quantity":0,"max_quantity":"","exclude_order_quantity_value_rules":"no","exclude_category_quantity_rules":"no","combine_variations":"no","exclude_global_add_ons":[],"addons":[],"_links":{"self":[{"href":"https:\/\/www.huntersfriend.eu\/sv\/wp-json\/wp\/v2\/product\/289377","targetHints":{"allow":["GET"]}}],"collection":[{"href":"https:\/\/www.huntersfriend.eu\/sv\/wp-json\/wp\/v2\/product"}],"about":[{"href":"https:\/\/www.huntersfriend.eu\/sv\/wp-json\/wp\/v2\/types\/product"}],"replies":[{"embeddable":true,"href":"https:\/\/www.huntersfriend.eu\/sv\/wp-json\/wp\/v2\/comments?post=289377"}],"wp:featuredmedia":[{"embeddable":true,"href":"https:\/\/www.huntersfriend.eu\/sv\/wp-json\/wp\/v2\/media\/246936"}],"wp:attachment":[{"href":"https:\/\/www.huntersfriend.eu\/sv\/wp-json\/wp\/v2\/media?parent=289377"}],"wp:term":[{"taxonomy":"product_brand","embeddable":true,"href":"https:\/\/www.huntersfriend.eu\/sv\/wp-json\/wp\/v2\/product_brand?post=289377"},{"taxonomy":"product_cat","embeddable":true,"href":"https:\/\/www.huntersfriend.eu\/sv\/wp-json\/wp\/v2\/product_cat?post=289377"},{"taxonomy":"product_tag","embeddable":true,"href":"https:\/\/www.huntersfriend.eu\/sv\/wp-json\/wp\/v2\/product_tag?post=289377"}],"curies":[{"name":"wp","href":"https:\/\/api.w.org\/{rel}","templated":true}]}}