{"id":289376,"date":"2019-03-06T14:15:27","date_gmt":"2019-03-06T12:15:27","guid":{"rendered":"https:\/\/www.huntersfriend.eu\/product\/buck-gardner-trippel-ogla-lanyard\/"},"modified":"2025-08-27T14:18:28","modified_gmt":"2025-08-27T12:18:28","slug":"buck-gardner-trippel-ogla-lanyard","status":"publish","type":"product","link":"https:\/\/www.huntersfriend.eu\/sv\/produkt\/buck-gardner-trippel-ogla-lanyard\/","title":{"rendered":"Buck Gardner trippel \u00f6gla lanyard"},"content":{"rendered":"<p>Buck Gardner Trippel \u00d6gla Lanyard \u2013 Tillverkad av slitstark, v\u00e4derbest\u00e4ndig fl\u00e4tad nylon med rostfria st\u00e5lfj\u00e4drar f\u00f6r att s\u00e4kra och transportera dina lockpipor i f\u00e4lt.<\/p>\n<ul>\n<li>F\u00f6r tre lockpipor<\/li>\n<\/ul>\n<p><strong>F\u00e4rg:<\/strong> camo<\/p>\n<p><em>Lockpipor ing\u00e5r ej \u2013 det h\u00e4r fotot visar hur du anv\u00e4nder Trippel \u00d6gla Lanyard<\/em><\/p>\n","protected":false},"excerpt":{"rendered":"<p>F\u00f6r tre lockpipor<\/p>\n","protected":false},"featured_media":246884,"comment_status":"open","ping_status":"closed","template":"","meta":[],"product_brand":[],"product_cat":[2946],"product_tag":[],"class_list":{"0":"post-289376","1":"product","2":"type-product","3":"status-publish","4":"has-post-thumbnail","6":"product_cat-tillbehor-for-lockpipor","8":"first","9":"instock","10":"taxable","11":"shipping-taxable","12":"purchasable","13":"product-type-simple"},"composite_virtual":false,"composite_layout":"","composite_add_to_cart_form_location":"","composite_editable_in_cart":false,"composite_sold_individually_context":"","composite_shop_price_calc":"","composite_components":[],"composite_scenarios":[],"group_of_quantity":0,"min_quantity":0,"max_quantity":"","exclude_order_quantity_value_rules":"no","exclude_category_quantity_rules":"no","combine_variations":"no","exclude_global_add_ons":[],"addons":[],"_links":{"self":[{"href":"https:\/\/www.huntersfriend.eu\/sv\/wp-json\/wp\/v2\/product\/289376","targetHints":{"allow":["GET"]}}],"collection":[{"href":"https:\/\/www.huntersfriend.eu\/sv\/wp-json\/wp\/v2\/product"}],"about":[{"href":"https:\/\/www.huntersfriend.eu\/sv\/wp-json\/wp\/v2\/types\/product"}],"replies":[{"embeddable":true,"href":"https:\/\/www.huntersfriend.eu\/sv\/wp-json\/wp\/v2\/comments?post=289376"}],"wp:featuredmedia":[{"embeddable":true,"href":"https:\/\/www.huntersfriend.eu\/sv\/wp-json\/wp\/v2\/media\/246884"}],"wp:attachment":[{"href":"https:\/\/www.huntersfriend.eu\/sv\/wp-json\/wp\/v2\/media?parent=289376"}],"wp:term":[{"taxonomy":"product_brand","embeddable":true,"href":"https:\/\/www.huntersfriend.eu\/sv\/wp-json\/wp\/v2\/product_brand?post=289376"},{"taxonomy":"product_cat","embeddable":true,"href":"https:\/\/www.huntersfriend.eu\/sv\/wp-json\/wp\/v2\/product_cat?post=289376"},{"taxonomy":"product_tag","embeddable":true,"href":"https:\/\/www.huntersfriend.eu\/sv\/wp-json\/wp\/v2\/product_tag?post=289376"}],"curies":[{"name":"wp","href":"https:\/\/api.w.org\/{rel}","templated":true}]}}