{"id":289373,"date":"2019-03-06T14:15:25","date_gmt":"2019-03-06T12:15:25","guid":{"rendered":"https:\/\/www.huntersfriend.eu\/product\/extra-vingset-for-lucky-duck\/"},"modified":"2025-08-27T14:18:26","modified_gmt":"2025-08-27T12:18:26","slug":"extra-vingset-for-lucky-duck","status":"publish","type":"product","link":"https:\/\/www.huntersfriend.eu\/sv\/produkt\/extra-vingset-for-lucky-duck\/","title":{"rendered":"Extra vingset f\u00f6r Lucky Duck"},"content":{"rendered":"<h3>Magnetiskt formsprutat vingset<\/h3>\n<ul>\n<li>T\u00e5liga formsprutade magnetiska vingar<\/li>\n<li>Verklighetstrogen vingtryck<\/li>\n<li>Visat sig vara mer h\u00e5llbart \u00e4n n\u00e5gon korrugerad vinge och ger dig l\u00e4ngre k\u00f6rtid p\u00e5 en enda laddning<\/li>\n<li>Inkluderar v\u00e4nster och h\u00f6ger vinge, tillsammans med vingadaptrar<\/li>\n<li>Kompatibel med:\n<ul>\n<li>Lucky vattent\u00e4t HDi<\/li>\n<li>Lucky HD<\/li>\n<li>Lucky HD hona<\/li>\n<li>Hot shot<\/li>\n<li>FFD scout<\/li>\n<li>Lucky Junior<\/li>\n<\/ul>\n<\/li>\n<\/ul>\n","protected":false},"excerpt":{"rendered":"<p>Extra vingar<\/p>\n","protected":false},"featured_media":210010,"comment_status":"open","ping_status":"closed","template":"","meta":[],"product_brand":[],"product_cat":[2803],"product_tag":[],"class_list":{"0":"post-289373","1":"product","2":"type-product","3":"status-publish","4":"has-post-thumbnail","6":"product_cat-tillbehor-for-beten","8":"first","9":"instock","10":"taxable","11":"shipping-taxable","12":"purchasable","13":"product-type-simple"},"composite_virtual":false,"composite_layout":"","composite_add_to_cart_form_location":"","composite_editable_in_cart":false,"composite_sold_individually_context":"","composite_shop_price_calc":"","composite_components":[],"composite_scenarios":[],"group_of_quantity":0,"min_quantity":0,"max_quantity":"","exclude_order_quantity_value_rules":"no","exclude_category_quantity_rules":"no","combine_variations":"no","exclude_global_add_ons":[],"addons":[],"_links":{"self":[{"href":"https:\/\/www.huntersfriend.eu\/sv\/wp-json\/wp\/v2\/product\/289373","targetHints":{"allow":["GET"]}}],"collection":[{"href":"https:\/\/www.huntersfriend.eu\/sv\/wp-json\/wp\/v2\/product"}],"about":[{"href":"https:\/\/www.huntersfriend.eu\/sv\/wp-json\/wp\/v2\/types\/product"}],"replies":[{"embeddable":true,"href":"https:\/\/www.huntersfriend.eu\/sv\/wp-json\/wp\/v2\/comments?post=289373"}],"wp:featuredmedia":[{"embeddable":true,"href":"https:\/\/www.huntersfriend.eu\/sv\/wp-json\/wp\/v2\/media\/210010"}],"wp:attachment":[{"href":"https:\/\/www.huntersfriend.eu\/sv\/wp-json\/wp\/v2\/media?parent=289373"}],"wp:term":[{"taxonomy":"product_brand","embeddable":true,"href":"https:\/\/www.huntersfriend.eu\/sv\/wp-json\/wp\/v2\/product_brand?post=289373"},{"taxonomy":"product_cat","embeddable":true,"href":"https:\/\/www.huntersfriend.eu\/sv\/wp-json\/wp\/v2\/product_cat?post=289373"},{"taxonomy":"product_tag","embeddable":true,"href":"https:\/\/www.huntersfriend.eu\/sv\/wp-json\/wp\/v2\/product_tag?post=289373"}],"curies":[{"name":"wp","href":"https:\/\/api.w.org\/{rel}","templated":true}]}}