{"id":289372,"date":"2019-03-06T13:33:05","date_gmt":"2019-03-06T11:33:05","guid":{"rendered":"https:\/\/www.huntersfriend.eu\/product\/buck-gardner-lanyard-hd\/"},"modified":"2025-08-27T14:18:22","modified_gmt":"2025-08-27T12:18:22","slug":"buck-gardner-lanyard-hd","status":"publish","type":"product","link":"https:\/\/www.huntersfriend.eu\/sv\/produkt\/buck-gardner-lanyard-hd\/","title":{"rendered":"Buck Gardner lanyard HD"},"content":{"rendered":"<p>Denna slitstarka Buck Gardner Lanyard HD-nyckelband \u00e4r tillverkad av milit\u00e4rklassad fallsk\u00e4rmslina med en platt fl\u00e4tad \u00f6vre del som \u00e4r bekv\u00e4m att b\u00e4ra runt halsen, plus en rund fl\u00e4tad nedre del f\u00f6r att anpassa samtalsdropparna. Nyckelbandet har fyra inbyggda samtalsdroppar och inkluderar \u00e4ven: 1 visselpipadroppe, 2 clip-on dubbla droppar och 2 clip-on enkla droppar. Ytterligare droppar s\u00e4ljs separat.  <\/p>\n<ul>\n<li>F\u00f6r fyra pipor<\/li>\n<li>Tillverkad av fallsk\u00e4rmslina<\/li>\n<\/ul>\n","protected":false},"excerpt":{"rendered":"<p>F\u00f6r fyra pipor<\/p>\n","protected":false},"featured_media":246882,"comment_status":"open","ping_status":"closed","template":"","meta":[],"product_brand":[],"product_cat":[2946],"product_tag":[],"class_list":{"0":"post-289372","1":"product","2":"type-product","3":"status-publish","4":"has-post-thumbnail","6":"product_cat-tillbehor-for-lockpipor","8":"first","9":"instock","10":"taxable","11":"shipping-taxable","12":"purchasable","13":"product-type-simple"},"composite_virtual":false,"composite_layout":"","composite_add_to_cart_form_location":"","composite_editable_in_cart":false,"composite_sold_individually_context":"","composite_shop_price_calc":"","composite_components":[],"composite_scenarios":[],"group_of_quantity":0,"min_quantity":0,"max_quantity":"","exclude_order_quantity_value_rules":"no","exclude_category_quantity_rules":"no","combine_variations":"no","exclude_global_add_ons":[],"addons":[],"_links":{"self":[{"href":"https:\/\/www.huntersfriend.eu\/sv\/wp-json\/wp\/v2\/product\/289372","targetHints":{"allow":["GET"]}}],"collection":[{"href":"https:\/\/www.huntersfriend.eu\/sv\/wp-json\/wp\/v2\/product"}],"about":[{"href":"https:\/\/www.huntersfriend.eu\/sv\/wp-json\/wp\/v2\/types\/product"}],"replies":[{"embeddable":true,"href":"https:\/\/www.huntersfriend.eu\/sv\/wp-json\/wp\/v2\/comments?post=289372"}],"wp:featuredmedia":[{"embeddable":true,"href":"https:\/\/www.huntersfriend.eu\/sv\/wp-json\/wp\/v2\/media\/246882"}],"wp:attachment":[{"href":"https:\/\/www.huntersfriend.eu\/sv\/wp-json\/wp\/v2\/media?parent=289372"}],"wp:term":[{"taxonomy":"product_brand","embeddable":true,"href":"https:\/\/www.huntersfriend.eu\/sv\/wp-json\/wp\/v2\/product_brand?post=289372"},{"taxonomy":"product_cat","embeddable":true,"href":"https:\/\/www.huntersfriend.eu\/sv\/wp-json\/wp\/v2\/product_cat?post=289372"},{"taxonomy":"product_tag","embeddable":true,"href":"https:\/\/www.huntersfriend.eu\/sv\/wp-json\/wp\/v2\/product_tag?post=289372"}],"curies":[{"name":"wp","href":"https:\/\/api.w.org\/{rel}","templated":true}]}}