{"id":289370,"date":"2019-03-03T14:20:06","date_gmt":"2019-03-03T12:20:06","guid":{"rendered":"https:\/\/www.huntersfriend.eu\/product\/bowtech-eva-shockey-gen-3\/"},"modified":"2025-08-27T14:18:16","modified_gmt":"2025-08-27T12:18:16","slug":"bowtech-eva-shockey-gen-3","status":"publish","type":"product","link":"https:\/\/www.huntersfriend.eu\/sv\/produkt\/bowtech-eva-shockey-gen-3\/","title":{"rendered":"Bowtech Eva shockey Gen 3"},"content":{"rendered":"<h2>PREMIUM DAMB\u00c5GE, DEADLOCK-TEKNIK OCH EVA SHOCKEY\u2026 NU N\u00c4MNER VI NAMN.<\/h2>\n<h6>F\u00d6RB\u00c4TTRAD JUSTERBARHET, O\u00d6VERTR\u00c4FFAD KOMFORT, OBEGR\u00c4NSADE M\u00d6JLIGHETER!<\/h6>\n<ul>\n<li>Designad f\u00f6r \u00f6verl\u00e4gsen justerbarhet, reducerad vikt och damorienterat dragl\u00e4ngdsintervall utan att offra prestanda.<\/li>\n<li>Utrustad med DeadLock-teknik; det snabbaste och enklaste s\u00e4ttet att uppn\u00e5 perfekt pilflykt och repeterbar precision.<\/li>\n<li>TimeLocks unika design utan b\u00e5gpress m\u00f6jligg\u00f6r snabb och enkel justering av kamposition med en enkel insexnyckel.<\/li>\n<li>GripLock m\u00f6jligg\u00f6r anpassad positionering av greppvinkeln f\u00f6r att finjustera greppet f\u00f6r \u00f6kad precision.<\/li>\n<li>Har Integrate Mounting System-laxstj\u00e4rt f\u00f6r anv\u00e4ndning med pilhyllor utrustade med IMS.<\/li>\n<\/ul>\n<p>Roterande modul f\u00f6r enkel justering av dragl\u00e4ngd.<\/p>\n<ul>\n<li>Axel-till-axel 28&#8243;<\/li>\n<li>Str\u00e4ngh\u00f6jd 6,125&#8243;<\/li>\n<li>Hastighet 326 FPS<\/li>\n<li>Dragl\u00e4ngd 24 &#8211; 29&#8243;<\/li>\n<li>Dragvikt 40, 50, 60 LBS<\/li>\n<li>Massvikt 3,9 lbs<\/li>\n<\/ul>\n","protected":false},"excerpt":{"rendered":"<p>Anpassad\/specialbest\u00e4llning &#8211; vanligtvis 3-10 veckor &#8211; kontakta oss f\u00f6r en b\u00e4ttre uppskattning<\/p>\n","protected":false},"featured_media":267389,"comment_status":"open","ping_status":"closed","template":"","meta":[],"product_brand":[],"product_cat":[2652],"product_tag":[],"class_list":{"0":"post-289370","1":"product","2":"type-product","3":"status-publish","4":"has-post-thumbnail","6":"product_cat-compound-bagar","7":"product_shipping_class-big-sv","9":"first","10":"onbackorder","11":"taxable","12":"shipping-taxable","13":"product-type-variable"},"composite_virtual":false,"composite_layout":"","composite_add_to_cart_form_location":"","composite_editable_in_cart":false,"composite_sold_individually_context":"","composite_shop_price_calc":"","composite_components":[],"composite_scenarios":[],"group_of_quantity":0,"min_quantity":0,"max_quantity":"","exclude_order_quantity_value_rules":"no","exclude_category_quantity_rules":"no","combine_variations":"no","exclude_global_add_ons":false,"addons":[{"name":"B\u00e5g hand","type":"multiple_choice","position":0,"required":true,"title_format":"label","default":"","description_enable":false,"description":null,"placeholder_enable":false,"placeholder":null,"display":"select","restrictions_type":"any_text","adjust_price":false,"price":"","price_type":"flat_fee","restrictions":false,"min":"0","max":"0","options":[{"label":"H\u00f6ger hand","price":"","price_type":"flat_fee","image":0,"visibility":true},{"label":"V\u00e4nster hand","price":"","price_type":"flat_fee","image":0,"visibility":true}]},{"name":"Dragvikt","type":"multiple_choice","position":1,"required":true,"title_format":"label","default":"","description_enable":false,"description":null,"placeholder_enable":false,"placeholder":null,"display":"select","restrictions_type":"any_text","adjust_price":false,"price":"","price_type":"flat_fee","restrictions":false,"min":"0","max":"0","options":[{"label":"30-40#","price":"","price_type":"flat_fee","image":0,"visibility":true},{"label":"40-50#","price":"","price_type":"flat_fee","image":0,"visibility":true},{"label":"50-60#","price":"","price_type":"flat_fee","image":0,"visibility":true}]},{"name":"F\u00e4rg","type":"multiple_choice","position":2,"required":true,"title_format":"label","default":"","description_enable":false,"description":null,"placeholder_enable":false,"placeholder":null,"display":"select","restrictions_type":"any_text","adjust_price":false,"price":"","price_type":"flat_fee","restrictions":false,"min":"0","max":"0","options":[{"label":"Svart","price":"","price_type":"flat_fee","image":0,"visibility":true},{"label":"Mossy oak country DNA","price":"","price_type":"flat_fee","image":0,"visibility":true},{"label":"Skog","price":"","price_type":"flat_fee","image":0,"visibility":true},{"label":"R\u00f6kgr\u00e5","price":"","price_type":"flat_fee","image":0,"visibility":true}]}],"_links":{"self":[{"href":"https:\/\/www.huntersfriend.eu\/sv\/wp-json\/wp\/v2\/product\/289370","targetHints":{"allow":["GET"]}}],"collection":[{"href":"https:\/\/www.huntersfriend.eu\/sv\/wp-json\/wp\/v2\/product"}],"about":[{"href":"https:\/\/www.huntersfriend.eu\/sv\/wp-json\/wp\/v2\/types\/product"}],"replies":[{"embeddable":true,"href":"https:\/\/www.huntersfriend.eu\/sv\/wp-json\/wp\/v2\/comments?post=289370"}],"wp:featuredmedia":[{"embeddable":true,"href":"https:\/\/www.huntersfriend.eu\/sv\/wp-json\/wp\/v2\/media\/267389"}],"wp:attachment":[{"href":"https:\/\/www.huntersfriend.eu\/sv\/wp-json\/wp\/v2\/media?parent=289370"}],"wp:term":[{"taxonomy":"product_brand","embeddable":true,"href":"https:\/\/www.huntersfriend.eu\/sv\/wp-json\/wp\/v2\/product_brand?post=289370"},{"taxonomy":"product_cat","embeddable":true,"href":"https:\/\/www.huntersfriend.eu\/sv\/wp-json\/wp\/v2\/product_cat?post=289370"},{"taxonomy":"product_tag","embeddable":true,"href":"https:\/\/www.huntersfriend.eu\/sv\/wp-json\/wp\/v2\/product_tag?post=289370"}],"curies":[{"name":"wp","href":"https:\/\/api.w.org\/{rel}","templated":true}]}}