{"id":289353,"date":"2019-03-03T12:14:51","date_gmt":"2019-03-03T10:14:51","guid":{"rendered":"https:\/\/www.huntersfriend.eu\/product\/vanetec-swift-seriens-fjadrar\/"},"modified":"2026-04-10T11:39:49","modified_gmt":"2026-04-10T09:39:49","slug":"vanetec-swift-seriens-fjadrar","status":"publish","type":"product","link":"https:\/\/www.huntersfriend.eu\/sv\/produkt\/vanetec-swift-seriens-fjadrar\/","title":{"rendered":"Vanetec Swift-seriens fj\u00e4drar"},"content":{"rendered":"<h4>Swift-serien: 2,25&#8243;, 2,88&#8243; eller 3,15&#8243;<\/h4>\n<p>Den nya Swift-serien \u00e4r en elegant, sk\u00f6ldskuren fj\u00e4der med en smal bas och utm\u00e4rkt minne. De kan guida pilar till samma plats varje g\u00e5ng. De \u00e4r enkla att applicera utan f\u00f6rberedelser, och Swift-seriens fj\u00e4drar t\u00e5l p\u00e5frestningarna vid f\u00e4ltb\u00e5gskytte.  <\/p>\n<p>Den nya 3,150&#8243; HD Swift \u00e4r en sk\u00f6ldskuren jaktfj\u00e4der som har gjorts n\u00e5got tjockare f\u00f6r h\u00f6g hastighet och h\u00e5llbarhet. Dess l\u00e4gre profil p\u00e5verkas mindre av vindavdrift och ger b\u00e4ttre st\u00f6d eller skenfrihet. 3,150&#8243; anv\u00e4nder ett styvare, sl\u00e4tt ytmaterial som g\u00f6r den absolut tyst vid alla hastigheter som kan uppn\u00e5s med en compoundb\u00e5ge eller ett armborst.<\/p>\n<p>&nbsp;<\/p>\n<p>&nbsp;<\/p>\n<p>&nbsp;<\/p>\n<p>&nbsp;<\/p>\n<hr class=\"red\">\n<div id=\"att-instr-links\"><\/div>\n","protected":false},"excerpt":{"rendered":"<p>F\u00e4ltb\u00e5gskytte eller jakt!<\/p>\n","protected":false},"featured_media":31016,"comment_status":"open","ping_status":"closed","template":"","meta":[],"product_brand":[],"product_cat":[2934,2765],"product_tag":[],"class_list":{"0":"post-289353","1":"product","2":"type-product","3":"status-publish","4":"has-post-thumbnail","6":"product_cat-fjadrar","7":"product_cat-fyndlada-slutrea","9":"first","10":"instock","11":"sale","12":"taxable","13":"shipping-taxable","14":"purchasable","15":"product-type-variable"},"composite_virtual":false,"composite_layout":"","composite_add_to_cart_form_location":"","composite_editable_in_cart":false,"composite_sold_individually_context":"","composite_shop_price_calc":"","composite_components":[],"composite_scenarios":[],"group_of_quantity":0,"min_quantity":0,"max_quantity":"","exclude_order_quantity_value_rules":"no","exclude_category_quantity_rules":"no","combine_variations":"no","exclude_global_add_ons":[],"addons":[],"_links":{"self":[{"href":"https:\/\/www.huntersfriend.eu\/sv\/wp-json\/wp\/v2\/product\/289353","targetHints":{"allow":["GET"]}}],"collection":[{"href":"https:\/\/www.huntersfriend.eu\/sv\/wp-json\/wp\/v2\/product"}],"about":[{"href":"https:\/\/www.huntersfriend.eu\/sv\/wp-json\/wp\/v2\/types\/product"}],"replies":[{"embeddable":true,"href":"https:\/\/www.huntersfriend.eu\/sv\/wp-json\/wp\/v2\/comments?post=289353"}],"wp:featuredmedia":[{"embeddable":true,"href":"https:\/\/www.huntersfriend.eu\/sv\/wp-json\/wp\/v2\/media\/31016"}],"wp:attachment":[{"href":"https:\/\/www.huntersfriend.eu\/sv\/wp-json\/wp\/v2\/media?parent=289353"}],"wp:term":[{"taxonomy":"product_brand","embeddable":true,"href":"https:\/\/www.huntersfriend.eu\/sv\/wp-json\/wp\/v2\/product_brand?post=289353"},{"taxonomy":"product_cat","embeddable":true,"href":"https:\/\/www.huntersfriend.eu\/sv\/wp-json\/wp\/v2\/product_cat?post=289353"},{"taxonomy":"product_tag","embeddable":true,"href":"https:\/\/www.huntersfriend.eu\/sv\/wp-json\/wp\/v2\/product_tag?post=289353"}],"curies":[{"name":"wp","href":"https:\/\/api.w.org\/{rel}","templated":true}]}}